{"id":188,"date":"2020-02-07T11:29:03","date_gmt":"2020-02-07T11:29:03","guid":{"rendered":"http:\/\/deltaart.org\/?page_id=188"},"modified":"2021-03-16T10:10:22","modified_gmt":"2021-03-16T10:10:22","slug":"delta-art","status":"publish","type":"page","link":"http:\/\/deltaart.org\/fr\/delta-art","title":{"rendered":"LE PROJECT DELTA ART"},"content":{"rendered":"<div class=\"wpb-content-wrapper\"><p>[vc_row row_type=\u00a0\u00bbrow\u00a0\u00bb use_row_as_full_screen_section=\u00a0\u00bbno\u00a0\u00bb type=\u00a0\u00bbfull_width\u00a0\u00bb text_align=\u00a0\u00bbleft\u00a0\u00bb background_animation=\u00a0\u00bbnone\u00a0\u00bb css_animation=\u00a0\u00bb\u00a0\u00bb][vc_column][vc_column_text]<\/p>\n<h3>LE PROJECT<\/h3>\n<p>[\/vc_column_text][\/vc_column][\/vc_row][vc_row row_type=\u00a0\u00bbrow\u00a0\u00bb use_row_as_full_screen_section=\u00a0\u00bbno\u00a0\u00bb type=\u00a0\u00bbfull_width\u00a0\u00bb text_align=\u00a0\u00bbleft\u00a0\u00bb background_animation=\u00a0\u00bbnone\u00a0\u00bb css_animation=\u00a0\u00bb\u00a0\u00bb][vc_column][vc_column_text]<\/p>\n<div class=\"page\" title=\"Page 3\">\n<div class=\"layoutArea\">\n<div class=\"column\">\n<p><strong><span style=\"font-family: Arial, serif;\"><span lang=\"fr-FR\">Le projet se d\u00e9ploie en trois phases distinctes :<\/span><\/span><\/strong><\/p>\n<ul>\n<li><strong><span style=\"font-family: Arial, serif;\"><span lang=\"fr-FR\">R\u00e9sidence de cr\u00e9ation \u00e0 Minorque<\/span><\/span><\/strong><\/li>\n<li><strong><span style=\"font-family: Arial, serif;\"><span lang=\"fr-FR\">Itin\u00e9rance \u00e0 Catalunya<\/span><\/span><\/strong><\/li>\n<li><strong><span style=\"font-family: Arial, serif;\"><span lang=\"fr-FR\">Itin\u00e9rance \u00e0 Occit\u00e0nia<\/span><\/span><\/strong><\/li>\n<\/ul>\n<p><strong><span style=\"font-family: Arial, serif;\"><span lang=\"fr-FR\">Les itin\u00e9rances sont les expositions des \u0153uvres cr\u00e9\u00e9es par les artistes r\u00e9sidents, accompagn\u00e9es d\u2019activit\u00e9s culturelles et artistiques afin d\u2019enrichir le projet et valoriser une culture transfrontali\u00e8re, qui traverse les Pyr\u00e9n\u00e9es.<\/span><\/span><\/strong><\/p>\n<\/div>\n<\/div>\n<\/div>\n<p>[\/vc_column_text][\/vc_column][\/vc_row][vc_row row_type=\u00a0\u00bbrow\u00a0\u00bb use_row_as_full_screen_section=\u00a0\u00bbno\u00a0\u00bb type=\u00a0\u00bbfull_width\u00a0\u00bb text_align=\u00a0\u00bbleft\u00a0\u00bb background_animation=\u00a0\u00bbnone\u00a0\u00bb css_animation=\u00a0\u00bb\u00a0\u00bb css=\u00a0\u00bb.vc_custom_1581075780702{padding-top: 20px !important;}\u00a0\u00bb][vc_column][vc_column_text css=\u00a0\u00bb.vc_custom_1583143749909{padding-top: 30px !important;}\u00a0\u00bb]<\/p>\n<div class=\"page\" title=\"Page 3\">\n<div class=\"layoutArea\">\n<div class=\"column\">\n<div class=\"page\" title=\"Page 3\">\n<div class=\"layoutArea\">\n<div class=\"column\">\n<h4><a name=\"__DdeLink__246_452359070\"><\/a><span lang=\"fr-FR\">OBJECTIFS<\/span><\/h4>\n<ul>\n<li><a name=\"__DdeLink__258_452359070\"><\/a><span lang=\"fr-FR\">Cr\u00e9er un r\u00e9seau culturel qui relie des territoires d\u00e9connect\u00e9s g\u00e9ographiquement mais proches culturellement, avec l&rsquo;intention de toucher de nouveaux publics, s\u00e9par\u00e9s par la mer ou les montagnes, mais avec le m\u00eame int\u00e9r\u00eat pour la culture<\/span><\/li>\n<li><a name=\"__DdeLink__260_452359070\"><\/a><span lang=\"fr-FR\">Favoriser la circulation des \u0153uvres cr\u00e9es lors de la r\u00e9sidence \u00e0 \u00e0 Minorque, et ainsi cr\u00e9er des liens entre les diff\u00e9rents acteurs et structures de chaque territoire<\/span><a name=\"docs-internal-guid-f3342c4a-7fff-bd67-4e\"><\/a><a name=\"__DdeLink__262_452359070\"><\/a><\/li>\n<li><span lang=\"fr-FR\">Accompagner la recherche artistique des r\u00e9sident(e)s<\/span><\/li>\n<\/ul>\n<\/div>\n<\/div>\n<\/div>\n<\/div>\n<\/div>\n<\/div>\n<p>[\/vc_column_text][vc_column_text css=\u00a0\u00bb.vc_custom_1583143341484{padding-top: 50px !important;}\u00a0\u00bb]<\/p>\n<h4><strong><a name=\"__DdeLink__264_452359070\"><\/a><span lang=\"fr-FR\">R\u00c9SULTATS ATTENDUS<\/span><\/strong><\/h4>\n<ul>\n<li><span lang=\"fr-FR\">Favoriser l\u2019\u00e9mergence de formats innovants et de projets multidisciplinaires<\/span><\/li>\n<li><span lang=\"fr-FR\">Faire circuler l&rsquo;exposition pr\u00e9sent\u00e9e \u00e0 Minorque sur tout le territoire euror\u00e9gional<\/span><\/li>\n<li><span lang=\"fr-FR\">Encourager les synergies entre les artistes participants, une fois qu&rsquo;ils se sont familiaris\u00e9s pendant la r\u00e9sidence artistique.<\/span><\/li>\n<li><span lang=\"fr-FR\">Faciliter les contacts entre structures et artistes, en cr\u00e9ant un r\u00e9seau culturel qui se perp\u00e9tue au-del\u00e0 de l&rsquo;ach\u00e8vement de ce projet.<\/span><\/li>\n<li><span lang=\"fr-FR\">Aborder le territoire euror\u00e9gional \u00e0 travers la culture, que ce soit au niveau social, politique ou institutionnel.<\/span><\/li>\n<\/ul>\n<p>[\/vc_column_text][\/vc_column][\/vc_row]<\/p>\n<\/div>","protected":false},"excerpt":{"rendered":"<p>[vc_row row_type=\u00a0\u00bbrow\u00a0\u00bb use_row_as_full_screen_section=\u00a0\u00bbno\u00a0\u00bb type=\u00a0\u00bbfull_width\u00a0\u00bb text_align=\u00a0\u00bbleft\u00a0\u00bb background_animation=\u00a0\u00bbnone\u00a0\u00bb css_animation=\u00a0\u00bb\u00a0\u00bb][vc_column][vc_column_text] LE PROJECT [\/vc_column_text][\/vc_column][\/vc_row][vc_row row_type=\u00a0\u00bbrow\u00a0\u00bb use_row_as_full_screen_section=\u00a0\u00bbno\u00a0\u00bb type=\u00a0\u00bbfull_width\u00a0\u00bb text_align=\u00a0\u00bbleft\u00a0\u00bb background_animation=\u00a0\u00bbnone\u00a0\u00bb css_animation=\u00a0\u00bb\u00a0\u00bb][vc_column][vc_column_text] Le projet se d\u00e9ploie en trois phases distinctes : R\u00e9sidence de cr\u00e9ation \u00e0 Minorque Itin\u00e9rance \u00e0 Catalunya Itin\u00e9rance \u00e0 Occit\u00e0nia Les itin\u00e9rances sont les expositions des \u0153uvres cr\u00e9\u00e9es par&#8230;<\/p>\n","protected":false},"author":1,"featured_media":0,"parent":0,"menu_order":0,"comment_status":"closed","ping_status":"closed","template":"","meta":{"footnotes":""},"class_list":["post-188","page","type-page","status-publish","hentry"],"_links":{"self":[{"href":"http:\/\/deltaart.org\/fr\/wp-json\/wp\/v2\/pages\/188","targetHints":{"allow":["GET"]}}],"collection":[{"href":"http:\/\/deltaart.org\/fr\/wp-json\/wp\/v2\/pages"}],"about":[{"href":"http:\/\/deltaart.org\/fr\/wp-json\/wp\/v2\/types\/page"}],"author":[{"embeddable":true,"href":"http:\/\/deltaart.org\/fr\/wp-json\/wp\/v2\/users\/1"}],"replies":[{"embeddable":true,"href":"http:\/\/deltaart.org\/fr\/wp-json\/wp\/v2\/comments?post=188"}],"version-history":[{"count":20,"href":"http:\/\/deltaart.org\/fr\/wp-json\/wp\/v2\/pages\/188\/revisions"}],"predecessor-version":[{"id":549,"href":"http:\/\/deltaart.org\/fr\/wp-json\/wp\/v2\/pages\/188\/revisions\/549"}],"wp:attachment":[{"href":"http:\/\/deltaart.org\/fr\/wp-json\/wp\/v2\/media?parent=188"}],"curies":[{"name":"wp","href":"https:\/\/api.w.org\/{rel}","templated":true}]}}