{"id":212,"date":"2020-02-07T12:22:49","date_gmt":"2020-02-07T12:22:49","guid":{"rendered":"http:\/\/deltaart.org\/?page_id=212"},"modified":"2021-04-16T14:51:17","modified_gmt":"2021-04-16T14:51:17","slug":"bases","status":"publish","type":"page","link":"http:\/\/deltaart.org\/fr\/bases","title":{"rendered":"BASES DE L\u2019APPEL (2020)"},"content":{"rendered":"<div class=\"wpb-content-wrapper\"><p>[vc_row row_type=\u00a0\u00bbrow\u00a0\u00bb use_row_as_full_screen_section=\u00a0\u00bbno\u00a0\u00bb type=\u00a0\u00bbfull_width\u00a0\u00bb text_align=\u00a0\u00bbleft\u00a0\u00bb background_animation=\u00a0\u00bbfrom-left\u00a0\u00bb css_animation=\u00a0\u00bb\u00a0\u00bb][vc_column width=\u00a0\u00bb5\/6&Prime;][vc_column_text]<\/p>\n<h3><b>Appel \u00e0 candidature\u00b7\u00a0<\/b><b>R\u00e9sidence d\u2019artistes DELTA 2020\/2021<\/b><\/h3>\n<p>&nbsp;<\/p>\n<div class=\"page\" title=\"Page 1\">\n<div class=\"section\">\n<div class=\"layoutArea\">\n<div class=\"column\">\n<p><span style=\"color: #ff0000;\"><strong>(Minorque \u2013 Aou\u0302t et septembre 2020 )<\/strong><\/span><\/p>\n<\/div>\n<\/div>\n<\/div>\n<\/div>\n<p><b>Date limite de candidature: <\/b><strong><span style=\"color: #ff0000;\">30 Avril 2020<\/span><\/strong><\/p>\n<p><b>Es Far Cultural <\/b><span style=\"font-weight: 400;\">(Minorque), en partenariat avec <\/span><b>Jiser Reflexions Mediterr\u00e0nies<\/b><span style=\"font-weight: 400;\"> (Barcelone) et le <\/span><b>centre d\u2019art Le Lait<\/b><span style=\"font-weight: 400;\"> (Albi), propose cet appel \u00e0 candidature afin de participer au programme de r\u00e9sidence <\/span><b>DELTA 2020<\/b><span style=\"font-weight: 400;\">. DELTA 2020 vise \u00e0 favoriser les \u00e9changes artistiques entre les territoires de l&rsquo;Euror\u00e9gion Pyr\u00e9n\u00e9es-M\u00e9diterran\u00e9e : \u00celes Bal\u00e9ares, Catalogne et Occitanie.<\/span><\/p>\n<p><span style=\"font-weight: 400;\">Le projet pr\u00e9voit la s\u00e9lection, \u00e0 travers un appel \u00e0 candidature ouvert, de six artistes visuels (deux de chaque r\u00e9gion), afin qu\u2019ils\/elles r\u00e9alisent une r\u00e9sidence de deux mois dans espace de r\u00e9sidence g\u00e9r\u00e9 par Es Far Cultural, situ\u00e9 \u00e0 Es Mercadal (Minorque).<\/span><\/p>\n<p><span style=\"font-weight: 400;\">La r\u00e9sidence s\u2019ach\u00e8vera avec une exposition des \u0153uvres r\u00e9alis\u00e9es au Centre d\u2019Art i Cultura Ca n\u2019\u00c1ngel, Es Mercadal, <\/span>au mois de Octobre 2020<\/p>\n<p><span style=\"font-weight: 400;\">. L\u2019exposition sera \u00e9galement pr\u00e9sent\u00e9e \u00e0 Barcelone (novembre 2020) et \u00e0 Albi (mars 2021). Elle sera accompagn\u00e9e d\u2019une programmation culturelle et artistique qui dialoguera avec les \u0153uvres et permettra de cr\u00e9er des liens transfrontaliers, qui traversent les Pyr\u00e9n\u00e9es.\u00a0<\/span><\/p>\n<p><span style=\"font-weight: 400;\">Les artistes b\u00e9n\u00e9ficieront, tout au long de la p\u00e9riode de r\u00e9sidence, de conseils et d\u2019accompagnement concernant leur travail artistique ainsi que sa diffusion. Les trois partenaires du projet DELTA mettront leurs r\u00e9seaux respectifs \u00e0 disposition des r\u00e9sident(e)s.\u00a0<\/span><\/p>\n<p><span style=\"font-weight: 400;\">Le titre du projet, DELTA, \u00e9voque m\u00e9taphoriquement l&rsquo;\u00e9coulement de l&rsquo;eau qui traverse les Pyr\u00e9n\u00e9es, la Catalogne et se jette dans la M\u00e9diterran\u00e9e pour entourer les \u00celes Bal\u00e9ares avec ses s\u00e9diments. Le projet, qui r\u00e9unit les trois r\u00e9gions, se veut un parcours, comme celui de l&rsquo;eau, \u00e0 travers ce delta imaginaire et invers\u00e9. Les productions r\u00e9alis\u00e9es \u00e0 Minorque remonteront le fleuve jusqu&rsquo;en Catalogne, avant de traverser les imposantes montagnes qui s\u00e9parent la Catalogne de l&rsquo;Occitanie.<\/span><\/p>\n<p>&nbsp;<\/p>\n<h4><strong><span style=\"color: #00ffcc;\">1. <\/span><\/strong>Objectifs<\/h4>\n<ul>\n<li><span style=\"font-weight: 400;\">Accompagner la recherche artistique des r\u00e9sident(e)s. Favoriser l\u2019\u00e9mergence de formats innovants et de projets multidisciplinaires.<\/span><\/li>\n<li><span style=\"font-weight: 400;\">Favoriser la coexistence et la connaissance mutuelle des artistes r\u00e9sident(e)s, ainsi que de tous les acteurs impliqu\u00e9s dans le projet.<\/span><\/li>\n<li><span style=\"font-weight: 400;\">Accompagner la formation, selon les besoins de chacun(e), des artistes s\u00e9lectionn\u00e9(e)s, qu\u2019il s\u2019agisse de la diffusion de leur travail ou de l\u2019am\u00e9lioration de la pr\u00e9sentation des projets artistiques.<\/span><\/li>\n<li><span style=\"font-weight: 400;\">Diffuser les \u0153uvres cr\u00e9\u00e9es \u00e0 Minorque dans les lieux des deux autres partenaires, et ainsi construire des liens entre les structures culturelles et les acteurs culturels de chaque territoire.\u00a0<\/span><\/li>\n<li><span style=\"font-weight: 400;\">Plus globalement, cr\u00e9er un r\u00e9seau culturel qui relie des territoires d\u00e9connect\u00e9s g\u00e9ographiquement mais proches culturellement.<\/span><\/li>\n<\/ul>\n<p>&nbsp;<\/p>\n<h4><strong><span style=\"color: #00ffcc;\">2.<\/span><\/strong> Conditions<\/h4>\n<p><span style=\"font-weight: 400;\">L&rsquo;organisation couvrira les frais d&rsquo;h\u00e9bergement et de d\u00e9placement (1 trajet A\/R pour Minorque depuis le domicile de l\u2019artiste), fournira un espace de travail, accompagnera la production des travaux, prendra en charge la communication g\u00e9n\u00e9rale du projet (invitations, transport, dossiers, etc.) et les frais de vernissage.<\/span><\/p>\n<p><span style=\"font-weight: 400;\">Chacun(e) des six artistes s\u00e9lectionn\u00e9(e)s disposera d&rsquo;un budget total de <\/span><b>650 \u20ac TTC <\/b><span style=\"font-weight: 400;\">pour le<\/span><\/p>\n<p><b>soutien \u00e0 la production<\/b><span style=\"font-weight: 400;\"> de ses \u0153uvres, ainsi que d\u2019<\/span><b>honoraires<\/b><span style=\"font-weight: 400;\"> \u00e0 hauteur de<\/span><b> 850 \u20ac TTC.<\/b><\/p>\n<p><span style=\"font-weight: 400;\">Les artistes feront \u00e9galement partie du projet d&rsquo;itin\u00e9rance de l&rsquo;exposition \u00e0 Barcelone (novembre 2020) et Albi (mars 2021) dans le but de d\u00e9couvrir d\u2019autres contextes culturels. Les voyages, l&rsquo;h\u00e9bergement et les per diem seront pris en charge par les organisateurs.<\/span><\/p>\n<p><span style=\"font-weight: 400;\">Toute autre d\u00e9pense sera \u00e0 la charge des artistes.<\/span><\/p>\n<p>&nbsp;<\/p>\n<h4><strong><span style=\"color: #00ffcc;\">3.<\/span><\/strong> Proc\u00e9dure<\/h4>\n<p><span style=\"font-weight: 400;\">Le jury sera compos\u00e9 de trois entit\u00e9s : l\u2019\u00e9quipe de Es FAR, l\u2019\u00e9quipe de Jiser et l\u2019\u00e9quipe du centre d\u2019art Le Lait.<\/span><\/p>\n<p><span style=\"font-weight: 400;\">La date limite de d\u00e9p\u00f4t des dossiers est le <\/span><span style=\"color: #ff0000;\"><b>30 d&rsquo;Avril 2020 \u00e0 minuit<\/b><span style=\"font-weight: 400;\">.<\/span><\/span><\/p>\n<div class=\"page\" title=\"Page 3\">\n<div class=\"section\">\n<div class=\"layoutArea\">\n<div class=\"column\">\n<p><strong><span style=\"color: #ff0000;\">Le 15 Mai 2020<\/span><\/strong>, les candidat(e)s s\u00e9lectionn\u00e9(e)s seront contact\u00e9(e)s par email et leurs noms seront annonc\u00e9s sur le site web et sur les r\u00e9seaux sociaux du programme DELTA et sur les sites web d\u2019Es Far Cultural, de Jiser et du centre d\u2019art Le Lait.<\/p>\n<\/div>\n<\/div>\n<\/div>\n<\/div>\n<p><span style=\"font-weight: 400;\">\u00a0<\/span><\/p>\n<h4><span style=\"color: #00ffcc;\"><strong>4.<\/strong> <\/span>Le dossier de candidature comprend:<\/h4>\n<p><span style=\"font-weight: 400;\">1. Une lettre de motivation o\u00f9 seront pr\u00e9cis\u00e9s les sujets d\u2019int\u00e9r\u00eat et les motivations <\/span>personnelles pour r\u00e9aliser la r\u00e9sidence (max. 1 feuille A4);<\/p>\n<p>2. Un scan recto\/verso d\u2019une pi\u00e8ce d\u2019identit\u00e9, et un document qui fasse foi de r\u00e9sidence dans l\u2019un des trois territoires (\u00celes Bal\u00e9ares, Catalogne ou Occitanie);<\/p>\n<p>3. Une courte biographie et un statement artistique;<\/p>\n<p>4. Un dossier pr\u00e9sentant le parcours artistique, avec la pr\u00e9sentation des 5 derniers projets r\u00e9alis\u00e9s, ainsi que les r\u00e9f\u00e9rences pouvant faciliter la compr\u00e9hension du travail (maximum 1 feuille A4 par projet).<\/p>\n<p><span style=\"font-weight: 400;\">Ces documents, comprenant les coordonn\u00e9es postales, t\u00e9l\u00e9phoniques et mail de l\u2019artiste, seront assembl\u00e9s dans un fichier pdf unique \u00e0 l\u2019intitul\u00e9 suivant : Nom_de_l\u2019artiste_2020.pdf<\/span><\/p>\n<p><span style=\"font-weight: 400;\">Les demandes d&rsquo;information peuvent \u00eatre envoy\u00e9es par courrier \u00e9lectronique \u00e0 l&rsquo;adresse suivante: <\/span><a href=\"mailto:deltaart2021@gmail.com\"><span style=\"font-weight: 400;\">residencia@deltaart.org<\/span><\/a><\/p>\n<p>&nbsp;<\/p>\n<h4><strong><span style=\"color: #00ffcc;\">5.<\/span> <\/strong>\u00c9tapes de la r\u00e9sidence<\/h4>\n<p><b>1. R\u00e9sidence \u00e0 Es Mercadal<br \/>\n<\/b><\/p>\n<p><span style=\"font-weight: 400;\"><strong><span style=\"color: #00ffcc;\">3 Ao\u00fbt &#8211; 30 Septembre 2020<\/span><\/strong><\/span><\/p>\n<p><span style=\"font-weight: 400;\">H\u00e9bergement : Resid\u00e8ncia de creaci\u00f3 art\u00edstica: <\/span><b>Es Far Cultural<\/b><span style=\"font-weight: 400;\">,<\/span> <span style=\"font-weight: 400;\">Es Mercadal<br \/>\n<\/span><span style=\"font-weight: 400;\">de<\/span>\u00a026 septembre au 16 octobre<\/p>\n<p><span style=\"font-weight: 400;\"><br \/>\n<\/span><span style=\"font-weight: 400;\">Exposition : <\/span><b>Centre d\u2019Art i Cultura Ca n\u2019\u00c1ngel<\/b><span style=\"font-weight: 400;\">, Es Mercadal<\/span><\/p>\n<p>&nbsp;<\/p>\n<p><b>2. Itin\u00e9rance \u00e0 Barcelone<br \/>\n<\/b><strong><span style=\"color: #00ffcc;\">Novembre 2020<br \/>\n<\/span><\/strong><span style=\"font-weight: 400;\">Exposition : <\/span><b>Centre C\u00edvic Ateneu Fort Pienc<\/b><span style=\"font-weight: 400;\">, Barcelone<\/span><\/p>\n<p>&nbsp;<\/p>\n<p><b>3. Itin\u00e9rance \u00e0 Albi (France)<br \/>\n<\/b><strong><span style=\"color: #00ffcc;\">Mars 2021<br \/>\n<\/span><\/strong><span style=\"font-weight: 400;\">Exposition : <\/span><b>centre d\u2019art Le Lait<\/b><span style=\"font-weight: 400;\">. H\u00f4tel Rochegude, 28 rue Rochegude, Albi<\/span><\/p>\n<p>&nbsp;<\/p>\n<h4><strong><span style=\"color: #00ffcc;\">6.<\/span> <\/strong>Acceptation des conditions de la r\u00e9sidence<\/h4>\n<p><span style=\"font-weight: 400;\">La participation \u00e0 cet appel \u00e0 candidature implique l&rsquo;acceptation totale de ses conditions, ainsi que des \u00e9ventuels changements pouvant d\u00e9couler de facteurs externes \u00e0 l&rsquo;organisation.\u00a0<\/span><\/p>\n<p><span style=\"font-weight: 400;\">Un contrat sera \u00e9tabli avec l\u2019artiste.\u00a0<\/span><\/p>\n<p><span style=\"font-weight: 400;\">L&rsquo;artiste c\u00e8de \u00e0 l&rsquo;organisation le droit d\u2019utiliser son image personnelle et de repr\u00e9senter les \u0153uvres cr\u00e9\u00e9es ou en cours de cr\u00e9ation dans le but de communiquer sur le projet.<\/span><\/p>\n<p><span style=\"font-weight: 400;\">En outre, l\u2019artiste s&rsquo;engage \u00e0 c\u00e9der le droit d&rsquo;exposer les \u0153uvres pendant la p\u00e9riode d&rsquo;itin\u00e9rance de l&rsquo;exposition collective.\u00a0<\/span><\/p>\n<p>&nbsp;<\/p>\n<h4><strong><span style=\"color: #00ffcc;\">7.<\/span> <\/strong>Liens utiles<\/h4>\n<p><span style=\"font-weight: 400;\">\u00a0<\/span><b>Sites web des partenaires :<\/b><\/p>\n<p><span style=\"font-weight: 400;\">Projet DELTA<\/span><\/p>\n<p><a href=\"http:\/\/www.deltaart.org\/\"><span style=\"font-weight: 400;\">www.deltaart.org<\/span><\/a><\/p>\n<p><span style=\"font-weight: 400;\">Es Far Cultural <\/span><\/p>\n<p><a href=\"http:\/\/www.esfarcultural.com\/\"><span style=\"font-weight: 400;\">www.esfarcultural.com<\/span><\/a><\/p>\n<p><span style=\"font-weight: 400;\">Jiser<\/span><\/p>\n<p><a href=\"http:\/\/www.jiser.org\/\"><span style=\"font-weight: 400;\">www.jiser.org<\/span><\/a><\/p>\n<p><span style=\"font-weight: 400;\">Centre d\u2019art le Lait<\/span><\/p>\n<p><a href=\"http:\/\/www.centredartlelait.com\/\"><span style=\"font-weight: 400;\">www.centredartlelait.com<\/span><\/a><\/p>\n<p>&nbsp;<\/p>\n<p><a href=\"http:\/\/deltaart.org\/wp-content\/uploads\/2020\/03\/Bases-FR-\u00b7-Resid\u00e8ncia-d\u2019art-DELTA-1.pdf\">Bases FR \u00b7 Resid\u00e8ncia d\u2019art DELTA \u00b7 PDF<\/a>[\/vc_column_text][\/vc_column][vc_column css_animation=\u00a0\u00bbright-to-left\u00a0\u00bb width=\u00a0\u00bb1\/6&Prime; css=\u00a0\u00bb.vc_custom_1583404809598{border-radius: 20px !important;}\u00a0\u00bb]<div class=\"q_icon_list\"><i class=\"fa fa-download normal_icon_list  \" style=\"color:#00ffcc;\"><\/i><p class=\"normal_icon_list \" style=\"color:#000000;\"><\/p><\/div>[vc_column_text]<\/p>\n<h3><span style=\"color: #000000;\"><a style=\"color: #000000;\" href=\"http:\/\/deltaart.org\/wp-content\/uploads\/2020\/03\/Bases-FR-\u00b7-Reside\u0300ncia-d\u2019art-DELTA-2.pdf\">T\u00c9L\u00c9CHARGEMENT PDF<\/a><\/span><\/h3>\n<h3><\/h3>\n<p>[\/vc_column_text][\/vc_column][\/vc_row][vc_row row_type=\u00a0\u00bbrow\u00a0\u00bb use_row_as_full_screen_section=\u00a0\u00bbno\u00a0\u00bb type=\u00a0\u00bbfull_width\u00a0\u00bb text_align=\u00a0\u00bbleft\u00a0\u00bb background_animation=\u00a0\u00bbnone\u00a0\u00bb css_animation=\u00a0\u00bb\u00a0\u00bb][vc_column][vc_empty_space][vc_column_text]<\/p>\n<p style=\"text-align: center;\">Amb el suport<\/p>\n<p><img loading=\"lazy\" decoding=\"async\" class=\"alignnone wp-image-582 aligncenter\" src=\"http:\/\/deltaart.org\/wp-content\/uploads\/2021\/03\/Cultura_Educacio_Joventut_Esports.png\" alt=\"\" width=\"193\" height=\"62\" srcset=\"http:\/\/deltaart.org\/wp-content\/uploads\/2021\/03\/Cultura_Educacio_Joventut_Esports.png 2000w, http:\/\/deltaart.org\/wp-content\/uploads\/2021\/03\/Cultura_Educacio_Joventut_Esports-300x96.png 300w, http:\/\/deltaart.org\/wp-content\/uploads\/2021\/03\/Cultura_Educacio_Joventut_Esports-1024x329.png 1024w, http:\/\/deltaart.org\/wp-content\/uploads\/2021\/03\/Cultura_Educacio_Joventut_Esports-768x247.png 768w, http:\/\/deltaart.org\/wp-content\/uploads\/2021\/03\/Cultura_Educacio_Joventut_Esports-1536x494.png 1536w, http:\/\/deltaart.org\/wp-content\/uploads\/2021\/03\/Cultura_Educacio_Joventut_Esports-700x225.png 700w, http:\/\/deltaart.org\/wp-content\/uploads\/2021\/03\/Cultura_Educacio_Joventut_Esports-1100x354.png 1100w, http:\/\/deltaart.org\/wp-content\/uploads\/2021\/03\/Cultura_Educacio_Joventut_Esports-600x193.png 600w\" sizes=\"auto, (max-width: 193px) 100vw, 193px\" \/><img loading=\"lazy\" decoding=\"async\" class=\"wp-image-412 aligncenter\" src=\"http:\/\/deltaart.org\/wp-content\/uploads\/2020\/09\/logo-ajalaior.png\" alt=\"\" width=\"145\" height=\"87\" \/><\/p>\n<p><img loading=\"lazy\" decoding=\"async\" class=\" wp-image-361 aligncenter\" src=\"http:\/\/deltaart.org\/wp-content\/uploads\/2020\/07\/logo_irl_cat_color.png\" alt=\"\" width=\"190\" height=\"59\" \/><img loading=\"lazy\" decoding=\"async\" class=\"wp-image-589 aligncenter\" src=\"http:\/\/deltaart.org\/wp-content\/uploads\/2021\/03\/FUNDACIOe\u030c-BALEARIA-scaled.jpg\" alt=\"\" width=\"183\" height=\"130\" srcset=\"http:\/\/deltaart.org\/wp-content\/uploads\/2021\/03\/FUNDACIOe\u030c-BALEARIA-scaled.jpg 2560w, http:\/\/deltaart.org\/wp-content\/uploads\/2021\/03\/FUNDACIOe\u030c-BALEARIA-300x212.jpg 300w, http:\/\/deltaart.org\/wp-content\/uploads\/2021\/03\/FUNDACIOe\u030c-BALEARIA-1024x724.jpg 1024w, http:\/\/deltaart.org\/wp-content\/uploads\/2021\/03\/FUNDACIOe\u030c-BALEARIA-768x543.jpg 768w, http:\/\/deltaart.org\/wp-content\/uploads\/2021\/03\/FUNDACIOe\u030c-BALEARIA-1536x1086.jpg 1536w, http:\/\/deltaart.org\/wp-content\/uploads\/2021\/03\/FUNDACIOe\u030c-BALEARIA-2048x1448.jpg 2048w, http:\/\/deltaart.org\/wp-content\/uploads\/2021\/03\/FUNDACIOe\u030c-BALEARIA-700x495.jpg 700w, http:\/\/deltaart.org\/wp-content\/uploads\/2021\/03\/FUNDACIOe\u030c-BALEARIA-1100x778.jpg 1100w, http:\/\/deltaart.org\/wp-content\/uploads\/2021\/03\/FUNDACIOe\u030c-BALEARIA-600x424.jpg 600w\" sizes=\"auto, (max-width: 183px) 100vw, 183px\" \/>[\/vc_column_text][\/vc_column][\/vc_row]<\/p>\n<\/div>","protected":false},"excerpt":{"rendered":"<p>[vc_row row_type=\u00a0\u00bbrow\u00a0\u00bb use_row_as_full_screen_section=\u00a0\u00bbno\u00a0\u00bb type=\u00a0\u00bbfull_width\u00a0\u00bb text_align=\u00a0\u00bbleft\u00a0\u00bb background_animation=\u00a0\u00bbfrom-left\u00a0\u00bb css_animation=\u00a0\u00bb\u00a0\u00bb][vc_column width=\u00a0\u00bb5\/6&Prime;][vc_column_text] Appel \u00e0 candidature\u00b7\u00a0R\u00e9sidence d\u2019artistes DELTA 2020\/2021 &nbsp; (Minorque \u2013 Aou\u0302t et septembre 2020 ) Date limite de candidature: 30 Avril 2020 Es Far Cultural (Minorque), en partenariat avec Jiser Reflexions Mediterr\u00e0nies (Barcelone) et le centre d\u2019art Le&#8230;<\/p>\n","protected":false},"author":1,"featured_media":0,"parent":0,"menu_order":0,"comment_status":"closed","ping_status":"closed","template":"","meta":{"footnotes":""},"class_list":["post-212","page","type-page","status-publish","hentry"],"_links":{"self":[{"href":"http:\/\/deltaart.org\/fr\/wp-json\/wp\/v2\/pages\/212","targetHints":{"allow":["GET"]}}],"collection":[{"href":"http:\/\/deltaart.org\/fr\/wp-json\/wp\/v2\/pages"}],"about":[{"href":"http:\/\/deltaart.org\/fr\/wp-json\/wp\/v2\/types\/page"}],"author":[{"embeddable":true,"href":"http:\/\/deltaart.org\/fr\/wp-json\/wp\/v2\/users\/1"}],"replies":[{"embeddable":true,"href":"http:\/\/deltaart.org\/fr\/wp-json\/wp\/v2\/comments?post=212"}],"version-history":[{"count":48,"href":"http:\/\/deltaart.org\/fr\/wp-json\/wp\/v2\/pages\/212\/revisions"}],"predecessor-version":[{"id":650,"href":"http:\/\/deltaart.org\/fr\/wp-json\/wp\/v2\/pages\/212\/revisions\/650"}],"wp:attachment":[{"href":"http:\/\/deltaart.org\/fr\/wp-json\/wp\/v2\/media?parent=212"}],"curies":[{"name":"wp","href":"https:\/\/api.w.org\/{rel}","templated":true}]}}