{"id":415,"date":"2020-11-19T09:47:23","date_gmt":"2020-11-19T09:47:23","guid":{"rendered":"http:\/\/deltaart.org\/fr\/?page_id=415"},"modified":"2021-06-01T12:32:34","modified_gmt":"2021-06-01T12:32:34","slug":"catalunya","status":"publish","type":"page","link":"http:\/\/deltaart.org\/fr\/catalunya","title":{"rendered":"CATALUNYA"},"content":{"rendered":"<div class=\"wpb-content-wrapper\"><p>[vc_row row_type=\u00a0\u00bbrow\u00a0\u00bb use_row_as_full_screen_section=\u00a0\u00bbno\u00a0\u00bb type=\u00a0\u00bbfull_width\u00a0\u00bb text_align=\u00a0\u00bbleft\u00a0\u00bb background_animation=\u00a0\u00bbnone\u00a0\u00bb css_animation=\u00a0\u00bb\u00a0\u00bb][vc_column][vc_column_text]<\/p>\n<h1 style=\"text-align: center;\">Itin\u00e9rance \u00e0 Barcelone<\/h1>\n<h2><\/h2>\n<p>[\/vc_column_text][vc_empty_space][\/vc_column][\/vc_row][vc_row row_type=\u00a0\u00bbrow\u00a0\u00bb use_row_as_full_screen_section=\u00a0\u00bbno\u00a0\u00bb type=\u00a0\u00bbfull_width\u00a0\u00bb text_align=\u00a0\u00bbleft\u00a0\u00bb background_animation=\u00a0\u00bbnone\u00a0\u00bb css_animation=\u00a0\u00bb\u00a0\u00bb][vc_column width=\u00a0\u00bb1\/2&Prime;][vc_column_text]<\/p>\n<h3 style=\"text-align: center;\"><strong>Esposition<\/strong><\/h3>\n<h3 style=\"text-align: center;\"><strong>5\u00b706\u00b721 &#8211; 22\u00b706\u00b721<\/strong><\/h3>\n<p>[\/vc_column_text][vc_empty_space][\/vc_column][vc_column width=\u00a0\u00bb1\/2&Prime;][vc_column_text]<\/p>\n<h3 style=\"text-align: center;\"><strong>Online<\/strong><\/h3>\n<h3 style=\"text-align: center;\"><strong>27\u00b711\u00b72020<\/strong><\/h3>\n<p>[\/vc_column_text][vc_empty_space][\/vc_column][\/vc_row][vc_row row_type=\u00a0\u00bbrow\u00a0\u00bb use_row_as_full_screen_section=\u00a0\u00bbno\u00a0\u00bb type=\u00a0\u00bbfull_width\u00a0\u00bb text_align=\u00a0\u00bbleft\u00a0\u00bb background_animation=\u00a0\u00bbnone\u00a0\u00bb css_animation=\u00a0\u00bb\u00a0\u00bb][vc_column width=\u00a0\u00bb1\/2&Prime;][vc_column_text]<\/p>\n<p style=\"text-align: center;\"><img loading=\"lazy\" decoding=\"async\" class=\"alignnone size-full wp-image-715\" src=\"http:\/\/deltaart.org\/wp-content\/uploads\/2021\/05\/Mesa-de-trabajo-1.png\" alt=\"\" width=\"842\" height=\"1191\" srcset=\"http:\/\/deltaart.org\/wp-content\/uploads\/2021\/05\/Mesa-de-trabajo-1.png 842w, http:\/\/deltaart.org\/wp-content\/uploads\/2021\/05\/Mesa-de-trabajo-1-212x300.png 212w, http:\/\/deltaart.org\/wp-content\/uploads\/2021\/05\/Mesa-de-trabajo-1-724x1024.png 724w, http:\/\/deltaart.org\/wp-content\/uploads\/2021\/05\/Mesa-de-trabajo-1-768x1086.png 768w, http:\/\/deltaart.org\/wp-content\/uploads\/2021\/05\/Mesa-de-trabajo-1-700x990.png 700w, http:\/\/deltaart.org\/wp-content\/uploads\/2021\/05\/Mesa-de-trabajo-1-600x849.png 600w\" sizes=\"auto, (max-width: 842px) 100vw, 842px\" \/><\/p>\n<p>[\/vc_column_text][vc_empty_space]<a href=\"https:\/\/guinardo.inscripcionscc.com\/MiramModular\/buscador\/buscador.jsp?g=1&c=37&a=2144\" target=\"_self\"  class=\"qbutton \" style=\"\">R\u00c9SERVATION<\/a>[\/vc_column][vc_column width=\u00a0\u00bb1\/2&Prime;][vc_column_text]<\/p>\n<section class=\"big-text xl_p\">En raison des mesures et restrictions actuelles \u00e0 Barcelone, nous ne serons pas en mesure d\u2019exposer les \u0153uvres r\u00e9alis\u00e9es par les artistes durant leur p\u00e9riode de r\u00e9sidence \u00e0 Minorque. Cependant, \u00e0 partir de Jiser, nous proposons un espace de rencontre virtuel, afin d\u2019interagir entre des acteurs ext\u00e9rieurs au projet, issus de diff\u00e9rents endroits de la M\u00e9diterran\u00e9e, en plus des organisateurs des trois villes de r\u00e9sidence et des artistes r\u00e9sidents.Nous avons remarqu\u00e9, \u00e0 partir des \u0153uvres produites pendant cet \u00e9t\u00e9 inhabituel \u00e0 Minorque, que les artistes participants \u00e0 la r\u00e9sidence ont pos\u00e9 un regard particulier sur la crise \u00e9conomique et du capitalisme que nous vivons aujourd\u2019hui, avec le besoin de revenir \u00e0 la production d\u2019objets (ou non-objets) pour poursuivre leurs r\u00e9flexions personnelles.En plus du processus d\u2019exp\u00e9rience de r\u00e9sidence artistique des artistes et de leurs \u0153uvres, nous voulons avec ce projet cr\u00e9er des espaces de dialogue et permettre une circulation de ces pratiques artistiques au-del\u00e0 des fronti\u00e8res de l\u2019Europe ou d\u2019Afrique du Nord, avec les diff\u00e9rents acteurs impliqu\u00e9s.Enfin, nous aimerions faire un premier bilan d\u2019\u00e9tape sur ce projet de r\u00e9sidence DELTA, en proposant une pr\u00e9sentation de la part de toutes les personnes impliqu\u00e9es, en parall\u00e8le des artistes : Es Far Cultural, en collaboration avec Jiser Reflexions Mediterr\u00e0nies et le centre d\u2019art Le Lait.Les personnalit\u00e9s invit\u00e9es seront Montse Badia (A*Desk, Barcelone), Nora Daoud et Souka\u00efna Sentissi (Azimut, S\u00e9ville \u00b7 Marseille), Mohamed Ben Soltane (Jiser, Tunis) et les artistes r\u00e9sidents : Marta Grimalt, Marina Ribot Pallicer, C\u00e9lie Fali\u00e8res, Darla Murphy, Juan David Galindo et Roc Domingo.DELTA Art est un projet qui re\u00e7oit le soutien de l\u2019Euror\u00e9gion Pyr\u00e9n\u00e9es-M\u00e9diterran\u00e9e, de l\u2019Institut Ramon Llull, du Consell Insular de Menorca et de la Mairie d\u2019Alaior.<\/section>\n<section><\/section>\n<section class=\"small-text small\"><span style=\"color: #00ffbf;\"><strong>27 novembre 2020, 18h<\/strong><\/span><\/section>\n<section class=\"small-text small\"><strong>Pr\u00e9sentation en ligne du projet DELTA avec la pr\u00e9sence des artistes.<\/strong><br \/>\nS\u00e9ance ouverte en streaming avec inscription: www.deltaart.org<br \/>\nDur\u00e9e: 2h<\/section>\n<p>[\/vc_column_text][vc_empty_space][vc_column_text]<\/p>\n<p style=\"text-align: center;\"><span style=\"color: #000000;\"><strong>RENCONTRE AVEC DES AGENTS CULTURELS<\/strong><\/span><\/p>\n<p>[\/vc_column_text][vc_video link=\u00a0\u00bbhttps:\/\/www.youtube.com\/watch?v=BviZSlwyIhI\u00a0\u00bb][vc_empty_space][vc_column_text]<\/p>\n<p style=\"text-align: center;\"><span style=\"color: #000000;\"><strong>PR\u00c9SENTATION DES PROJETS<\/strong><\/span><\/p>\n<p>[\/vc_column_text][vc_video link=\u00a0\u00bbhttps:\/\/www.youtube.com\/watch?v=z0kzPye-IV0&Prime;][\/vc_column][\/vc_row][vc_row row_type=\u00a0\u00bbrow\u00a0\u00bb use_row_as_full_screen_section=\u00a0\u00bbno\u00a0\u00bb type=\u00a0\u00bbfull_width\u00a0\u00bb text_align=\u00a0\u00bbleft\u00a0\u00bb background_animation=\u00a0\u00bbnone\u00a0\u00bb css_animation=\u00a0\u00bb\u00a0\u00bb][vc_column][vc_empty_space][vc_column_text]<\/p>\n<p style=\"text-align: center;\">Amb el suport<\/p>\n<p><img loading=\"lazy\" decoding=\"async\" class=\"alignnone wp-image-582 aligncenter\" src=\"http:\/\/deltaart.org\/wp-content\/uploads\/2021\/03\/Cultura_Educacio_Joventut_Esports.png\" alt=\"\" width=\"193\" height=\"62\" srcset=\"http:\/\/deltaart.org\/wp-content\/uploads\/2021\/03\/Cultura_Educacio_Joventut_Esports.png 2000w, http:\/\/deltaart.org\/wp-content\/uploads\/2021\/03\/Cultura_Educacio_Joventut_Esports-300x96.png 300w, http:\/\/deltaart.org\/wp-content\/uploads\/2021\/03\/Cultura_Educacio_Joventut_Esports-1024x329.png 1024w, http:\/\/deltaart.org\/wp-content\/uploads\/2021\/03\/Cultura_Educacio_Joventut_Esports-768x247.png 768w, http:\/\/deltaart.org\/wp-content\/uploads\/2021\/03\/Cultura_Educacio_Joventut_Esports-1536x494.png 1536w, http:\/\/deltaart.org\/wp-content\/uploads\/2021\/03\/Cultura_Educacio_Joventut_Esports-700x225.png 700w, http:\/\/deltaart.org\/wp-content\/uploads\/2021\/03\/Cultura_Educacio_Joventut_Esports-1100x354.png 1100w, http:\/\/deltaart.org\/wp-content\/uploads\/2021\/03\/Cultura_Educacio_Joventut_Esports-600x193.png 600w\" sizes=\"auto, (max-width: 193px) 100vw, 193px\" \/><img loading=\"lazy\" decoding=\"async\" class=\"wp-image-412 aligncenter\" src=\"http:\/\/deltaart.org\/wp-content\/uploads\/2020\/09\/logo-ajalaior.png\" alt=\"\" width=\"145\" height=\"87\" \/><\/p>\n<p><img loading=\"lazy\" decoding=\"async\" class=\" wp-image-361 aligncenter\" src=\"http:\/\/deltaart.org\/wp-content\/uploads\/2020\/07\/logo_irl_cat_color.png\" alt=\"\" width=\"190\" height=\"59\" \/><img loading=\"lazy\" decoding=\"async\" class=\"wp-image-589 aligncenter\" src=\"http:\/\/deltaart.org\/wp-content\/uploads\/2021\/03\/FUNDACIOe\u030c-BALEARIA-scaled.jpg\" alt=\"\" width=\"183\" height=\"130\" srcset=\"http:\/\/deltaart.org\/wp-content\/uploads\/2021\/03\/FUNDACIOe\u030c-BALEARIA-scaled.jpg 2560w, http:\/\/deltaart.org\/wp-content\/uploads\/2021\/03\/FUNDACIOe\u030c-BALEARIA-300x212.jpg 300w, http:\/\/deltaart.org\/wp-content\/uploads\/2021\/03\/FUNDACIOe\u030c-BALEARIA-1024x724.jpg 1024w, http:\/\/deltaart.org\/wp-content\/uploads\/2021\/03\/FUNDACIOe\u030c-BALEARIA-768x543.jpg 768w, http:\/\/deltaart.org\/wp-content\/uploads\/2021\/03\/FUNDACIOe\u030c-BALEARIA-1536x1086.jpg 1536w, http:\/\/deltaart.org\/wp-content\/uploads\/2021\/03\/FUNDACIOe\u030c-BALEARIA-2048x1448.jpg 2048w, http:\/\/deltaart.org\/wp-content\/uploads\/2021\/03\/FUNDACIOe\u030c-BALEARIA-700x495.jpg 700w, http:\/\/deltaart.org\/wp-content\/uploads\/2021\/03\/FUNDACIOe\u030c-BALEARIA-1100x778.jpg 1100w, http:\/\/deltaart.org\/wp-content\/uploads\/2021\/03\/FUNDACIOe\u030c-BALEARIA-600x424.jpg 600w\" sizes=\"auto, (max-width: 183px) 100vw, 183px\" \/>[\/vc_column_text][vc_separator type=\u00a0\u00bbnormal\u00a0\u00bb border_style=\u00a0\u00bb\u00a0\u00bb color=\u00a0\u00bb#000000&Prime;][\/vc_column][\/vc_row]<\/p>\n<\/div>","protected":false},"excerpt":{"rendered":"<p>[vc_row row_type=\u00a0\u00bbrow\u00a0\u00bb use_row_as_full_screen_section=\u00a0\u00bbno\u00a0\u00bb type=\u00a0\u00bbfull_width\u00a0\u00bb text_align=\u00a0\u00bbleft\u00a0\u00bb background_animation=\u00a0\u00bbnone\u00a0\u00bb css_animation=\u00a0\u00bb\u00a0\u00bb][vc_column][vc_column_text] Itin\u00e9rance \u00e0 Barcelone [\/vc_column_text][vc_empty_space][\/vc_column][\/vc_row][vc_row row_type=\u00a0\u00bbrow\u00a0\u00bb use_row_as_full_screen_section=\u00a0\u00bbno\u00a0\u00bb type=\u00a0\u00bbfull_width\u00a0\u00bb text_align=\u00a0\u00bbleft\u00a0\u00bb background_animation=\u00a0\u00bbnone\u00a0\u00bb css_animation=\u00a0\u00bb\u00a0\u00bb][vc_column width=\u00a0\u00bb1\/2&Prime;][vc_column_text] Esposition 5\u00b706\u00b721 &#8211; 22\u00b706\u00b721 [\/vc_column_text][vc_empty_space][\/vc_column][vc_column width=\u00a0\u00bb1\/2&Prime;][vc_column_text] Online 27\u00b711\u00b72020 [\/vc_column_text][vc_empty_space][\/vc_column][\/vc_row][vc_row row_type=\u00a0\u00bbrow\u00a0\u00bb use_row_as_full_screen_section=\u00a0\u00bbno\u00a0\u00bb type=\u00a0\u00bbfull_width\u00a0\u00bb text_align=\u00a0\u00bbleft\u00a0\u00bb background_animation=\u00a0\u00bbnone\u00a0\u00bb css_animation=\u00a0\u00bb\u00a0\u00bb][vc_column width=\u00a0\u00bb1\/2&Prime;][vc_column_text] [\/vc_column_text][vc_empty_space][\/vc_column][vc_column width=\u00a0\u00bb1\/2&Prime;][vc_column_text] En raison des mesures et restrictions actuelles \u00e0 Barcelone,&#8230;<\/p>\n","protected":false},"author":1,"featured_media":0,"parent":0,"menu_order":0,"comment_status":"closed","ping_status":"closed","template":"","meta":{"footnotes":""},"class_list":["post-415","page","type-page","status-publish","hentry"],"_links":{"self":[{"href":"http:\/\/deltaart.org\/fr\/wp-json\/wp\/v2\/pages\/415","targetHints":{"allow":["GET"]}}],"collection":[{"href":"http:\/\/deltaart.org\/fr\/wp-json\/wp\/v2\/pages"}],"about":[{"href":"http:\/\/deltaart.org\/fr\/wp-json\/wp\/v2\/types\/page"}],"author":[{"embeddable":true,"href":"http:\/\/deltaart.org\/fr\/wp-json\/wp\/v2\/users\/1"}],"replies":[{"embeddable":true,"href":"http:\/\/deltaart.org\/fr\/wp-json\/wp\/v2\/comments?post=415"}],"version-history":[{"count":40,"href":"http:\/\/deltaart.org\/fr\/wp-json\/wp\/v2\/pages\/415\/revisions"}],"predecessor-version":[{"id":471,"href":"http:\/\/deltaart.org\/fr\/wp-json\/wp\/v2\/pages\/415\/revisions\/471"}],"wp:attachment":[{"href":"http:\/\/deltaart.org\/fr\/wp-json\/wp\/v2\/media?parent=415"}],"curies":[{"name":"wp","href":"https:\/\/api.w.org\/{rel}","templated":true}]}}