{"id":420,"date":"2020-11-19T10:18:45","date_gmt":"2020-11-19T10:18:45","guid":{"rendered":"http:\/\/deltaart.org\/?page_id=420"},"modified":"2021-04-16T15:21:50","modified_gmt":"2021-04-16T15:21:50","slug":"occitania","status":"publish","type":"page","link":"http:\/\/deltaart.org\/fr\/occitania","title":{"rendered":"OCCITANIE"},"content":{"rendered":"<div class=\"wpb-content-wrapper\"><p>[vc_row row_type=\u00a0\u00bbrow\u00a0\u00bb use_row_as_full_screen_section=\u00a0\u00bbno\u00a0\u00bb type=\u00a0\u00bbfull_width\u00a0\u00bb text_align=\u00a0\u00bbleft\u00a0\u00bb background_animation=\u00a0\u00bbnone\u00a0\u00bb css_animation=\u00a0\u00bb\u00a0\u00bb][vc_column][vc_column_text]<\/p>\n<h1>ITIN\u00c9RANCE OCCITANIE<\/h1>\n<p>[\/vc_column_text][\/vc_column][\/vc_row][vc_row row_type=\u00a0\u00bbrow\u00a0\u00bb use_row_as_full_screen_section=\u00a0\u00bbno\u00a0\u00bb type=\u00a0\u00bbfull_width\u00a0\u00bb text_align=\u00a0\u00bbleft\u00a0\u00bb background_animation=\u00a0\u00bbnone\u00a0\u00bb css_animation=\u00a0\u00bb\u00a0\u00bb][vc_column width=\u00a0\u00bb2\/3&Prime;][vc_single_image image=\u00a0\u00bb626&Prime; img_size=\u00a0\u00bbfull\u00a0\u00bb qode_css_animation=\u00a0\u00bb\u00a0\u00bb][\/vc_column][vc_column width=\u00a0\u00bb1\/3&Prime;][vc_column_text]<\/p>\n<div class=\"soustitre\">Exposition du 9 avril au 31 ao\u00fbt 2021<\/div>\n<div><\/div>\n<div class=\"chapo\">Le projet de r\u00e9si\u00addence d\u2019artis\u00adtes DELTA vise \u00e0 favo\u00adri\u00adser les \u00e9changes artis\u00adti\u00adques entre les ter\u00adri\u00adtoi\u00adres de l\u2019Euror\u00e9gion Pyr\u00e9n\u00e9es-M\u00e9diterran\u00e9e : \u00celes Bal\u00e9ares, Catalogne et Occitanie. Le titre du projet, DELTA, \u00e9voque m\u00e9ta\u00adpho\u00adri\u00adque\u00adment l\u2019\u00e9coulement de l\u2019eau qui tra\u00adverse les Pyr\u00e9n\u00e9es, la Catalogne et se jette ensuite dans la M\u00e9diterran\u00e9e pour entou\u00adrer les \u00celes Bal\u00e9ares avec ses s\u00e9di\u00adments.<\/div>\n<div class=\"texte\">\n<div>La r\u00e9si\u00addence de cr\u00e9a\u00adtion coor\u00addon\u00adn\u00e9e par Es FAR Cultural (Minorque), en col\u00adla\u00adbo\u00adra\u00adtion avec Jiser Reflexions Mediterr\u00e0nies (Barcelone) et le centre d\u2019art Le Lait (Albi), s\u2019est d\u00e9rou\u00adl\u00e9e \u00e0 Minorque durant les mois d\u2019ao\u00fbt et sep\u00adtem\u00adbre 2020 avec six artis\u00adtes ori\u00adgi\u00adnai\u00adres des trois ter\u00adri\u00adtoi\u00adres euro\u00adr\u00e9\u00adgio\u00adnaux.<br class=\"autobr\" \/>Minorque a tou\u00adjours \u00e9t\u00e9 un lieu de pas\u00adsage dans lequel les cultu\u00adres se sont croi\u00ads\u00e9es. L\u2019expo\u00adsi\u00adtion DELTA rend compte des pro\u00adces\u00adsus de recher\u00adche d\u00e9ve\u00adlop\u00adp\u00e9s par les artis\u00adtes, qui ont m\u00eal\u00e9 leur r\u00e9a\u00adlit\u00e9 cultu\u00adrelle d\u2019ori\u00adgine et celle de l\u2019\u00eele de Minorque, \u00e9picentre de leur d\u00e9mar\u00adche. Les dif\u00adf\u00e9\u00adrents pro\u00adjets convo\u00adquent la culture, le ter\u00adri\u00adtoire et l\u2019ima\u00adgi\u00adnaire col\u00adlec\u00adtif pour \u00e9voquer des pr\u00e9oc\u00adcu\u00adpa\u00adtions et enjeux contem\u00adpo\u00adrains tels que la trans\u00admis\u00adsion des savoirs tra\u00addi\u00adtion\u00adnels, la dura\u00adbi\u00adlit\u00e9 des res\u00adsour\u00adces natu\u00adrel\u00adles ou la confi\u00adgu\u00adra\u00adtion des iden\u00adti\u00adt\u00e9s indi\u00advi\u00adduel\u00adles et col\u00adlec\u00adti\u00adves.<br class=\"autobr\" \/>\u00c0 contre-cou\u00adrant du flux natu\u00adrel de l\u2019eau, les pro\u00adduc\u00adtions des artis\u00adtes en r\u00e9si\u00addence ont d\u2019abord \u00e9t\u00e9 expo\u00ads\u00e9es \u00e0 Minorque, au Centre Culturel de San Diego (Alaior), et ont ensuite remont\u00e9 le fleuve jusqu\u2019en Catalogne, pour une pr\u00e9\u00adsen\u00adta\u00adtion en ligne coor\u00addon\u00adn\u00e9e par Jiser et une expo\u00adsi\u00adtion au Centre C\u00edvic Guinard\u00f3 du 5 au 22 juin 2021. Initialement pr\u00e9vue en mars 2021 \u00e0 Albi, l\u2019expo\u00adsi\u00adtion prend fina\u00adle\u00adment place sur l\u2019espace num\u00e9\u00adri\u00adque \u00ab Playlist \u00bb fra\u00ee\u00adche\u00adment cr\u00e9\u00e9 par le centre d\u2019art Le Lait, avec le sou\u00adtien de la R\u00e9gion Occitanie Pyr\u00e9n\u00e9es M\u00e9diterran\u00e9e.<\/div>\n<\/div>\n<p>[\/vc_column_text]<a href=\"https:\/\/playlist.centredartlelait.com\/\" target=\"_self\"  class=\"qbutton \" style=\"\">EXPOSICI\u00d3 EN L\u00cdNIA<\/a>[\/vc_column][\/vc_row][vc_row row_type=\u00a0\u00bbrow\u00a0\u00bb use_row_as_full_screen_section=\u00a0\u00bbno\u00a0\u00bb type=\u00a0\u00bbfull_width\u00a0\u00bb text_align=\u00a0\u00bbleft\u00a0\u00bb background_animation=\u00a0\u00bbnone\u00a0\u00bb css_animation=\u00a0\u00bb\u00a0\u00bb][vc_column][vc_empty_space][vc_column_text]<\/p>\n<p style=\"text-align: center;\">Amb el suport<\/p>\n<p><img loading=\"lazy\" decoding=\"async\" class=\"alignnone wp-image-582 aligncenter\" src=\"http:\/\/deltaart.org\/wp-content\/uploads\/2021\/03\/Cultura_Educacio_Joventut_Esports.png\" alt=\"\" width=\"193\" height=\"62\" srcset=\"http:\/\/deltaart.org\/wp-content\/uploads\/2021\/03\/Cultura_Educacio_Joventut_Esports.png 2000w, http:\/\/deltaart.org\/wp-content\/uploads\/2021\/03\/Cultura_Educacio_Joventut_Esports-300x96.png 300w, http:\/\/deltaart.org\/wp-content\/uploads\/2021\/03\/Cultura_Educacio_Joventut_Esports-1024x329.png 1024w, http:\/\/deltaart.org\/wp-content\/uploads\/2021\/03\/Cultura_Educacio_Joventut_Esports-768x247.png 768w, http:\/\/deltaart.org\/wp-content\/uploads\/2021\/03\/Cultura_Educacio_Joventut_Esports-1536x494.png 1536w, http:\/\/deltaart.org\/wp-content\/uploads\/2021\/03\/Cultura_Educacio_Joventut_Esports-700x225.png 700w, http:\/\/deltaart.org\/wp-content\/uploads\/2021\/03\/Cultura_Educacio_Joventut_Esports-1100x354.png 1100w, http:\/\/deltaart.org\/wp-content\/uploads\/2021\/03\/Cultura_Educacio_Joventut_Esports-600x193.png 600w\" sizes=\"auto, (max-width: 193px) 100vw, 193px\" \/><img loading=\"lazy\" decoding=\"async\" class=\"wp-image-412 aligncenter\" src=\"http:\/\/deltaart.org\/wp-content\/uploads\/2020\/09\/logo-ajalaior.png\" alt=\"\" width=\"145\" height=\"87\" \/><\/p>\n<p><img loading=\"lazy\" decoding=\"async\" class=\" wp-image-361 aligncenter\" src=\"http:\/\/deltaart.org\/wp-content\/uploads\/2020\/07\/logo_irl_cat_color.png\" alt=\"\" width=\"190\" height=\"59\" \/><img loading=\"lazy\" decoding=\"async\" class=\"wp-image-589 aligncenter\" src=\"http:\/\/deltaart.org\/wp-content\/uploads\/2021\/03\/FUNDACIOe\u030c-BALEARIA-scaled.jpg\" alt=\"\" width=\"183\" height=\"130\" srcset=\"http:\/\/deltaart.org\/wp-content\/uploads\/2021\/03\/FUNDACIOe\u030c-BALEARIA-scaled.jpg 2560w, http:\/\/deltaart.org\/wp-content\/uploads\/2021\/03\/FUNDACIOe\u030c-BALEARIA-300x212.jpg 300w, http:\/\/deltaart.org\/wp-content\/uploads\/2021\/03\/FUNDACIOe\u030c-BALEARIA-1024x724.jpg 1024w, http:\/\/deltaart.org\/wp-content\/uploads\/2021\/03\/FUNDACIOe\u030c-BALEARIA-768x543.jpg 768w, http:\/\/deltaart.org\/wp-content\/uploads\/2021\/03\/FUNDACIOe\u030c-BALEARIA-1536x1086.jpg 1536w, http:\/\/deltaart.org\/wp-content\/uploads\/2021\/03\/FUNDACIOe\u030c-BALEARIA-2048x1448.jpg 2048w, http:\/\/deltaart.org\/wp-content\/uploads\/2021\/03\/FUNDACIOe\u030c-BALEARIA-700x495.jpg 700w, http:\/\/deltaart.org\/wp-content\/uploads\/2021\/03\/FUNDACIOe\u030c-BALEARIA-1100x778.jpg 1100w, http:\/\/deltaart.org\/wp-content\/uploads\/2021\/03\/FUNDACIOe\u030c-BALEARIA-600x424.jpg 600w\" sizes=\"auto, (max-width: 183px) 100vw, 183px\" \/>[\/vc_column_text][vc_separator type=\u00a0\u00bbnormal\u00a0\u00bb border_style=\u00a0\u00bb\u00a0\u00bb color=\u00a0\u00bb#000000&Prime;][\/vc_column][\/vc_row][vc_row row_type=\u00a0\u00bbrow\u00a0\u00bb use_row_as_full_screen_section=\u00a0\u00bbno\u00a0\u00bb type=\u00a0\u00bbfull_width\u00a0\u00bb text_align=\u00a0\u00bbleft\u00a0\u00bb background_animation=\u00a0\u00bbnone\u00a0\u00bb css_animation=\u00a0\u00bb\u00a0\u00bb][vc_column][\/vc_column][\/vc_row]<\/p>\n<\/div>","protected":false},"excerpt":{"rendered":"<p>[vc_row row_type=\u00a0\u00bbrow\u00a0\u00bb use_row_as_full_screen_section=\u00a0\u00bbno\u00a0\u00bb type=\u00a0\u00bbfull_width\u00a0\u00bb text_align=\u00a0\u00bbleft\u00a0\u00bb background_animation=\u00a0\u00bbnone\u00a0\u00bb css_animation=\u00a0\u00bb\u00a0\u00bb][vc_column][vc_column_text] ITIN\u00c9RANCE OCCITANIE [\/vc_column_text][\/vc_column][\/vc_row][vc_row row_type=\u00a0\u00bbrow\u00a0\u00bb use_row_as_full_screen_section=\u00a0\u00bbno\u00a0\u00bb type=\u00a0\u00bbfull_width\u00a0\u00bb text_align=\u00a0\u00bbleft\u00a0\u00bb background_animation=\u00a0\u00bbnone\u00a0\u00bb css_animation=\u00a0\u00bb\u00a0\u00bb][vc_column width=\u00a0\u00bb2\/3&Prime;][vc_single_image image=\u00a0\u00bb626&Prime; img_size=\u00a0\u00bbfull\u00a0\u00bb qode_css_animation=\u00a0\u00bb\u00a0\u00bb][\/vc_column][vc_column width=\u00a0\u00bb1\/3&Prime;][vc_column_text] Exposition du 9 avril au 31 ao\u00fbt 2021 Le projet de r\u00e9si\u00addence d\u2019artis\u00adtes DELTA vise \u00e0 favo\u00adri\u00adser les \u00e9changes artis\u00adti\u00adques entre les ter\u00adri\u00adtoi\u00adres de&#8230;<\/p>\n","protected":false},"author":1,"featured_media":0,"parent":0,"menu_order":0,"comment_status":"closed","ping_status":"closed","template":"","meta":{"footnotes":""},"class_list":["post-420","page","type-page","status-publish","hentry"],"_links":{"self":[{"href":"http:\/\/deltaart.org\/fr\/wp-json\/wp\/v2\/pages\/420","targetHints":{"allow":["GET"]}}],"collection":[{"href":"http:\/\/deltaart.org\/fr\/wp-json\/wp\/v2\/pages"}],"about":[{"href":"http:\/\/deltaart.org\/fr\/wp-json\/wp\/v2\/types\/page"}],"author":[{"embeddable":true,"href":"http:\/\/deltaart.org\/fr\/wp-json\/wp\/v2\/users\/1"}],"replies":[{"embeddable":true,"href":"http:\/\/deltaart.org\/fr\/wp-json\/wp\/v2\/comments?post=420"}],"version-history":[{"count":22,"href":"http:\/\/deltaart.org\/fr\/wp-json\/wp\/v2\/pages\/420\/revisions"}],"predecessor-version":[{"id":665,"href":"http:\/\/deltaart.org\/fr\/wp-json\/wp\/v2\/pages\/420\/revisions\/665"}],"wp:attachment":[{"href":"http:\/\/deltaart.org\/fr\/wp-json\/wp\/v2\/media?parent=420"}],"curies":[{"name":"wp","href":"https:\/\/api.w.org\/{rel}","templated":true}]}}