{"id":427,"date":"2020-11-19T11:30:29","date_gmt":"2020-11-19T11:30:29","guid":{"rendered":"http:\/\/deltaart.org\/?page_id=427"},"modified":"2021-04-16T14:54:41","modified_gmt":"2021-04-16T14:54:41","slug":"menorca","status":"publish","type":"page","link":"http:\/\/deltaart.org\/fr\/menorca","title":{"rendered":"MENORCA"},"content":{"rendered":"<div class=\"wpb-content-wrapper\"><p>[vc_row row_type=\u00a0\u00bbrow\u00a0\u00bb use_row_as_full_screen_section=\u00a0\u00bbno\u00a0\u00bb type=\u00a0\u00bbfull_width\u00a0\u00bb text_align=\u00a0\u00bbleft\u00a0\u00bb background_animation=\u00a0\u00bbnone\u00a0\u00bb css_animation=\u00a0\u00bb\u00a0\u00bb][vc_column][vc_column_text]<\/p>\n<h3 style=\"text-align: center;\">MINORQUE \u00b7 AO\u00dbT ET SEPTEMBRE 2020<\/h3>\n<h3 style=\"text-align: center;\">R\u00c9SIDENCE DE CR\u00c9ATION \u00c0 LA MAISON DES ARTISTES (<a href=\"http:\/\/www.esfarcultural.net\">ES FAR CULTURAL<\/a>)<\/h3>\n\r\n\t\t<style type='text\/css'>\r\n\t\t\t#gallery-1 {\r\n\t\t\t\tmargin: auto;\r\n\t\t\t}\r\n\t\t\t#gallery-1 .gallery-item {\r\n\t\t\t\tfloat: left;\r\n\t\t\t\tmargin-top: 10px;\r\n\t\t\t\ttext-align: center;\r\n\t\t\t\twidth: 33%;\r\n\t\t\t}\r\n\t\t\t#gallery-1 img {\r\n\t\t\t\tborder: 2px solid #cfcfcf;\r\n\t\t\t}\r\n\t\t\t#gallery-1 .gallery-caption {\r\n\t\t\t\tmargin-left: 0;\r\n\t\t\t}\r\n\t\t\t\/* see gallery_shortcode() in wp-includes\/media.php *\/\r\n\t\t<\/style>\n\t\t<div id='gallery-1' class='gallery galleryid-427 gallery-columns-3 gallery-size-medium'><dl class='gallery-item'>\r\n\t\t\t<dt class='gallery-icon landscape'>\r\n\t\t\t\t<a href='http:\/\/deltaart.org\/fr\/menorca\/marta-grimalt-canals-making-of-_violencia-assot-costumista_-photo-taken-by-celie-falieres'><img loading=\"lazy\" decoding=\"async\" width=\"300\" height=\"225\" src=\"http:\/\/deltaart.org\/wp-content\/uploads\/2020\/11\/Marta-Grimalt-Canals.-Making-of-_Viole\u0300ncia-assot-costumista_.-Photo-taken-by-Ce\u0301lie-Falie\u0300res-300x225.jpg\" class=\"attachment-medium size-medium\" alt=\"\" srcset=\"http:\/\/deltaart.org\/wp-content\/uploads\/2020\/11\/Marta-Grimalt-Canals.-Making-of-_Viole\u0300ncia-assot-costumista_.-Photo-taken-by-Ce\u0301lie-Falie\u0300res-300x225.jpg 300w, http:\/\/deltaart.org\/wp-content\/uploads\/2020\/11\/Marta-Grimalt-Canals.-Making-of-_Viole\u0300ncia-assot-costumista_.-Photo-taken-by-Ce\u0301lie-Falie\u0300res-1024x768.jpg 1024w, http:\/\/deltaart.org\/wp-content\/uploads\/2020\/11\/Marta-Grimalt-Canals.-Making-of-_Viole\u0300ncia-assot-costumista_.-Photo-taken-by-Ce\u0301lie-Falie\u0300res-768x576.jpg 768w, http:\/\/deltaart.org\/wp-content\/uploads\/2020\/11\/Marta-Grimalt-Canals.-Making-of-_Viole\u0300ncia-assot-costumista_.-Photo-taken-by-Ce\u0301lie-Falie\u0300res-800x600.jpg 800w, http:\/\/deltaart.org\/wp-content\/uploads\/2020\/11\/Marta-Grimalt-Canals.-Making-of-_Viole\u0300ncia-assot-costumista_.-Photo-taken-by-Ce\u0301lie-Falie\u0300res-700x525.jpg 700w, http:\/\/deltaart.org\/wp-content\/uploads\/2020\/11\/Marta-Grimalt-Canals.-Making-of-_Viole\u0300ncia-assot-costumista_.-Photo-taken-by-Ce\u0301lie-Falie\u0300res-1100x825.jpg 1100w, http:\/\/deltaart.org\/wp-content\/uploads\/2020\/11\/Marta-Grimalt-Canals.-Making-of-_Viole\u0300ncia-assot-costumista_.-Photo-taken-by-Ce\u0301lie-Falie\u0300res-600x450.jpg 600w, http:\/\/deltaart.org\/wp-content\/uploads\/2020\/11\/Marta-Grimalt-Canals.-Making-of-_Viole\u0300ncia-assot-costumista_.-Photo-taken-by-Ce\u0301lie-Falie\u0300res.jpg 1280w\" sizes=\"auto, (max-width: 300px) 100vw, 300px\" \/><\/a>\r\n\t\t\t<\/dt><\/dl><dl class='gallery-item'>\r\n\t\t\t<dt class='gallery-icon landscape'>\r\n\t\t\t\t<a href='http:\/\/deltaart.org\/fr\/menorca\/cam24027'><img loading=\"lazy\" decoding=\"async\" width=\"300\" height=\"200\" src=\"http:\/\/deltaart.org\/wp-content\/uploads\/2020\/11\/CAM24027-300x200.jpg\" class=\"attachment-medium size-medium\" alt=\"\" srcset=\"http:\/\/deltaart.org\/wp-content\/uploads\/2020\/11\/CAM24027-300x200.jpg 300w, http:\/\/deltaart.org\/wp-content\/uploads\/2020\/11\/CAM24027-1024x682.jpg 1024w, http:\/\/deltaart.org\/wp-content\/uploads\/2020\/11\/CAM24027-768x512.jpg 768w, http:\/\/deltaart.org\/wp-content\/uploads\/2020\/11\/CAM24027-1536x1024.jpg 1536w, http:\/\/deltaart.org\/wp-content\/uploads\/2020\/11\/CAM24027-700x467.jpg 700w, http:\/\/deltaart.org\/wp-content\/uploads\/2020\/11\/CAM24027-1100x733.jpg 1100w, http:\/\/deltaart.org\/wp-content\/uploads\/2020\/11\/CAM24027-600x400.jpg 600w, http:\/\/deltaart.org\/wp-content\/uploads\/2020\/11\/CAM24027.jpg 2000w\" sizes=\"auto, (max-width: 300px) 100vw, 300px\" \/><\/a>\r\n\t\t\t<\/dt><\/dl><dl class='gallery-item'>\r\n\t\t\t<dt class='gallery-icon landscape'>\r\n\t\t\t\t<a href='http:\/\/deltaart.org\/fr\/menorca\/cam20056'><img loading=\"lazy\" decoding=\"async\" width=\"300\" height=\"200\" src=\"http:\/\/deltaart.org\/wp-content\/uploads\/2020\/11\/CAM20056-300x200.jpg\" class=\"attachment-medium size-medium\" alt=\"\" srcset=\"http:\/\/deltaart.org\/wp-content\/uploads\/2020\/11\/CAM20056-300x200.jpg 300w, http:\/\/deltaart.org\/wp-content\/uploads\/2020\/11\/CAM20056-1024x682.jpg 1024w, http:\/\/deltaart.org\/wp-content\/uploads\/2020\/11\/CAM20056-768x512.jpg 768w, http:\/\/deltaart.org\/wp-content\/uploads\/2020\/11\/CAM20056-1536x1024.jpg 1536w, http:\/\/deltaart.org\/wp-content\/uploads\/2020\/11\/CAM20056-700x467.jpg 700w, http:\/\/deltaart.org\/wp-content\/uploads\/2020\/11\/CAM20056-1100x733.jpg 1100w, http:\/\/deltaart.org\/wp-content\/uploads\/2020\/11\/CAM20056-600x400.jpg 600w, http:\/\/deltaart.org\/wp-content\/uploads\/2020\/11\/CAM20056.jpg 2000w\" sizes=\"auto, (max-width: 300px) 100vw, 300px\" \/><\/a>\r\n\t\t\t<\/dt><\/dl><br style=\"clear: both\" \/><dl class='gallery-item'>\r\n\t\t\t<dt class='gallery-icon landscape'>\r\n\t\t\t\t<a href='http:\/\/deltaart.org\/fr\/menorca\/cam24046'><img loading=\"lazy\" decoding=\"async\" width=\"300\" height=\"200\" src=\"http:\/\/deltaart.org\/wp-content\/uploads\/2020\/11\/CAM24046-300x200.jpg\" class=\"attachment-medium size-medium\" alt=\"\" srcset=\"http:\/\/deltaart.org\/wp-content\/uploads\/2020\/11\/CAM24046-300x200.jpg 300w, http:\/\/deltaart.org\/wp-content\/uploads\/2020\/11\/CAM24046-1024x682.jpg 1024w, http:\/\/deltaart.org\/wp-content\/uploads\/2020\/11\/CAM24046-768x512.jpg 768w, http:\/\/deltaart.org\/wp-content\/uploads\/2020\/11\/CAM24046-1536x1024.jpg 1536w, http:\/\/deltaart.org\/wp-content\/uploads\/2020\/11\/CAM24046-700x467.jpg 700w, http:\/\/deltaart.org\/wp-content\/uploads\/2020\/11\/CAM24046-1100x733.jpg 1100w, http:\/\/deltaart.org\/wp-content\/uploads\/2020\/11\/CAM24046-600x400.jpg 600w, http:\/\/deltaart.org\/wp-content\/uploads\/2020\/11\/CAM24046.jpg 2000w\" sizes=\"auto, (max-width: 300px) 100vw, 300px\" \/><\/a>\r\n\t\t\t<\/dt><\/dl><dl class='gallery-item'>\r\n\t\t\t<dt class='gallery-icon landscape'>\r\n\t\t\t\t<a href='http:\/\/deltaart.org\/fr\/menorca\/darla2'><img loading=\"lazy\" decoding=\"async\" width=\"300\" height=\"183\" src=\"http:\/\/deltaart.org\/wp-content\/uploads\/2020\/11\/darla2-300x183.jpg\" class=\"attachment-medium size-medium\" alt=\"\" srcset=\"http:\/\/deltaart.org\/wp-content\/uploads\/2020\/11\/darla2-300x183.jpg 300w, http:\/\/deltaart.org\/wp-content\/uploads\/2020\/11\/darla2-1024x623.jpg 1024w, http:\/\/deltaart.org\/wp-content\/uploads\/2020\/11\/darla2-768x467.jpg 768w, http:\/\/deltaart.org\/wp-content\/uploads\/2020\/11\/darla2-1536x935.jpg 1536w, http:\/\/deltaart.org\/wp-content\/uploads\/2020\/11\/darla2-2048x1246.jpg 2048w, http:\/\/deltaart.org\/wp-content\/uploads\/2020\/11\/darla2-700x426.jpg 700w, http:\/\/deltaart.org\/wp-content\/uploads\/2020\/11\/darla2-1100x669.jpg 1100w, http:\/\/deltaart.org\/wp-content\/uploads\/2020\/11\/darla2-600x365.jpg 600w\" sizes=\"auto, (max-width: 300px) 100vw, 300px\" \/><\/a>\r\n\t\t\t<\/dt><\/dl><dl class='gallery-item'>\r\n\t\t\t<dt class='gallery-icon landscape'>\r\n\t\t\t\t<a href='http:\/\/deltaart.org\/fr\/menorca\/cam24045'><img loading=\"lazy\" decoding=\"async\" width=\"300\" height=\"200\" src=\"http:\/\/deltaart.org\/wp-content\/uploads\/2020\/11\/CAM24045-300x200.jpg\" class=\"attachment-medium size-medium\" alt=\"\" srcset=\"http:\/\/deltaart.org\/wp-content\/uploads\/2020\/11\/CAM24045-300x200.jpg 300w, http:\/\/deltaart.org\/wp-content\/uploads\/2020\/11\/CAM24045-1024x682.jpg 1024w, http:\/\/deltaart.org\/wp-content\/uploads\/2020\/11\/CAM24045-768x512.jpg 768w, http:\/\/deltaart.org\/wp-content\/uploads\/2020\/11\/CAM24045-1536x1024.jpg 1536w, http:\/\/deltaart.org\/wp-content\/uploads\/2020\/11\/CAM24045-700x467.jpg 700w, http:\/\/deltaart.org\/wp-content\/uploads\/2020\/11\/CAM24045-1100x733.jpg 1100w, http:\/\/deltaart.org\/wp-content\/uploads\/2020\/11\/CAM24045-600x400.jpg 600w, http:\/\/deltaart.org\/wp-content\/uploads\/2020\/11\/CAM24045.jpg 2000w\" sizes=\"auto, (max-width: 300px) 100vw, 300px\" \/><\/a>\r\n\t\t\t<\/dt><\/dl><br style=\"clear: both\" \/><\/div>\n\n<p>[\/vc_column_text][vc_empty_space][vc_separator type=\u00a0\u00bbnormal\u00a0\u00bb border_style=\u00a0\u00bb\u00a0\u00bb color=\u00a0\u00bb#28ffcd\u00a0\u00bb][vc_empty_space][\/vc_column][\/vc_row][vc_row row_type=\u00a0\u00bbrow\u00a0\u00bb use_row_as_full_screen_section=\u00a0\u00bbno\u00a0\u00bb type=\u00a0\u00bbfull_width\u00a0\u00bb text_align=\u00a0\u00bbleft\u00a0\u00bb background_animation=\u00a0\u00bbnone\u00a0\u00bb css_animation=\u00a0\u00bb\u00a0\u00bb css=\u00a0\u00bb.vc_custom_1605791627620{padding-bottom: 20px !important;}\u00a0\u00bb][vc_column width=\u00a0\u00bb1\/3&Prime;][vc_video link=\u00a0\u00bbhttps:\/\/www.youtube.com\/embed\/YZDVjJe_18M\u00a0\u00bb el_aspect=\u00a0\u00bb43&Prime;][\/vc_column][vc_column width=\u00a0\u00bb1\/3&Prime;][vc_video link=\u00a0\u00bbhttps:\/\/www.youtube.com\/embed\/Ww73GsvQkHg\u00a0\u00bb el_aspect=\u00a0\u00bb43&Prime;][\/vc_column][vc_column width=\u00a0\u00bb1\/3&Prime;][vc_video link=\u00a0\u00bbhttps:\/\/www.youtube.com\/embed\/1fugUkQXgYI\u00a0\u00bb el_aspect=\u00a0\u00bb43&Prime;][\/vc_column][\/vc_row][vc_row row_type=\u00a0\u00bbrow\u00a0\u00bb use_row_as_full_screen_section=\u00a0\u00bbno\u00a0\u00bb type=\u00a0\u00bbfull_width\u00a0\u00bb text_align=\u00a0\u00bbleft\u00a0\u00bb background_animation=\u00a0\u00bbnone\u00a0\u00bb css_animation=\u00a0\u00bb\u00a0\u00bb][vc_column width=\u00a0\u00bb1\/3&Prime;][vc_video link=\u00a0\u00bbhttps:\/\/www.youtube.com\/embed\/TCA3WA4Nak4&Prime; el_aspect=\u00a0\u00bb43&Prime;][\/vc_column][vc_column width=\u00a0\u00bb1\/3&Prime;][vc_video link=\u00a0\u00bbhttps:\/\/www.youtube.com\/embed\/7y5CCJS8Fh0&Prime; el_aspect=\u00a0\u00bb43&Prime;][\/vc_column][vc_column width=\u00a0\u00bb1\/3&Prime;][vc_video link=\u00a0\u00bbhttps:\/\/www.youtube.com\/embed\/ZwVW6tDhkIg\u00a0\u00bb el_aspect=\u00a0\u00bb43&Prime;][\/vc_column][\/vc_row][vc_row row_type=\u00a0\u00bbrow\u00a0\u00bb use_row_as_full_screen_section=\u00a0\u00bbno\u00a0\u00bb type=\u00a0\u00bbfull_width\u00a0\u00bb text_align=\u00a0\u00bbleft\u00a0\u00bb background_animation=\u00a0\u00bbnone\u00a0\u00bb css_animation=\u00a0\u00bb\u00a0\u00bb][vc_column][vc_empty_space][vc_column_text]<\/p>\n<p style=\"text-align: center;\">Amb el suport<\/p>\n<p><img loading=\"lazy\" decoding=\"async\" class=\"alignnone wp-image-582 aligncenter\" src=\"http:\/\/deltaart.org\/wp-content\/uploads\/2021\/03\/Cultura_Educacio_Joventut_Esports.png\" alt=\"\" width=\"193\" height=\"62\" srcset=\"http:\/\/deltaart.org\/wp-content\/uploads\/2021\/03\/Cultura_Educacio_Joventut_Esports.png 2000w, http:\/\/deltaart.org\/wp-content\/uploads\/2021\/03\/Cultura_Educacio_Joventut_Esports-300x96.png 300w, http:\/\/deltaart.org\/wp-content\/uploads\/2021\/03\/Cultura_Educacio_Joventut_Esports-1024x329.png 1024w, http:\/\/deltaart.org\/wp-content\/uploads\/2021\/03\/Cultura_Educacio_Joventut_Esports-768x247.png 768w, http:\/\/deltaart.org\/wp-content\/uploads\/2021\/03\/Cultura_Educacio_Joventut_Esports-1536x494.png 1536w, http:\/\/deltaart.org\/wp-content\/uploads\/2021\/03\/Cultura_Educacio_Joventut_Esports-700x225.png 700w, http:\/\/deltaart.org\/wp-content\/uploads\/2021\/03\/Cultura_Educacio_Joventut_Esports-1100x354.png 1100w, http:\/\/deltaart.org\/wp-content\/uploads\/2021\/03\/Cultura_Educacio_Joventut_Esports-600x193.png 600w\" sizes=\"auto, (max-width: 193px) 100vw, 193px\" \/><img loading=\"lazy\" decoding=\"async\" class=\"wp-image-412 aligncenter\" src=\"http:\/\/deltaart.org\/wp-content\/uploads\/2020\/09\/logo-ajalaior.png\" alt=\"\" width=\"145\" height=\"87\" \/><\/p>\n<p><img loading=\"lazy\" decoding=\"async\" class=\" wp-image-361 aligncenter\" src=\"http:\/\/deltaart.org\/wp-content\/uploads\/2020\/07\/logo_irl_cat_color.png\" alt=\"\" width=\"190\" height=\"59\" \/><img loading=\"lazy\" decoding=\"async\" class=\"wp-image-589 aligncenter\" src=\"http:\/\/deltaart.org\/wp-content\/uploads\/2021\/03\/FUNDACIOe\u030c-BALEARIA-scaled.jpg\" alt=\"\" width=\"183\" height=\"130\" srcset=\"http:\/\/deltaart.org\/wp-content\/uploads\/2021\/03\/FUNDACIOe\u030c-BALEARIA-scaled.jpg 2560w, http:\/\/deltaart.org\/wp-content\/uploads\/2021\/03\/FUNDACIOe\u030c-BALEARIA-300x212.jpg 300w, http:\/\/deltaart.org\/wp-content\/uploads\/2021\/03\/FUNDACIOe\u030c-BALEARIA-1024x724.jpg 1024w, http:\/\/deltaart.org\/wp-content\/uploads\/2021\/03\/FUNDACIOe\u030c-BALEARIA-768x543.jpg 768w, http:\/\/deltaart.org\/wp-content\/uploads\/2021\/03\/FUNDACIOe\u030c-BALEARIA-1536x1086.jpg 1536w, http:\/\/deltaart.org\/wp-content\/uploads\/2021\/03\/FUNDACIOe\u030c-BALEARIA-2048x1448.jpg 2048w, http:\/\/deltaart.org\/wp-content\/uploads\/2021\/03\/FUNDACIOe\u030c-BALEARIA-700x495.jpg 700w, http:\/\/deltaart.org\/wp-content\/uploads\/2021\/03\/FUNDACIOe\u030c-BALEARIA-1100x778.jpg 1100w, http:\/\/deltaart.org\/wp-content\/uploads\/2021\/03\/FUNDACIOe\u030c-BALEARIA-600x424.jpg 600w\" sizes=\"auto, (max-width: 183px) 100vw, 183px\" \/>[\/vc_column_text][\/vc_column][\/vc_row]<\/p>\n<\/div>","protected":false},"excerpt":{"rendered":"<p>[vc_row row_type=\u00a0\u00bbrow\u00a0\u00bb use_row_as_full_screen_section=\u00a0\u00bbno\u00a0\u00bb type=\u00a0\u00bbfull_width\u00a0\u00bb text_align=\u00a0\u00bbleft\u00a0\u00bb background_animation=\u00a0\u00bbnone\u00a0\u00bb css_animation=\u00a0\u00bb\u00a0\u00bb][vc_column][vc_column_text] MINORQUE \u00b7 AO\u00dbT ET SEPTEMBRE 2020 R\u00c9SIDENCE DE CR\u00c9ATION \u00c0 LA MAISON DES ARTISTES (ES FAR CULTURAL) [\/vc_column_text][vc_empty_space][vc_separator type=\u00a0\u00bbnormal\u00a0\u00bb border_style=\u00a0\u00bb\u00a0\u00bb color=\u00a0\u00bb#28ffcd\u00a0\u00bb][vc_empty_space][\/vc_column][\/vc_row][vc_row row_type=\u00a0\u00bbrow\u00a0\u00bb use_row_as_full_screen_section=\u00a0\u00bbno\u00a0\u00bb type=\u00a0\u00bbfull_width\u00a0\u00bb text_align=\u00a0\u00bbleft\u00a0\u00bb background_animation=\u00a0\u00bbnone\u00a0\u00bb css_animation=\u00a0\u00bb\u00a0\u00bb css=\u00a0\u00bb.vc_custom_1605791627620{padding-bottom: 20px !important;}\u00a0\u00bb][vc_column width=\u00a0\u00bb1\/3&Prime;][vc_video link=\u00a0\u00bbhttps:\/\/www.youtube.com\/embed\/YZDVjJe_18M\u00a0\u00bb el_aspect=\u00a0\u00bb43&Prime;][\/vc_column][vc_column width=\u00a0\u00bb1\/3&Prime;][vc_video link=\u00a0\u00bbhttps:\/\/www.youtube.com\/embed\/Ww73GsvQkHg\u00a0\u00bb el_aspect=\u00a0\u00bb43&Prime;][\/vc_column][vc_column width=\u00a0\u00bb1\/3&Prime;][vc_video link=\u00a0\u00bbhttps:\/\/www.youtube.com\/embed\/1fugUkQXgYI\u00a0\u00bb&#8230;<\/p>\n","protected":false},"author":1,"featured_media":0,"parent":0,"menu_order":0,"comment_status":"closed","ping_status":"closed","template":"","meta":{"footnotes":""},"class_list":["post-427","page","type-page","status-publish","hentry"],"_links":{"self":[{"href":"http:\/\/deltaart.org\/fr\/wp-json\/wp\/v2\/pages\/427","targetHints":{"allow":["GET"]}}],"collection":[{"href":"http:\/\/deltaart.org\/fr\/wp-json\/wp\/v2\/pages"}],"about":[{"href":"http:\/\/deltaart.org\/fr\/wp-json\/wp\/v2\/types\/page"}],"author":[{"embeddable":true,"href":"http:\/\/deltaart.org\/fr\/wp-json\/wp\/v2\/users\/1"}],"replies":[{"embeddable":true,"href":"http:\/\/deltaart.org\/fr\/wp-json\/wp\/v2\/comments?post=427"}],"version-history":[{"count":21,"href":"http:\/\/deltaart.org\/fr\/wp-json\/wp\/v2\/pages\/427\/revisions"}],"predecessor-version":[{"id":651,"href":"http:\/\/deltaart.org\/fr\/wp-json\/wp\/v2\/pages\/427\/revisions\/651"}],"wp:attachment":[{"href":"http:\/\/deltaart.org\/fr\/wp-json\/wp\/v2\/media?parent=427"}],"curies":[{"name":"wp","href":"https:\/\/api.w.org\/{rel}","templated":true}]}}