{"id":499,"date":"2021-01-15T20:34:14","date_gmt":"2021-01-15T20:34:14","guid":{"rendered":"http:\/\/deltaart.org\/?page_id=499"},"modified":"2022-05-27T11:43:02","modified_gmt":"2022-05-27T11:43:02","slug":"illa","status":"publish","type":"page","link":"http:\/\/deltaart.org\/fr\/illa","title":{"rendered":"APPEL ILLA (2021)"},"content":{"rendered":"<div class=\"wpb-content-wrapper\"><p>[vc_row row_type=\u00a0\u00bbrow\u00a0\u00bb use_row_as_full_screen_section=\u00a0\u00bbno\u00a0\u00bb type=\u00a0\u00bbfull_width\u00a0\u00bb text_align=\u00a0\u00bbleft\u00a0\u00bb background_animation=\u00a0\u00bbnone\u00a0\u00bb css_animation=\u00a0\u00bb\u00a0\u00bb][vc_column][vc_column_text]<\/p>\n<h4 style=\"text-align: center;\"><strong>ILLA \ud83d\udd3a<b>2\u00e8me \u00c9DITION DE DELTA ART R\u00c9SIDENCE<\/b><\/strong><\/h4>\n<p>[\/vc_column_text][vc_empty_space][vc_column_text]<\/p>\n<h2 style=\"text-align: center;\"><span style=\"font-weight: 400;\">APPEL AUX ARTISTES<\/span><\/h2>\n<p>&nbsp;<\/p>\n<p><b>Es Far Cultural<\/b><span style=\"font-weight: 400;\">, en collaboration avec <\/span><b>Konvent <\/b><span style=\"font-weight: 400;\">(Berga), <\/span><b>La Providence Centre Catalan d\u2019Art Vivant <\/b><span style=\"font-weight: 400;\">(Ille Sur T\u00eat) et <\/span><b>Jiser Reflexions Mediterr\u00e0nies <\/b><span style=\"font-weight: 400;\">(Barcelona) pr\u00e9sentent le programme de r\u00e9sidence itin\u00e9rante ILLA, dans la continuit\u00e9 du programme de r\u00e9sidences <\/span><a href=\"http:\/\/deltaart.org\/\"><span style=\"font-weight: 400;\">Delta Art <\/span><\/a><span style=\"font-weight: 400;\">(<\/span><a href=\"http:\/\/deltaart.org\/\"><span style=\"font-weight: 400;\">deltaart.org<\/span><\/a><span style=\"font-weight: 400;\">). Les 3 entit\u00e9s mettent en avant l\u2019investigation et la cr\u00e9ation artistique contemporaine, autant d\u2019outils\u00a0 pour connecter des territoires \u201cisol\u00e9s\u201d. Le but de cet appel aux artistes vise au rapprochement des contextes culturels de l\u2019Euror\u00e9gion : Bal\u00e9ares, Catalogne et Occitanie.<\/span><\/p>\n<p>&nbsp;<\/p>\n<p><span style=\"font-weight: 400;\">Le projet pr\u00e9voit la s\u00e9lection au travers d\u2019un appel aux artistes public, de 3 artistes (1 de chaque contexte culturel) qui participeront \u00e0 une r\u00e9sidence transfrontali\u00e8re entre le 24 avril et le 13 juin 2021, commen\u00e7ant \u00e0 Casa d\u2019artistes (Minorque), continuant au El Konvent (Berga) et se terminant \u00e0 La Providence (Ille sur T\u00eat). ILLA accueillera des projets de recherche proposant de nouveaux formats, de l\u2019art vivant ou art action visant \u00e0 \u00e9tablir des liens de synergie entre les artistes, les organisateurs et la population de chaque territoire.<\/span><\/p>\n<p>&nbsp;<\/p>\n<p><span style=\"font-weight: 400;\">Le projet ILLA pr\u00e9voit une pr\u00e9sentation des projets des artistes s\u00e9lectionn\u00e9s \u00e0 la fin de chaque itin\u00e9rance. Cette pr\u00e9sentation se fera au travers d\u2019une action publique interactive durant laquelle les gens pourront \u00e9changer avec les artistes et leurs propositions (par exemple, une activit\u00e9 \u00e9ducative, une conf\u00e9rence-performance, une exposition d&rsquo;\u0153uvres, des dialogues avec les artistes, etc).<\/span><\/p>\n<p>&nbsp;<\/p>\n<p>&nbsp;<\/p>\n<h4><b>Dates des r\u00e9sidences\u00a0<\/b><\/h4>\n<p>&nbsp;<\/p>\n<p><b>CASA D\u2019ARTISTES (MINORQUE): DU 24 AVRIL AU 18\u00a0 MAI ( 24 NUITS)<\/b><\/p>\n<p><span style=\"font-weight: 400;\">D\u00c9PLACEMENT\u00a0 MINORQUE-BERGA > LE 18\u00a0 MAI\u00a0<\/span><\/p>\n<p>&nbsp;<\/p>\n<p><b>EL KONVENT (BERGA): DU 18 MAI AU 31\u00a0 MAI (13 NUITS)<\/b><\/p>\n<p><span style=\"font-weight: 400;\">D\u00c9PLACEMENT\u00a0 BERGA-ILLE SUR T\u00caT > LE 31\u00a0 MAI<\/span><\/p>\n<p>&nbsp;<\/p>\n<p><b>LA PROVIDENCE (ILLE SUR T\u00caT): DU 31\u00a0 MAI\u00a0 AU 13\u00a0 JUIN (13 NUITS)<\/b><\/p>\n<p><span style=\"font-weight: 400;\">LE 13 JUIN\u00a0 > FIN DE R\u00c9SIDENCE\u00a0 > RETOUR CHEZ SOI<\/span><\/p>\n<p>&nbsp;<\/p>\n<p>&nbsp;<\/p>\n<h4><b>Diff\u00e9rents liens :<\/b><\/h4>\n<p><span style=\"font-weight: 400;\">Projet ILLA\u00a0 <\/span><a href=\"http:\/\/deltaart.org\/illa\"><span style=\"font-weight: 400;\">http:\/\/deltaart.org\/illa<\/span><\/a><span style=\"font-weight: 400;\">\u00a0<\/span><\/p>\n<p><span style=\"font-weight: 400;\">Es Far Cultural <\/span><a href=\"http:\/\/www.esfarcultural.com\"><span style=\"font-weight: 400;\">www.esfarcultural.com<\/span><\/a><\/p>\n<p><span style=\"font-weight: 400;\">Casa d\u2019Artistes <\/span><a href=\"https:\/\/casadartistes.esfarcultural.net\/en-residencia\"><span style=\"font-weight: 400;\">https:\/\/casadartistes.esfarcultural.net\/en-residencia<\/span><\/a><span style=\"font-weight: 400;\">\u00a0<\/span><\/p>\n<p><span style=\"font-weight: 400;\">El Konvent <\/span><a href=\"https:\/\/konventzero.com\/\"><span style=\"font-weight: 400;\">https:\/\/konventzero.com\/<\/span><\/a><span style=\"font-weight: 400;\">\u00a0<\/span><\/p>\n<p><span style=\"font-weight: 400;\">La Providence CCAV <\/span><a href=\"https:\/\/www.facebook.com\/laprovidenceccav\/\"><span style=\"font-weight: 400;\">https:\/\/www.facebook.com\/laprovidenceccav\/<\/span><\/a><span style=\"font-weight: 400;\">\u00a0<\/span><\/p>\n<p><span style=\"font-weight: 400;\">Jiser Reflexions Mediterr\u00e0nies <\/span><a href=\"http:\/\/www.jiser.org\"><span style=\"font-weight: 400;\">www.jiser.org<\/span><\/a><\/p>\n<p>&nbsp;<\/p>\n<h3><b>Les Objectifs<\/b><\/h3>\n<p><span style=\"font-weight: 400;\">Minorque (Es Far Cultural) est une \u00eele situ\u00e9e en M\u00e9diterran\u00e9e occidentale, d\u00e9connect\u00e9e de par sa propre situation g\u00e9ographique, tout comme l\u2019est Ille sur T\u00eat (La Providence),\u00a0 territoire isol\u00e9 par les diff\u00e9rents cours d\u2019eau qui l\u2019entourent. Ces deux r\u00e9gions se trouvent reli\u00e9es par les eaux qui descendent des Pyr\u00e9n\u00e9es fran\u00e7aises et d\u00e9posent leurs s\u00e9diments devant les c\u00f4tes de Minorque. Ainsi, le Konvent (Berga) devient un pont entre les r\u00e9gions Occitanie et Bal\u00e9ares, conform\u00e9ment \u00e0 son ancienne fonction historique de colonie-usine textile, lieu de passage et de flux commercial.<\/span><\/p>\n<p>&nbsp;<\/p>\n<ol>\n<li style=\"font-weight: 400;\" aria-level=\"1\"><span style=\"font-weight: 400;\">Renforcer les relations entre Minorque, la Catalogne et l\u2019Occitanie \u00e0 travers la cr\u00e9ation artistique et les nouvelles m\u00e9thodologies\u00a0 de l\u2019art contemporain : digitalisation, nouveaux formats, art action et art vivant.<\/span><\/li>\n<li style=\"font-weight: 400;\" aria-level=\"1\"><span style=\"font-weight: 400;\">Relier les espaces \u201cisol\u00e9s\u201d, leurs contextes culturels et les relations avec les habitants au travers de la r\u00e9sidence\u00a0 itin\u00e9rante transfrontali\u00e8re de recherche et de cr\u00e9ation.<\/span><\/li>\n<li style=\"font-weight: 400;\" aria-level=\"1\"><span style=\"font-weight: 400;\">Accompagner des d\u00e9marches de recherche et de cr\u00e9ation artistique permettant d\u2019\u00e9tablir des synergies entre les artistes, le public et les organisateurs tant en mode pr\u00e9sentiel que virtuel.<\/span><\/li>\n<li style=\"font-weight: 400;\" aria-level=\"1\"><span style=\"font-weight: 400;\">Permettre la diffusion des projets des artistes de ILLA \u00e0 partir d\u2019activit\u00e9s culturelles (activit\u00e9s \u00e9ducatives, conf\u00e9rences performatives, exposition d\u2019oeuvres, dialogues avec les artistes, etc) de mani\u00e8re \u00e0 favoriser les synergies et le rapprochement des territoires de l\u2019euror\u00e9gion, tout en s\u2019appuyant sur les possibilit\u00e9s structurelles propos\u00e9es par les espaces de cr\u00e9ation que sont Casa d\u2019Artistes, Konvent.0 et La Providence.<\/span><\/li>\n<li style=\"font-weight: 400;\" aria-level=\"1\"><span style=\"font-weight: 400;\">Soutenir les artistes, la promotion et la digitalisation des contenus artistiques ainsi que des nouvelles expressions artistiques n\u00e9es de la crise sanitaire.<\/span><\/li>\n<\/ol>\n<p>&nbsp;<\/p>\n<h3><b>Conditions<\/b><\/h3>\n<p><span style=\"font-weight: 400;\">Les artistes pourront b\u00e9n\u00e9ficier de conseils en mati\u00e8re de recherches et\/ou de cr\u00e9ation des projets artistiques et des activit\u00e9s de diffusion pendant leur temps de r\u00e9sidence. La diffusion de leurs projets sera \u00e9galement faite \u00e0 travers les circuits culturels de chaque centre d\u2019art collaborant au projet ILLA, ainsi que sur leurs r\u00e9seaux de communication.<\/span><\/p>\n<p>&nbsp;<\/p>\n<p><b>Prise en charge :<\/b><\/p>\n<ul>\n<li style=\"font-weight: 400;\" aria-level=\"1\"><span style=\"font-weight: 400;\">Les d\u00e9placements entre les r\u00e9gions (avion, bateau, train, bus)\u00a0<\/span><\/li>\n<li style=\"font-weight: 400;\" aria-level=\"1\"><span style=\"font-weight: 400;\">Un espace de travail et\u00a0 la nourriture sur place.<\/span><\/li>\n<li style=\"font-weight: 400;\" aria-level=\"1\"><span style=\"font-weight: 400;\">Un soutien aux frais de\u00a0 production de <\/span><b>300 \u20ac <\/b><span style=\"font-weight: 400;\">\u00a0(sur\u00a0 justificatifs).<\/span><\/li>\n<li style=\"font-weight: 400;\" aria-level=\"1\"><span style=\"font-weight: 400;\">Une bourse de\u00a0 <\/span><b>1100 \u20ac<\/b><span style=\"font-weight: 400;\">.<\/span><\/li>\n<li style=\"font-weight: 400;\" aria-level=\"1\"><span style=\"font-weight: 400;\">Les d\u00e9penses de diffusion et de communication relatives aux projets sont \u00e0 la charge des organisateurs (invitations, flyers, impressions, etc)<\/span><\/li>\n<li style=\"font-weight: 400;\" aria-level=\"1\"><span style=\"font-weight: 400;\">Les organisateurs fourniront les d\u00e9rogations obligatoires professionnelles n\u00e9cessaires pour se rendre dans chaque centre d\u2019art. Si les autorit\u00e9s sanitaires exigent un test PCR pour voyager, il sera \u00e0 la charge des artistes.<\/span><\/li>\n<li style=\"font-weight: 400;\" aria-level=\"1\"><span style=\"font-weight: 400;\">Les artistes assumeront toutes les d\u00e9penses suppl\u00e9mentaires.\u00a0<\/span><\/li>\n<\/ul>\n<p>&nbsp;<\/p>\n<h3><b>Marche \u00e0 suivre<\/b><\/h3>\n<p><span style=\"font-weight: 400;\">Le jury de s\u00e9lection sera compos\u00e9 de\u00a0 professionnel\/les de la culture choisis par chaque centre d\u2019art<\/span><\/p>\n<p><b>La date limite d\u2019envoi des dossiers est fix\u00e9e au 6 mars 2021, \u00e0 22h<\/b><b>. <\/b><span style=\"font-weight: 400;\">Toute demande re\u00e7ue apr\u00e8s cette date sera refus\u00e9e.<\/span><\/p>\n<p><b>Entre le 15 et le\u00a0 16\u00a0 mars\u00a0 2021 <\/b><span style=\"font-weight: 400;\">les candidats\/es s\u00e9lectionn\u00e9\/es seront\u00a0 notifi\u00e9\/es par e-mail et leurs noms seront annonc\u00e9s sur les pages web et les r\u00e9seaux sociaux du programme ILLA ainsi que sur les pages web et r\u00e9seaux sociaux de Casa d\u2019Artistes, El Konvent i La Providence.\u00a0<\/span><\/p>\n<p>&nbsp;<\/p>\n<p><b>Crit\u00e8res dont il sera tenu compte:<\/b><\/p>\n<ul>\n<li style=\"font-weight: 400;\" aria-level=\"1\"><span style=\"font-weight: 400;\">L&rsquo;int\u00e9r\u00eat de la proposition et son ad\u00e9quation avec les objectifs et la ligne de travail d\u2019ILLA 2\u00e8me \u00e9dition de Delta Art R\u00e9sidences.\u00a0<\/span><\/li>\n<li style=\"font-weight: 400;\" aria-level=\"1\"><span style=\"font-weight: 400;\">La capacit\u00e9 \u00e0 int\u00e9grer d\u2019autres collectifs, que ce soit durant le processus d\u2019investigation ou la r\u00e9alisation d\u2019une activit\u00e9 s\u2019adressant au public.<\/span><\/li>\n<\/ul>\n<p>&nbsp;<\/p>\n<h3><b>Documents \u00e0 produire :\u00a0<\/b><\/h3>\n<p><span style=\"font-weight: 400;\">Les documents en format PDF doivent \u00eatre adress\u00e9 \u00e0<\/span> <a href=\"mailto:illadeltaart@gmail.com\"><b>illadeltaart@gmail.com<\/b><\/a><\/p>\n<p><span style=\"font-weight: 400;\">Les\u00a0 dossiers peuvent \u00eatre r\u00e9dig\u00e9s en catalan, espagnol ou en fran\u00e7ais et doivent contenir :<\/span><\/p>\n<p>&nbsp;<\/p>\n<ul>\n<li><b>Lettre de motivation <\/b><span style=\"font-weight: 400;\">(longueur max d\u20191 page A4)<\/span><\/li>\n<li><b>Proposition du projet \u00e0 d\u00e9velopper<\/b><span style=\"font-weight: 400;\"> durant la r\u00e9sidence itin\u00e9rante. La proposition doit inclure, de mani\u00e8re br\u00e8ve, les points d\u2019int\u00e9r\u00eat de la recherche et\/ou de la cr\u00e9ation que vous souhaitez d\u00e9velopper et une proposition des possibles activit\u00e9s qui peuvent en d\u00e9couler. (longueur max de 2 pages)<\/span><\/li>\n<li><b>D\u00e9marche artistique.<\/b><\/li>\n<li aria-level=\"1\"><b>CV artistique.<\/b><\/li>\n<li style=\"font-weight: 400;\" aria-level=\"1\"><b>Dossier graphique avec les projets et\/ou les oeuvres repr\u00e9sentatives du parcours artistique<\/b><span style=\"font-weight: 400;\">. Vous pouvez ajouter des r\u00e9f\u00e9rences qui facilitent la compr\u00e9hension du travail, liens web, r\u00e9seaux sociaux (maximum 5 projets et 5 pages)<\/span><\/li>\n<li style=\"font-weight: 400;\" aria-level=\"1\"><b>Le formulaire de donn\u00e9es personnelles (<a href=\"http:\/\/deltaart.org\/wp-content\/uploads\/2021\/02\/FORMULAIRE-FRANC\u0327AIS.pdf\">FORMULAIRE FRANC\u0327AIS<\/a>).<\/b><\/li>\n<\/ul>\n<p>&nbsp;<\/p>\n<h3><b>Acceptation du r\u00e8glement<\/b><\/h3>\n<ul>\n<li style=\"font-weight: 400;\" aria-level=\"1\"><span style=\"font-weight: 400;\">La participation \u00e0 cet appel aux artistes implique une acceptation totale du r\u00e8glement, ainsi que des \u00e9ventuels changements \u00e9trangers \u00e0 l\u2019organisation<\/span><\/li>\n<li style=\"font-weight: 400;\" aria-level=\"1\"><span style=\"font-weight: 400;\">Si l\u2019organisation le juge n\u00e9cessaire, il pourra vous \u00eatre propos\u00e9 une entrevue virtuelle avec les responsables des entit\u00e9s participantes<\/span><\/li>\n<li style=\"font-weight: 400;\" aria-level=\"1\"><span style=\"font-weight: 400;\">L\u2019artiste c\u00e8de \u00e0 l\u2019organisation les droits d\u2019image personnels des oeuvres cr\u00e9\u00e9es ou en cours de cr\u00e9ation aux fins de communication du projet<\/span><\/li>\n<li style=\"font-weight: 400;\" aria-level=\"1\"><span style=\"font-weight: 400;\">L\u2019artiste c\u00e8de le droit d\u2019exposition ou de r\u00e9alisation d\u2019activit\u00e9s parall\u00e8les d\u00e9coulant de ses projets pendant la p\u00e9riode de la r\u00e9sidence itin\u00e9rante<\/span><\/li>\n<li style=\"font-weight: 400;\" aria-level=\"1\"><span style=\"font-weight: 400;\">De plus, l\u2019artiste s\u2019engage \u00e0 :<\/span>\n<ul>\n<li style=\"font-weight: 400;\" aria-level=\"2\"><span style=\"font-weight: 400;\">R\u00e9aliser le projet de recherche et\/ou de cr\u00e9ation, tout comme l\u2019activit\u00e9 qui en d\u00e9coule, dans le temps de la r\u00e9sidence itin\u00e9rante.<\/span><\/li>\n<li style=\"font-weight: 400;\" aria-level=\"2\"><span style=\"font-weight: 400;\">Dans la mesure du possible, de faire ses achats de production dans les commerces des territoires de l\u2019euror\u00e9gion, en \u00e9vitant les achats internationaux \u00e0 travers des plateformes comme Amazon<\/span><\/li>\n<li style=\"font-weight: 400;\" aria-level=\"2\"><span style=\"font-weight: 400;\">Respecter les r\u00e8gles de chaque espace de r\u00e9sidence (Casa d\u2019Artistes, El Konvent et La Providence).<\/span><\/li>\n<li style=\"font-weight: 400;\" aria-level=\"2\"><span style=\"font-weight: 400;\">Citer les entit\u00e9s collaboratrices (Es Far Cultural, Konvent, La Providence Centre Catal\u00e0 d\u2019Art Vivant, Jiser Reflexions Mediterr\u00e0nies et l\u2019Euroregion) lors de la diffusion du projet r\u00e9alis\u00e9 dans le cadre de ILLA. 2\u00e8me \u00e9dition\u00a0 Delta Art R\u00e9sidence.<\/span><\/li>\n<\/ul>\n<\/li>\n<\/ul>\n<p>[\/vc_column_text][vc_empty_space][vc_single_image image=\u00a0\u00bb500&Prime; img_size=\u00a0\u00bbmedium\u00a0\u00bb alignment=\u00a0\u00bbcenter\u00a0\u00bb qode_css_animation=\u00a0\u00bb\u00a0\u00bb][vc_empty_space][vc_column_text]<\/p>\n<p style=\"text-align: center;\">Un projecte de:<\/p>\n<p>[\/vc_column_text][vc_empty_space][vc_column_text]<\/p>\n<p style=\"text-align: center;\"><a href=\"https:\/\/casadartistes.esfarcultural.net\/\"><img loading=\"lazy\" decoding=\"async\" class=\"alignnone wp-image-507\" src=\"http:\/\/deltaart.org\/wp-content\/uploads\/2021\/01\/casa-art-recerca-bn-copia-300x73.png\" alt=\"\" width=\"185\" height=\"45\" srcset=\"http:\/\/deltaart.org\/wp-content\/uploads\/2021\/01\/casa-art-recerca-bn-copia-300x73.png 300w, http:\/\/deltaart.org\/wp-content\/uploads\/2021\/01\/casa-art-recerca-bn-copia-1024x251.png 1024w, http:\/\/deltaart.org\/wp-content\/uploads\/2021\/01\/casa-art-recerca-bn-copia-768x188.png 768w, http:\/\/deltaart.org\/wp-content\/uploads\/2021\/01\/casa-art-recerca-bn-copia-1536x376.png 1536w, http:\/\/deltaart.org\/wp-content\/uploads\/2021\/01\/casa-art-recerca-bn-copia-2048x502.png 2048w, http:\/\/deltaart.org\/wp-content\/uploads\/2021\/01\/casa-art-recerca-bn-copia-700x171.png 700w, http:\/\/deltaart.org\/wp-content\/uploads\/2021\/01\/casa-art-recerca-bn-copia-1100x269.png 1100w, http:\/\/deltaart.org\/wp-content\/uploads\/2021\/01\/casa-art-recerca-bn-copia-600x147.png 600w\" sizes=\"auto, (max-width: 185px) 100vw, 185px\" \/><\/a>\u00a0 \u00a0 \u00a0 \u00a0 \u00a0 \u00a0<a href=\"https:\/\/www.jiser.org\/\"><img loading=\"lazy\" decoding=\"async\" class=\"alignnone wp-image-271\" src=\"http:\/\/deltaart.org\/wp-content\/uploads\/2020\/02\/Logo-Jiser.png\" alt=\"\" width=\"86\" height=\"53\" srcset=\"http:\/\/deltaart.org\/wp-content\/uploads\/2020\/02\/Logo-Jiser.png 876w, http:\/\/deltaart.org\/wp-content\/uploads\/2020\/02\/Logo-Jiser-300x187.png 300w, http:\/\/deltaart.org\/wp-content\/uploads\/2020\/02\/Logo-Jiser-768x478.png 768w, http:\/\/deltaart.org\/wp-content\/uploads\/2020\/02\/Logo-Jiser-700x436.png 700w, http:\/\/deltaart.org\/wp-content\/uploads\/2020\/02\/Logo-Jiser-600x373.png 600w\" sizes=\"auto, (max-width: 86px) 100vw, 86px\" \/><\/a>\u00a0 \u00a0 \u00a0 \u00a0 \u00a0<img loading=\"lazy\" decoding=\"async\" class=\"alignnone wp-image-521 \" src=\"http:\/\/deltaart.org\/wp-content\/uploads\/2021\/01\/logo-web-la-providence-150x150.png\" alt=\"\" width=\"62\" height=\"62\" srcset=\"http:\/\/deltaart.org\/wp-content\/uploads\/2021\/01\/logo-web-la-providence-150x150.png 150w, http:\/\/deltaart.org\/wp-content\/uploads\/2021\/01\/logo-web-la-providence-550x550.png 550w, http:\/\/deltaart.org\/wp-content\/uploads\/2021\/01\/logo-web-la-providence-500x500.png 500w, http:\/\/deltaart.org\/wp-content\/uploads\/2021\/01\/logo-web-la-providence-1000x1000.png 1000w, http:\/\/deltaart.org\/wp-content\/uploads\/2021\/01\/logo-web-la-providence-300x300.png 300w, http:\/\/deltaart.org\/wp-content\/uploads\/2021\/01\/logo-web-la-providence-100x100.png 100w\" sizes=\"auto, (max-width: 62px) 100vw, 62px\" \/>\u00a0 \u00a0 \u00a0 \u00a0 \u00a0<a href=\"https:\/\/konventzero.com\/\"><img loading=\"lazy\" decoding=\"async\" class=\"alignnone wp-image-504\" src=\"http:\/\/deltaart.org\/wp-content\/uploads\/2021\/01\/LOGO-KONVENT-300x81.png\" alt=\"\" width=\"206\" height=\"56\" \/><\/a><\/p>\n<p>[\/vc_column_text][vc_empty_space][vc_column_text]<\/p>\n<p style=\"text-align: center;\">Amb el suport de<\/p>\n<p><img loading=\"lazy\" decoding=\"async\" class=\"alignnone size-medium wp-image-413 aligncenter\" src=\"http:\/\/deltaart.org\/wp-content\/uploads\/2020\/09\/logo-horizontal-300x159.jpg\" alt=\"\" width=\"300\" height=\"159\" srcset=\"http:\/\/deltaart.org\/wp-content\/uploads\/2020\/09\/logo-horizontal-300x159.jpg 300w, http:\/\/deltaart.org\/wp-content\/uploads\/2020\/09\/logo-horizontal-1024x544.jpg 1024w, http:\/\/deltaart.org\/wp-content\/uploads\/2020\/09\/logo-horizontal-768x408.jpg 768w, http:\/\/deltaart.org\/wp-content\/uploads\/2020\/09\/logo-horizontal-1536x816.jpg 1536w, http:\/\/deltaart.org\/wp-content\/uploads\/2020\/09\/logo-horizontal-2048x1088.jpg 2048w, http:\/\/deltaart.org\/wp-content\/uploads\/2020\/09\/logo-horizontal-700x372.jpg 700w, http:\/\/deltaart.org\/wp-content\/uploads\/2020\/09\/logo-horizontal-1100x584.jpg 1100w, http:\/\/deltaart.org\/wp-content\/uploads\/2020\/09\/logo-horizontal-600x319.jpg 600w\" sizes=\"auto, (max-width: 300px) 100vw, 300px\" \/>[\/vc_column_text][\/vc_column][\/vc_row][vc_row row_type=\u00a0\u00bbrow\u00a0\u00bb use_row_as_full_screen_section=\u00a0\u00bbno\u00a0\u00bb type=\u00a0\u00bbfull_width\u00a0\u00bb text_align=\u00a0\u00bbleft\u00a0\u00bb background_animation=\u00a0\u00bbnone\u00a0\u00bb css_animation=\u00a0\u00bb\u00a0\u00bb][vc_column][vc_separator type=\u00a0\u00bbnormal\u00a0\u00bb border_style=\u00a0\u00bb\u00a0\u00bb][\/vc_column][\/vc_row]<\/p>\n<\/div>","protected":false},"excerpt":{"rendered":"<p>[vc_row row_type=\u00a0\u00bbrow\u00a0\u00bb use_row_as_full_screen_section=\u00a0\u00bbno\u00a0\u00bb type=\u00a0\u00bbfull_width\u00a0\u00bb text_align=\u00a0\u00bbleft\u00a0\u00bb background_animation=\u00a0\u00bbnone\u00a0\u00bb css_animation=\u00a0\u00bb\u00a0\u00bb][vc_column][vc_column_text] ILLA \ud83d\udd3a2\u00e8me \u00c9DITION DE DELTA ART R\u00c9SIDENCE [\/vc_column_text][vc_empty_space][vc_column_text] APPEL AUX ARTISTES &nbsp; Es Far Cultural, en collaboration avec Konvent (Berga), La Providence Centre Catalan d\u2019Art Vivant (Ille Sur T\u00eat) et Jiser Reflexions Mediterr\u00e0nies (Barcelona) pr\u00e9sentent le programme de&#8230;<\/p>\n","protected":false},"author":1,"featured_media":0,"parent":0,"menu_order":0,"comment_status":"closed","ping_status":"closed","template":"","meta":{"footnotes":""},"class_list":["post-499","page","type-page","status-publish","hentry"],"_links":{"self":[{"href":"http:\/\/deltaart.org\/fr\/wp-json\/wp\/v2\/pages\/499","targetHints":{"allow":["GET"]}}],"collection":[{"href":"http:\/\/deltaart.org\/fr\/wp-json\/wp\/v2\/pages"}],"about":[{"href":"http:\/\/deltaart.org\/fr\/wp-json\/wp\/v2\/types\/page"}],"author":[{"embeddable":true,"href":"http:\/\/deltaart.org\/fr\/wp-json\/wp\/v2\/users\/1"}],"replies":[{"embeddable":true,"href":"http:\/\/deltaart.org\/fr\/wp-json\/wp\/v2\/comments?post=499"}],"version-history":[{"count":36,"href":"http:\/\/deltaart.org\/fr\/wp-json\/wp\/v2\/pages\/499\/revisions"}],"predecessor-version":[{"id":771,"href":"http:\/\/deltaart.org\/fr\/wp-json\/wp\/v2\/pages\/499\/revisions\/771"}],"wp:attachment":[{"href":"http:\/\/deltaart.org\/fr\/wp-json\/wp\/v2\/media?parent=499"}],"curies":[{"name":"wp","href":"https:\/\/api.w.org\/{rel}","templated":true}]}}