{"id":561,"date":"2021-03-16T10:47:59","date_gmt":"2021-03-16T10:47:59","guid":{"rendered":"http:\/\/deltaart.org\/fr\/?page_id=561"},"modified":"2021-04-16T15:36:09","modified_gmt":"2021-04-16T15:36:09","slug":"artistes-2021","status":"publish","type":"page","link":"http:\/\/deltaart.org\/fr\/artistes-2021","title":{"rendered":"ARTISTES 2021"},"content":{"rendered":"<div class=\"wpb-content-wrapper\"><p>[vc_row row_type=\u00a0\u00bbrow\u00a0\u00bb use_row_as_full_screen_section=\u00a0\u00bbno\u00a0\u00bb type=\u00a0\u00bbfull_width\u00a0\u00bb text_align=\u00a0\u00bbleft\u00a0\u00bb background_animation=\u00a0\u00bbnone\u00a0\u00bb css_animation=\u00a0\u00bb\u00a0\u00bb][vc_column][vc_column_text]<\/p>\n<h2 style=\"text-align: center;\"><b>R\u00e9sultats de l\u2019appel \u00e0 candidatures ILLA 2021<\/b><\/h2>\n<p style=\"text-align: center;\"><span style=\"font-weight: 400;\">Nous sommes tr\u00e8s heureux de communiquer officiellement les r\u00e9sultats de l&rsquo;appel \u00e0 candidature pour la <\/span><b>r\u00e9sidence ILLA<\/b><span style=\"font-weight: 400;\">.<\/span><\/p>\n<p style=\"text-align: center;\"><span style=\"font-weight: 400;\">Le jury de cet appel, compos\u00e9 par le\u00a0commissaire Joan Vila i Boix,\u00a0l&rsquo;entrepreneur culturel Cl\u00e9mence Giraud et l&rsquo;artiste Isabelle Riu a s\u00e9lectionn\u00e9 les candidatures des artistes suivants :<\/span><\/p>\n<p style=\"text-align: center;\"><b>\u00celes Bal\u00e9ares<\/b><\/p>\n<p style=\"text-align: center;\"><span style=\"font-weight: 400;\">Gabriel Llin\u00e0s Soto<\/span><\/p>\n<p style=\"text-align: center;\"><b>Occitanie<\/b><\/p>\n<p style=\"text-align: center;\"><span style=\"font-weight: 400;\">La\u00ebtitia Lazizi<\/span><\/p>\n<p style=\"text-align: center;\"><b>Catalogne<\/b><\/p>\n<p style=\"text-align: center;\"><span style=\"font-weight: 400;\">Alba Rihe<\/span><\/p>\n<p style=\"text-align: center;\"><span style=\"font-weight: 400;\">Nous tenons \u00e9galement \u00e0 remercier sinc\u00e8rement les 28 artistes qui nous ont envoy\u00e9 leur candidature pour cet appel. Le niveau a \u00e9t\u00e9 exceptionnel et c&rsquo;\u00e9tait une \u00e9norme responsabilit\u00e9 pour nous de devoir s\u00e9lectionner les projets qui correspondent le mieux aux objectifs de la R\u00e9sidence ILLA.<\/span><\/p>\n<p>[\/vc_column_text][vc_empty_space][vc_empty_space][vc_column_text]<\/p>\n<h4 style=\"text-align: center;\"><span style=\"color: #000000;\"><strong>ILLA DELTA ART 2021<\/strong><\/span><\/h4>\n<p>[\/vc_column_text][\/vc_column][\/vc_row][vc_row row_type=\u00a0\u00bbrow\u00a0\u00bb use_row_as_full_screen_section=\u00a0\u00bbno\u00a0\u00bb type=\u00a0\u00bbfull_width\u00a0\u00bb text_align=\u00a0\u00bbleft\u00a0\u00bb background_animation=\u00a0\u00bbnone\u00a0\u00bb css_animation=\u00a0\u00bb\u00a0\u00bb css=\u00a0\u00bb.vc_custom_1594990760589{padding-top: 30px !important;}\u00a0\u00bb][vc_column][vc_separator type=\u00a0\u00bbnormal\u00a0\u00bb border_style=\u00a0\u00bb\u00a0\u00bb color=\u00a0\u00bb#00ffcc\u00a0\u00bb][vc_column_text]<\/p>\n<h4 style=\"text-align: left;\"><span style=\"color: #00ffcc;\"><strong>OCCIT\u00c0NIA<\/strong><\/span><\/h4>\n<p>[\/vc_column_text][\/vc_column][\/vc_row][vc_row row_type=\u00a0\u00bbrow\u00a0\u00bb use_row_as_full_screen_section=\u00a0\u00bbno\u00a0\u00bb type=\u00a0\u00bbfull_width\u00a0\u00bb text_align=\u00a0\u00bbleft\u00a0\u00bb background_animation=\u00a0\u00bbnone\u00a0\u00bb css_animation=\u00a0\u00bb\u00a0\u00bb css=\u00a0\u00bb.vc_custom_1594989017316{padding-top: 30px !important;padding-bottom: 30px !important;}\u00a0\u00bb][vc_column width=\u00a0\u00bb2\/3&Prime;][vc_column_text]<\/p>\n<p class=\"_04xlpA direction-ltr align-justify para-style-body\"><strong><span class=\"JsGRdQ\" style=\"color: #000000;\">LA\u00cbTITIA LAZIZI<\/span><\/strong><\/p>\n<p class=\"_04xlpA direction-ltr align-justify para-style-body\"><span class=\"JsGRdQ\" style=\"color: #000000;\">Je commence \u00e0 exp\u00e9rimenter la photographie autour de l&rsquo;autoportrait en 1997 : je suis support.<\/span><\/p>\n<p class=\"_04xlpA direction-ltr align-justify para-style-body\"><span class=\"JsGRdQ\" style=\"color: #000000;\">Mes auto-fictions s&rsquo;organisent en chapitres comme un livre de po\u00e9sies visuelles en cours d&rsquo;\u00e9criture. Elles prennent la forme de photos, films et plus r\u00e9cemment d&rsquo;aphorismes qui se r\u00e9pondent, se compl\u00e8tent ou brouillent parfois les pistes.<\/span><\/p>\n<p class=\"_04xlpA direction-ltr align-justify para-style-body\"><span class=\"JsGRdQ\" style=\"color: #000000;\">Tout cela se projette, s&rsquo;accroche, se suspend, sur des murs, sur le sol, sur des mati\u00e8res fluides et transparentes, sous la lumi\u00e8re ou dans la p\u00e9nombre. Parfois \u00e0 l&rsquo;abri des regards dans des bo\u00eetes qui ne s&rsquo;ouvrent que rarement.<\/span><\/p>\n<p class=\"_04xlpA direction-ltr align-justify para-style-body\"><span class=\"JsGRdQ\" style=\"color: #000000;\">Il s&rsquo;agit d&rsquo;histoires de m\u00e9moire &#8211; personnelle ou collective &#8211; , de construction de l&rsquo;identit\u00e9, du visible et du cach\u00e9. Des histoires de l&rsquo;intime.\u00a0\u00bb<\/span><\/p>\n<p>&nbsp;<\/p>\n<p><a href=\"https:\/\/www.laetitialazizi.com\/\">WEB<\/a><\/p>\n<p><span style=\"color: #000000;\">IG @laetitia_lazizi<\/span>[\/vc_column_text][\/vc_column][vc_column width=\u00a0\u00bb1\/3&Prime;][vc_single_image image=\u00a0\u00bb602&Prime; img_size=\u00a0\u00bbmedium\u00a0\u00bb alignment=\u00a0\u00bbcenter\u00a0\u00bb qode_css_animation=\u00a0\u00bb\u00a0\u00bb][vc_single_image image=\u00a0\u00bb603&Prime; img_size=\u00a0\u00bbmedium\u00a0\u00bb alignment=\u00a0\u00bbcenter\u00a0\u00bb qode_css_animation=\u00a0\u00bb\u00a0\u00bb css=\u00a0\u00bb.vc_custom_1617696259128{padding-top: 20px !important;}\u00a0\u00bb][\/vc_column][\/vc_row][vc_row row_type=\u00a0\u00bbrow\u00a0\u00bb use_row_as_full_screen_section=\u00a0\u00bbno\u00a0\u00bb type=\u00a0\u00bbfull_width\u00a0\u00bb text_align=\u00a0\u00bbleft\u00a0\u00bb background_animation=\u00a0\u00bbnone\u00a0\u00bb css_animation=\u00a0\u00bb\u00a0\u00bb css=\u00a0\u00bb.vc_custom_1594989992393{padding-top: 30px !important;}\u00a0\u00bb][vc_column][vc_separator type=\u00a0\u00bbnormal\u00a0\u00bb border_style=\u00a0\u00bb\u00a0\u00bb color=\u00a0\u00bb#00ffcc\u00a0\u00bb][vc_column_text]<\/p>\n<h4 style=\"text-align: left;\"><span style=\"color: #00ffcc;\"><strong>CATALUNYA<\/strong><\/span><\/h4>\n<p>[\/vc_column_text][\/vc_column][\/vc_row][vc_row row_type=\u00a0\u00bbrow\u00a0\u00bb use_row_as_full_screen_section=\u00a0\u00bbno\u00a0\u00bb type=\u00a0\u00bbfull_width\u00a0\u00bb text_align=\u00a0\u00bbleft\u00a0\u00bb background_animation=\u00a0\u00bbnone\u00a0\u00bb css_animation=\u00a0\u00bb\u00a0\u00bb css=\u00a0\u00bb.vc_custom_1594989032830{padding-top: 30px !important;padding-bottom: 30px !important;}\u00a0\u00bb][vc_column width=\u00a0\u00bb1\/3&Prime;][vc_single_image image=\u00a0\u00bb604&Prime; img_size=\u00a0\u00bbmedium\u00a0\u00bb alignment=\u00a0\u00bbcenter\u00a0\u00bb qode_css_animation=\u00a0\u00bb\u00a0\u00bb][vc_single_image image=\u00a0\u00bb605&Prime; img_size=\u00a0\u00bbmedium\u00a0\u00bb alignment=\u00a0\u00bbcenter\u00a0\u00bb qode_css_animation=\u00a0\u00bb\u00a0\u00bb css=\u00a0\u00bb.vc_custom_1617696608341{padding-top: 10px !important;}\u00a0\u00bb][\/vc_column][vc_column width=\u00a0\u00bb2\/3&Prime;][vc_column_text]<span style=\"color: #000000;\"><strong>ALBA RIHE<\/strong><\/span><\/p>\n<p><span style=\"color: #000000;\">Peu importe les yeux qui vous liront et la salutation ne fait de mal \u00e0 personne, maintenant je peux donner ma \u00abturrita\u00bb.<\/span><br \/>\n<span style=\"color: #000000;\">Les chercheurs artistiques tournent autour des m\u00eames stimuli tout au long de la vie, les ann\u00e9es sont comme les anneaux concentriques qui forment les troncs d&rsquo;arbres, dans notre cas, les for\u00eats de la cr\u00e9ativit\u00e9. Mon paysage est fait de corps, d&rsquo;humour, de mouvement, de parole et de vibration, vers ces concepts de totems je marche et concentre mon regard, pour cr\u00e9er des images, floues ou nettes &#8230; Cela a toujours \u00e9t\u00e9 un effort pour moi de me d\u00e9finir, d\u00e9j\u00e0 que je ne sais jamais quel est le meilleur #hastag pour me dire, ces derniers temps j&rsquo;utilise celui de la germination culturelle et mes t\u00e2ches ont un rayon d&rsquo;action allant de l&rsquo;\u00e9ducateur artistique au clown conceptuel. Revoir ce que je fais, ce qui me stimule le plus, c&rsquo;est communiquer et trouver diff\u00e9rentes m\u00e9thodologies, collectivement et individuellement. Dans ce pr\u00e9sent ici et maintenant, je regarde les mots, comment les prononcer, comment les structurer, comment le corps les dit, comment le rythme les dit, comment l&rsquo;auditeur les per\u00e7oit, comment et quand danser avec eux, comment les mots deviennent des voix chorales qui accompagnent les souvenirs, comment ils se fondent avec le paysage, comment ils impactent l&rsquo;architecture, comment ils parlent du pr\u00e9sent, comment ils parlent de ce qui est f\u00e9minin, comment ils sont inconfortables, comment ils sont politis\u00e9s, comment ils sont v\u00e9cus.\u00a0<\/span><\/p>\n<p>&nbsp;<\/p>\n<p><a href=\"https:\/\/albarihe.com\/\">Web<\/a><\/p>\n<p><span style=\"color: #000000;\">IG @albarihe<\/span><br \/>\n<span style=\"color: #000000;\">TW @alba_rihe<\/span>[\/vc_column_text][\/vc_column][\/vc_row][vc_row row_type=\u00a0\u00bbrow\u00a0\u00bb use_row_as_full_screen_section=\u00a0\u00bbno\u00a0\u00bb type=\u00a0\u00bbfull_width\u00a0\u00bb text_align=\u00a0\u00bbleft\u00a0\u00bb background_animation=\u00a0\u00bbnone\u00a0\u00bb css_animation=\u00a0\u00bb\u00a0\u00bb css=\u00a0\u00bb.vc_custom_1594989983011{padding-top: 30px !important;}\u00a0\u00bb][vc_column][vc_separator type=\u00a0\u00bbnormal\u00a0\u00bb border_style=\u00a0\u00bb\u00a0\u00bb color=\u00a0\u00bb#00ffcc\u00a0\u00bb][vc_column_text]<\/p>\n<h4 style=\"text-align: left;\"><span style=\"color: #00ffcc;\"><strong>ILLES BALEARS<\/strong><\/span><\/h4>\n<p>[\/vc_column_text][\/vc_column][\/vc_row][vc_row row_type=\u00a0\u00bbrow\u00a0\u00bb use_row_as_full_screen_section=\u00a0\u00bbno\u00a0\u00bb type=\u00a0\u00bbfull_width\u00a0\u00bb text_align=\u00a0\u00bbleft\u00a0\u00bb background_animation=\u00a0\u00bbnone\u00a0\u00bb css_animation=\u00a0\u00bb\u00a0\u00bb css=\u00a0\u00bb.vc_custom_1594989049323{padding-top: 30px !important;padding-bottom: 30px !important;}\u00a0\u00bb][vc_column width=\u00a0\u00bb2\/3&Prime;][vc_column_text]<strong><span style=\"color: #000000;\">BIEL LLIN\u00c0S<\/span><\/strong><\/p>\n<p><span style=\"color: #000000;\">La pratique de Biel Llin\u00e0s (Felanitx, 1994) se d\u00e9veloppe entre cr\u00e9ation artistique, recherche et m\u00e9diation, explorant les intersections entre l&rsquo;espace, l&rsquo;individu et l&rsquo;exp\u00e9rience. Dans une perspective critique et pluridisciplinaire, particuli\u00e8rement marqu\u00e9e par la peinture, elle interroge ces lieux communs (architecturaux, culturels, fictifs &#8230;) que nous habitons, consommons et produisons au quotidien. Il explore \u00e9galement les logiques biopolitiques inh\u00e9rentes au fonctionnement de l&rsquo;espace urbain et les conditions mat\u00e9rielles sous-jacentes au travail cr\u00e9atif \u00e0 l&rsquo;\u00e8re num\u00e9rique.<\/span><\/p>\n<p><span style=\"color: #000000;\">Il est membre fondateur de NAAG Collective et a d\u00e9velopp\u00e9 plusieurs projets avec Ada Fuentes, comme Self storage. Esth\u00e9tique de l&rsquo;urgence du logement et au-dessus \/ sous la maison. Il r\u00e9side actuellement \u00e0 Barcelone, o\u00f9 il travaille dans un atelier domestique de 5 m2 et est doctorant \u00e0 la facult\u00e9 BBAA de l&rsquo;UBA. Il a r\u00e9cemment particip\u00e9 \u00e0 Primal Distance, une exposition, un programme public et une publication produits par Looking Forward (Londres) et Sant Andreu Contemporani (Barcelone) et \u00e0 la JCE Biennale d&rsquo;Art Contemporain, qui a fait le tour de villes comme Paris (France), Cluj (Roumanie) et Hjorring (Danemark).<\/span><\/p>\n<p><span style=\"color: #000000;\">Il a re\u00e7u des bourses de r\u00e9sidence et de recherche de Fabra i Coats F\u00e0brica de Creaci\u00f3n, La Escocesa, le CCCB, Unzip, Homesession et Belgrade AIR. En 2020, il a ouvert sa troisi\u00e8me exposition personnelle, Shades of White, au KCM (Belgrade) et en 2019, il a re\u00e7u le II prix du concours d&rsquo;art visuel Art Jove IB et est finaliste pour le prix Antoni Gelabert Ciutat de Palma pour les arts visuels.<\/span><\/p>\n<p>&nbsp;<\/p>\n<p><a href=\"https:\/\/bielllinas.hotglue.me\/\">Web<\/a><\/p>\n<p><span style=\"color: #000000;\">IG @b.llinas<\/span><br \/>\n<span style=\"color: #000000;\">FB @bielllinasart<\/span>[\/vc_column_text][\/vc_column][vc_column width=\u00a0\u00bb1\/3&Prime;][vc_single_image image=\u00a0\u00bb606&Prime; img_size=\u00a0\u00bbmedium\u00a0\u00bb alignment=\u00a0\u00bbcenter\u00a0\u00bb qode_css_animation=\u00a0\u00bb\u00a0\u00bb][vc_single_image image=\u00a0\u00bb607&Prime; img_size=\u00a0\u00bbmedium\u00a0\u00bb alignment=\u00a0\u00bbcenter\u00a0\u00bb qode_css_animation=\u00a0\u00bb\u00a0\u00bb css=\u00a0\u00bb.vc_custom_1617696781227{padding-top: 10px !important;}\u00a0\u00bb][\/vc_column][\/vc_row][vc_row row_type=\u00a0\u00bbrow\u00a0\u00bb use_row_as_full_screen_section=\u00a0\u00bbno\u00a0\u00bb type=\u00a0\u00bbfull_width\u00a0\u00bb text_align=\u00a0\u00bbleft\u00a0\u00bb background_animation=\u00a0\u00bbnone\u00a0\u00bb css_animation=\u00a0\u00bb\u00a0\u00bb][vc_column][vc_column_text]<\/p>\n<p style=\"text-align: center;\">Organitzat per<\/p>\n<p>&nbsp;<\/p>\n<p style=\"text-align: center;\"><a href=\"https:\/\/casadartistes.esfarcultural.net\/\"><img loading=\"lazy\" decoding=\"async\" class=\"alignnone wp-image-507\" src=\"http:\/\/deltaart.org\/wp-content\/uploads\/2021\/01\/casa-art-recerca-bn-copia-300x73.png\" alt=\"\" width=\"185\" height=\"45\" srcset=\"http:\/\/deltaart.org\/wp-content\/uploads\/2021\/01\/casa-art-recerca-bn-copia-300x73.png 300w, http:\/\/deltaart.org\/wp-content\/uploads\/2021\/01\/casa-art-recerca-bn-copia-1024x251.png 1024w, http:\/\/deltaart.org\/wp-content\/uploads\/2021\/01\/casa-art-recerca-bn-copia-768x188.png 768w, http:\/\/deltaart.org\/wp-content\/uploads\/2021\/01\/casa-art-recerca-bn-copia-1536x376.png 1536w, http:\/\/deltaart.org\/wp-content\/uploads\/2021\/01\/casa-art-recerca-bn-copia-2048x502.png 2048w, http:\/\/deltaart.org\/wp-content\/uploads\/2021\/01\/casa-art-recerca-bn-copia-700x171.png 700w, http:\/\/deltaart.org\/wp-content\/uploads\/2021\/01\/casa-art-recerca-bn-copia-1100x269.png 1100w, http:\/\/deltaart.org\/wp-content\/uploads\/2021\/01\/casa-art-recerca-bn-copia-600x147.png 600w\" sizes=\"auto, (max-width: 185px) 100vw, 185px\" \/><\/a>\u00a0 \u00a0 \u00a0 \u00a0 \u00a0 \u00a0<a href=\"https:\/\/www.jiser.org\/\"><img loading=\"lazy\" decoding=\"async\" class=\"alignnone wp-image-271\" src=\"http:\/\/deltaart.org\/wp-content\/uploads\/2020\/02\/Logo-Jiser.png\" alt=\"\" width=\"86\" height=\"53\" srcset=\"http:\/\/deltaart.org\/wp-content\/uploads\/2020\/02\/Logo-Jiser.png 876w, http:\/\/deltaart.org\/wp-content\/uploads\/2020\/02\/Logo-Jiser-300x187.png 300w, http:\/\/deltaart.org\/wp-content\/uploads\/2020\/02\/Logo-Jiser-768x478.png 768w, http:\/\/deltaart.org\/wp-content\/uploads\/2020\/02\/Logo-Jiser-700x436.png 700w, http:\/\/deltaart.org\/wp-content\/uploads\/2020\/02\/Logo-Jiser-600x373.png 600w\" sizes=\"auto, (max-width: 86px) 100vw, 86px\" \/><\/a>\u00a0 \u00a0 \u00a0 \u00a0 \u00a0<a href=\"https:\/\/www.facebook.com\/laprovidenceccav\/\"><img loading=\"lazy\" decoding=\"async\" class=\"alignnone wp-image-521 \" src=\"http:\/\/deltaart.org\/wp-content\/uploads\/2021\/01\/logo-web-la-providence-150x150.png\" alt=\"\" width=\"62\" height=\"62\" srcset=\"http:\/\/deltaart.org\/wp-content\/uploads\/2021\/01\/logo-web-la-providence-150x150.png 150w, http:\/\/deltaart.org\/wp-content\/uploads\/2021\/01\/logo-web-la-providence-550x550.png 550w, http:\/\/deltaart.org\/wp-content\/uploads\/2021\/01\/logo-web-la-providence-500x500.png 500w, http:\/\/deltaart.org\/wp-content\/uploads\/2021\/01\/logo-web-la-providence-1000x1000.png 1000w, http:\/\/deltaart.org\/wp-content\/uploads\/2021\/01\/logo-web-la-providence-300x300.png 300w, http:\/\/deltaart.org\/wp-content\/uploads\/2021\/01\/logo-web-la-providence-100x100.png 100w\" sizes=\"auto, (max-width: 62px) 100vw, 62px\" \/><\/a>\u00a0 \u00a0 \u00a0 \u00a0 \u00a0<a href=\"https:\/\/konventzero.com\/\"><img loading=\"lazy\" decoding=\"async\" class=\"alignnone wp-image-504\" src=\"http:\/\/deltaart.org\/wp-content\/uploads\/2021\/01\/LOGO-KONVENT-300x81.png\" alt=\"\" width=\"206\" height=\"56\" \/><\/a><\/p>\n<p>[\/vc_column_text][vc_column_text]<\/p>\n<p>[\/vc_column_text][vc_empty_space height=\u00a0\u00bb62px\u00a0\u00bb][vc_column_text]<\/p>\n<p style=\"text-align: center;\">Amb el suport<\/p>\n<p>&nbsp;<\/p>\n<p style=\"text-align: center;\"><img loading=\"lazy\" decoding=\"async\" class=\"alignnone wp-image-582 aligncenter\" src=\"http:\/\/deltaart.org\/wp-content\/uploads\/2021\/03\/Cultura_Educacio_Joventut_Esports.png\" alt=\"\" width=\"193\" height=\"62\" srcset=\"http:\/\/deltaart.org\/wp-content\/uploads\/2021\/03\/Cultura_Educacio_Joventut_Esports.png 2000w, http:\/\/deltaart.org\/wp-content\/uploads\/2021\/03\/Cultura_Educacio_Joventut_Esports-300x96.png 300w, http:\/\/deltaart.org\/wp-content\/uploads\/2021\/03\/Cultura_Educacio_Joventut_Esports-1024x329.png 1024w, http:\/\/deltaart.org\/wp-content\/uploads\/2021\/03\/Cultura_Educacio_Joventut_Esports-768x247.png 768w, http:\/\/deltaart.org\/wp-content\/uploads\/2021\/03\/Cultura_Educacio_Joventut_Esports-1536x494.png 1536w, http:\/\/deltaart.org\/wp-content\/uploads\/2021\/03\/Cultura_Educacio_Joventut_Esports-700x225.png 700w, http:\/\/deltaart.org\/wp-content\/uploads\/2021\/03\/Cultura_Educacio_Joventut_Esports-1100x354.png 1100w, http:\/\/deltaart.org\/wp-content\/uploads\/2021\/03\/Cultura_Educacio_Joventut_Esports-600x193.png 600w\" sizes=\"auto, (max-width: 193px) 100vw, 193px\" \/><img loading=\"lazy\" decoding=\"async\" class=\"wp-image-589 aligncenter\" src=\"http:\/\/deltaart.org\/wp-content\/uploads\/2021\/03\/FUNDACIOe\u030c-BALEARIA-scaled.jpg\" alt=\"\" width=\"183\" height=\"130\" srcset=\"http:\/\/deltaart.org\/wp-content\/uploads\/2021\/03\/FUNDACIOe\u030c-BALEARIA-scaled.jpg 2560w, http:\/\/deltaart.org\/wp-content\/uploads\/2021\/03\/FUNDACIOe\u030c-BALEARIA-300x212.jpg 300w, http:\/\/deltaart.org\/wp-content\/uploads\/2021\/03\/FUNDACIOe\u030c-BALEARIA-1024x724.jpg 1024w, http:\/\/deltaart.org\/wp-content\/uploads\/2021\/03\/FUNDACIOe\u030c-BALEARIA-768x543.jpg 768w, http:\/\/deltaart.org\/wp-content\/uploads\/2021\/03\/FUNDACIOe\u030c-BALEARIA-1536x1086.jpg 1536w, http:\/\/deltaart.org\/wp-content\/uploads\/2021\/03\/FUNDACIOe\u030c-BALEARIA-2048x1448.jpg 2048w, http:\/\/deltaart.org\/wp-content\/uploads\/2021\/03\/FUNDACIOe\u030c-BALEARIA-700x495.jpg 700w, http:\/\/deltaart.org\/wp-content\/uploads\/2021\/03\/FUNDACIOe\u030c-BALEARIA-1100x778.jpg 1100w, http:\/\/deltaart.org\/wp-content\/uploads\/2021\/03\/FUNDACIOe\u030c-BALEARIA-600x424.jpg 600w\" sizes=\"auto, (max-width: 183px) 100vw, 183px\" \/><img loading=\"lazy\" decoding=\"async\" class=\"alignnone size-full wp-image-412\" src=\"http:\/\/deltaart.org\/wp-content\/uploads\/2020\/09\/logo-ajalaior.png\" alt=\"\" width=\"250\" height=\"150\" \/><\/p>\n<p>[\/vc_column_text][vc_empty_space][vc_separator type=\u00a0\u00bbnormal\u00a0\u00bb border_style=\u00a0\u00bb\u00a0\u00bb color=\u00a0\u00bb#000000&Prime;][\/vc_column][\/vc_row]<\/p>\n<\/div>","protected":false},"excerpt":{"rendered":"<p>[vc_row row_type=\u00a0\u00bbrow\u00a0\u00bb use_row_as_full_screen_section=\u00a0\u00bbno\u00a0\u00bb type=\u00a0\u00bbfull_width\u00a0\u00bb text_align=\u00a0\u00bbleft\u00a0\u00bb background_animation=\u00a0\u00bbnone\u00a0\u00bb css_animation=\u00a0\u00bb\u00a0\u00bb][vc_column][vc_column_text] R\u00e9sultats de l\u2019appel \u00e0 candidatures ILLA 2021 Nous sommes tr\u00e8s heureux de communiquer officiellement les r\u00e9sultats de l&rsquo;appel \u00e0 candidature pour la r\u00e9sidence ILLA. Le jury de cet appel, compos\u00e9 par le\u00a0commissaire Joan Vila i Boix,\u00a0l&rsquo;entrepreneur culturel Cl\u00e9mence&#8230;<\/p>\n","protected":false},"author":1,"featured_media":0,"parent":0,"menu_order":0,"comment_status":"closed","ping_status":"closed","template":"","meta":{"footnotes":""},"class_list":["post-561","page","type-page","status-publish","hentry"],"_links":{"self":[{"href":"http:\/\/deltaart.org\/fr\/wp-json\/wp\/v2\/pages\/561","targetHints":{"allow":["GET"]}}],"collection":[{"href":"http:\/\/deltaart.org\/fr\/wp-json\/wp\/v2\/pages"}],"about":[{"href":"http:\/\/deltaart.org\/fr\/wp-json\/wp\/v2\/types\/page"}],"author":[{"embeddable":true,"href":"http:\/\/deltaart.org\/fr\/wp-json\/wp\/v2\/users\/1"}],"replies":[{"embeddable":true,"href":"http:\/\/deltaart.org\/fr\/wp-json\/wp\/v2\/comments?post=561"}],"version-history":[{"count":23,"href":"http:\/\/deltaart.org\/fr\/wp-json\/wp\/v2\/pages\/561\/revisions"}],"predecessor-version":[{"id":610,"href":"http:\/\/deltaart.org\/fr\/wp-json\/wp\/v2\/pages\/561\/revisions\/610"}],"wp:attachment":[{"href":"http:\/\/deltaart.org\/fr\/wp-json\/wp\/v2\/media?parent=561"}],"curies":[{"name":"wp","href":"https:\/\/api.w.org\/{rel}","templated":true}]}}