{"id":566,"date":"2021-03-16T11:09:47","date_gmt":"2021-03-16T11:09:47","guid":{"rendered":"http:\/\/deltaart.org\/?page_id=566"},"modified":"2021-04-16T15:33:46","modified_gmt":"2021-04-16T15:33:46","slug":"qui-som-2","status":"publish","type":"page","link":"http:\/\/deltaart.org\/fr\/qui-som-2","title":{"rendered":"QUI SOM?"},"content":{"rendered":"<div class=\"wpb-content-wrapper\"><p>[vc_row row_type=\u00a0\u00bbrow\u00a0\u00bb use_row_as_full_screen_section=\u00a0\u00bbno\u00a0\u00bb type=\u00a0\u00bbfull_width\u00a0\u00bb text_align=\u00a0\u00bbleft\u00a0\u00bb background_animation=\u00a0\u00bbnone\u00a0\u00bb css_animation=\u00a0\u00bb\u00a0\u00bb][vc_column][vc_column_text]<\/p>\n<div class=\"page\" title=\"Page 8\">\n<div class=\"layoutArea\">\n<div class=\"column\">\n<h4>ES FAR CULTURAL (Menorca, Illes Balears)<\/h4>\n<p>F de Formaci\u00f3, A de Art, R de Recerca. Es FAR es dedica a la transformaci\u00f3 social a trav\u00e9s de la creaci\u00f3 d&rsquo;una xarxa cultural i art\u00edstica per apropar les illes a trav\u00e9s de la cultura. Gestiona una resid\u00e8ncia d&rsquo;artistes i crea projectes culturals innovadors com en MENORCA DOC FEST (Festival de fotografia i cinema documental), o ARTS AL NORD (Festival de m\u00fasica i art a llocs emblem\u00e0tics del nord geogr\u00e0fic de Menorca) i el projecte de r\u00e0dio cultural R\u00c0DIO FAR. <a href=\"http:\/\/www.esfarcultural.com\">P\u00e0gina web.\u00a0<\/a><\/p>\n<div class=\"page\" title=\"Page 10\">\n<div class=\"layoutArea\">\n<div class=\"column\">\n<ul>\n<li>ILLES D&rsquo;ART. Resid\u00e8ncia de creaci\u00f3 art\u00edstica a Menorca amb exposici\u00f3<\/li>\n<\/ul>\n<p>Col\u00b7lectiva itinerant a Mallorca, Menorca, Eivissa i Formentera. 5 edicions, des del 2015-. Actualment en la 5a edici\u00f3. Ianuguraci\u00f3 de l&rsquo;exposici\u00f3 col\u00b7lectiva 1 de mar\u00e7 2020 al Casal Solleric (Mallorca).<\/p>\n<ul>\n<li>MENORCA DOC FEST. Festival de fotografia i cinema documental. Primera edici\u00f3 el novembre 2019.<\/li>\n<li>LA NIT DEL VIATGER. 9 edicions d&rsquo;aquest festival de cinema d&rsquo;aventura i viatges de viatger d&rsquo;arreu del m\u00f3n. (2009-2018). El projecte s&rsquo;ha transformat cap al Menorca DOC FEST, donant m\u00e9s pes a la fotografia documenta.<\/li>\n<li>ARTS AL NORD. 3 edicions, 2017 i 2019. Cicle de m\u00fasica i art al nord de Menorca on es programen concerts de m\u00fasics emergents de Catalunya i Balears amb possibilitat d&rsquo;introduir tamb\u00e9 un grup de l&rsquo;Euroregi\u00f3 per l&rsquo;edici\u00f3 ARTS AL NORD 2020 en motiu del projecte DELTA.<\/li>\n<\/ul>\n<\/div>\n<\/div>\n<\/div>\n<\/div>\n<\/div>\n<\/div>\n<p>[\/vc_column_text][vc_empty_space][vc_column_text]<\/p>\n<h4>EL KONVENT<\/h4>\n<div>\n<div class=\"youtube-embed\">\n<p>El Konvent \u00e9s un antic convent de monges de finals del segle XIX reconvertit en un centre art\u00edstic multidisciplinar. \u00c9s un espai per l\u2019art, per\u00f2 a difer\u00e8ncia d\u2019altres, tamb\u00e9 \u00e9s una manera de fer i entendre la cultura arrelada al territori. La seva funci\u00f3 principal \u00e9s la mediaci\u00f3 cultural a trav\u00e9s de la creaci\u00f3 i difusi\u00f3 art\u00edstica amb la voluntat de dignificar l\u2019entorn, un paisatge \u00fanic mutant, on el contingut i el continent sovint no encaixen.<\/p>\n<p>L\u2019ess\u00e8ncia del projecte \u00e9s la llibertat, fet que implica renunciar a molts dels requisits de la gran majoria d\u2019organismes oficials. El Konvent s\u2019autogestiona, t\u00e9 les seves forces centr\u00edpetes i centr\u00edfugues, una idiosincr\u00e0sia particular que s\u2019ha convertit en un model de refer\u00e8ncia. L\u2019escala de treball \u00e9s glocal amb un enfocament que busca la suma d\u2019aportacions de diverses disciplines per esdevenir revulsiu cultural.<\/p>\n<\/div>\n<\/div>\n<div class=\"\">\n<div><\/div>\n<div class=\"youtube-embed\">El punt de partida \u00e9s la resili\u00e8ncia, no contemplem requisits preestablerts ni limitadors pel qu\u00e8 fa a la producci\u00f3 art\u00edstica. Oferim el que tenim: un espai singular que disposa d\u2019instal\u00b7lacions per a tot tipus d\u2019activitat, sigui individual o col\u00b7lectiva, aix\u00ed com uns espais comuns per facilitar l\u2019intercanvi i la interacci\u00f3 social.<\/div>\n<div><\/div>\n<div class=\"youtube-embed\">A canvi, cerquem propostes que aportin una mirada renovada al m\u00f3n de la creaci\u00f3 cultural. Estem oberts a aquells projectes que enriqueixin el discurs art\u00edstic, ens agraden les idees inacabades, les aventures inimaginables i la complicitat irreverent amb l\u2019espectador. <a href=\"https:\/\/konventzero.com\/\">P\u00e0gina web.\u00a0<\/a><\/div>\n<\/div>\n<p>[\/vc_column_text][vc_empty_space][vc_column_text]<\/p>\n<div class=\"page\" title=\"Page 8\">\n<div class=\"layoutArea\">\n<div class=\"column\">\n<h4>JISER REFLEXIONS MEDITERR\u00c0NIES (Barcelona, Catalunya)<\/h4>\n<p>JISER que significa \u201cpont\u201d en \u00e0rab que t\u00e9 per objectiu la promoci\u00f3 de la creaci\u00f3 art\u00edstica i l\u2019\u00fas de l\u2019art com a eina de transformaci\u00f3 social en l\u2019espai mediterrani, a trav\u00e9s de la realitzaci\u00f3 d\u2019activitats conjuntes que afavoreixin l\u2019intercanvi i l\u2019apropament entre les diferents realitats art\u00edstiques i culturals de la regi\u00f3. <a href=\"http:\/\/www.jiser.org\">P\u00e0gina web.<\/a><\/p>\n<\/div>\n<\/div>\n<\/div>\n<div class=\"page\" title=\"Page 10\">\n<div class=\"layoutArea\">\n<div class=\"column\">\n<ul>\n<li>Resid\u00e8ncies de Creaci\u00f3 BCN>TNS>ALG. Projecte de resid\u00e8ncies creat el 2010, que ha donat l\u2019oportunitat a 22 artistes fins ara de desenvolupar, produir i exposar un projecte personal a les ciutats de Barcelona, Tunis i Alger.<\/li>\n<li>Taula \/ \u0637\u0627\u0648\u0644\u0629, iniciada el 2017, amb l\u2019objectiu de crear un espai de reflexi\u00f3 i discussi\u00f3 sobre les arts, la cultura i la investigaci\u00f3 en ci\u00e8ncies humanes i socials a la Mediterr\u00e0nia. Tindrem diverses reunions on volem construir ponts entre la ciutat de Barcelona i altres punts de la regi\u00f3 per fomentar l\u2019intercanvi de perspectives, projectes i metodologies que s\u2019estan produint avui.<\/li>\n<li>MURAL \/ LOCAL \u00e9s una acci\u00f3 que proporciona a un artista cada any la paret que es troba al pati del taller de Jiser, amb una superf\u00edcie de 80 m2. Aquest any hem celebrat la tercera edici\u00f3 amb la paret d\u2019Ed Oner, un jove artista de Casablanca.<\/li>\n<\/ul>\n<\/div>\n<\/div>\n<\/div>\n<p>[\/vc_column_text][vc_empty_space][vc_column_text]<\/p>\n<h4>LA PROVIDENCE<\/h4>\n<p>La Providence Centre Catal\u00e0 d&rsquo;Art Vivant \u00e9s un espai d&rsquo;exposicions i difusi\u00f3 cultural, a m\u00e9s d&rsquo;una resid\u00e8ncia art\u00edstica que propicia la creaci\u00f3 d&rsquo;art contemporani \u00ab\u00a0des d&rsquo;aqu\u00ed i d&rsquo;altres llocs\u00a0\u00bb. Ubicada a la Casa Descatllar (casa hist\u00f2rica catalana) d&rsquo;Ille sur T\u00eat, al sud de Fran\u00e7a.<\/p>\n<p>Projecte : Treballem tant amb artistes transfronterers com internacionals, montem exposicions i acollim resid\u00e8ncies, fem intervencions a les escoles i collegis i acollim els joves per tallers art\u00edstics. collegi, participem a programmes d&rsquo;itiner\u00e8ncies art\u00edstiques amb el suport de l&rsquo;euroregi\u00f3 Balears-Catalunya-Occit\u00e0nia.<\/p>\n<p><a href=\"https:\/\/www.facebook.com\/laprovidenceccav\">Fb<\/a>[\/vc_column_text][vc_empty_space][vc_empty_space][\/vc_column][\/vc_row][vc_row row_type=\u00a0\u00bbrow\u00a0\u00bb use_row_as_full_screen_section=\u00a0\u00bbno\u00a0\u00bb type=\u00a0\u00bbfull_width\u00a0\u00bb text_align=\u00a0\u00bbleft\u00a0\u00bb background_animation=\u00a0\u00bbnone\u00a0\u00bb css_animation=\u00a0\u00bb\u00a0\u00bb][vc_column][vc_column_text]<\/p>\n<p style=\"text-align: center;\">Organis\u00e9 par<\/p>\n<p>&nbsp;<\/p>\n<p style=\"text-align: center;\"><a href=\"https:\/\/casadartistes.esfarcultural.net\/\"><img loading=\"lazy\" decoding=\"async\" class=\"alignnone wp-image-507\" src=\"http:\/\/deltaart.org\/wp-content\/uploads\/2021\/01\/casa-art-recerca-bn-copia-300x73.png\" alt=\"\" width=\"185\" height=\"45\" srcset=\"http:\/\/deltaart.org\/wp-content\/uploads\/2021\/01\/casa-art-recerca-bn-copia-300x73.png 300w, http:\/\/deltaart.org\/wp-content\/uploads\/2021\/01\/casa-art-recerca-bn-copia-1024x251.png 1024w, http:\/\/deltaart.org\/wp-content\/uploads\/2021\/01\/casa-art-recerca-bn-copia-768x188.png 768w, http:\/\/deltaart.org\/wp-content\/uploads\/2021\/01\/casa-art-recerca-bn-copia-1536x376.png 1536w, http:\/\/deltaart.org\/wp-content\/uploads\/2021\/01\/casa-art-recerca-bn-copia-2048x502.png 2048w, http:\/\/deltaart.org\/wp-content\/uploads\/2021\/01\/casa-art-recerca-bn-copia-700x171.png 700w, http:\/\/deltaart.org\/wp-content\/uploads\/2021\/01\/casa-art-recerca-bn-copia-1100x269.png 1100w, http:\/\/deltaart.org\/wp-content\/uploads\/2021\/01\/casa-art-recerca-bn-copia-600x147.png 600w\" sizes=\"auto, (max-width: 185px) 100vw, 185px\" \/><\/a>\u00a0 \u00a0 \u00a0 \u00a0 \u00a0 \u00a0<a href=\"https:\/\/www.jiser.org\/\"><img loading=\"lazy\" decoding=\"async\" class=\"alignnone wp-image-271\" src=\"http:\/\/deltaart.org\/wp-content\/uploads\/2020\/02\/Logo-Jiser.png\" alt=\"\" width=\"86\" height=\"53\" srcset=\"http:\/\/deltaart.org\/wp-content\/uploads\/2020\/02\/Logo-Jiser.png 876w, http:\/\/deltaart.org\/wp-content\/uploads\/2020\/02\/Logo-Jiser-300x187.png 300w, http:\/\/deltaart.org\/wp-content\/uploads\/2020\/02\/Logo-Jiser-768x478.png 768w, http:\/\/deltaart.org\/wp-content\/uploads\/2020\/02\/Logo-Jiser-700x436.png 700w, http:\/\/deltaart.org\/wp-content\/uploads\/2020\/02\/Logo-Jiser-600x373.png 600w\" sizes=\"auto, (max-width: 86px) 100vw, 86px\" \/><\/a>\u00a0 \u00a0 \u00a0 \u00a0 \u00a0<a href=\"https:\/\/www.facebook.com\/laprovidenceccav\/\"><img loading=\"lazy\" decoding=\"async\" class=\"alignnone wp-image-521 \" src=\"http:\/\/deltaart.org\/wp-content\/uploads\/2021\/01\/logo-web-la-providence-150x150.png\" alt=\"\" width=\"62\" height=\"62\" srcset=\"http:\/\/deltaart.org\/wp-content\/uploads\/2021\/01\/logo-web-la-providence-150x150.png 150w, http:\/\/deltaart.org\/wp-content\/uploads\/2021\/01\/logo-web-la-providence-550x550.png 550w, http:\/\/deltaart.org\/wp-content\/uploads\/2021\/01\/logo-web-la-providence-500x500.png 500w, http:\/\/deltaart.org\/wp-content\/uploads\/2021\/01\/logo-web-la-providence-1000x1000.png 1000w, http:\/\/deltaart.org\/wp-content\/uploads\/2021\/01\/logo-web-la-providence-300x300.png 300w, http:\/\/deltaart.org\/wp-content\/uploads\/2021\/01\/logo-web-la-providence-100x100.png 100w\" sizes=\"auto, (max-width: 62px) 100vw, 62px\" \/><\/a>\u00a0 \u00a0 \u00a0 \u00a0 \u00a0<a href=\"https:\/\/konventzero.com\/\"><img loading=\"lazy\" decoding=\"async\" class=\"alignnone wp-image-504\" src=\"http:\/\/deltaart.org\/wp-content\/uploads\/2021\/01\/LOGO-KONVENT-300x81.png\" alt=\"\" width=\"206\" height=\"56\" \/><\/a><\/p>\n<p>[\/vc_column_text][vc_empty_space][vc_column_text]<\/p>\n<p style=\"text-align: center;\">Amb el suport<\/p>\n<p>&nbsp;<\/p>\n<p style=\"text-align: center;\"><img loading=\"lazy\" decoding=\"async\" class=\"alignnone wp-image-582 aligncenter\" src=\"http:\/\/deltaart.org\/wp-content\/uploads\/2021\/03\/Cultura_Educacio_Joventut_Esports.png\" alt=\"\" width=\"193\" height=\"62\" srcset=\"http:\/\/deltaart.org\/wp-content\/uploads\/2021\/03\/Cultura_Educacio_Joventut_Esports.png 2000w, http:\/\/deltaart.org\/wp-content\/uploads\/2021\/03\/Cultura_Educacio_Joventut_Esports-300x96.png 300w, http:\/\/deltaart.org\/wp-content\/uploads\/2021\/03\/Cultura_Educacio_Joventut_Esports-1024x329.png 1024w, http:\/\/deltaart.org\/wp-content\/uploads\/2021\/03\/Cultura_Educacio_Joventut_Esports-768x247.png 768w, http:\/\/deltaart.org\/wp-content\/uploads\/2021\/03\/Cultura_Educacio_Joventut_Esports-1536x494.png 1536w, http:\/\/deltaart.org\/wp-content\/uploads\/2021\/03\/Cultura_Educacio_Joventut_Esports-700x225.png 700w, http:\/\/deltaart.org\/wp-content\/uploads\/2021\/03\/Cultura_Educacio_Joventut_Esports-1100x354.png 1100w, http:\/\/deltaart.org\/wp-content\/uploads\/2021\/03\/Cultura_Educacio_Joventut_Esports-600x193.png 600w\" sizes=\"auto, (max-width: 193px) 100vw, 193px\" \/><img loading=\"lazy\" decoding=\"async\" class=\"wp-image-589 aligncenter\" src=\"http:\/\/deltaart.org\/wp-content\/uploads\/2021\/03\/FUNDACIOe\u030c-BALEARIA-scaled.jpg\" alt=\"\" width=\"183\" height=\"130\" srcset=\"http:\/\/deltaart.org\/wp-content\/uploads\/2021\/03\/FUNDACIOe\u030c-BALEARIA-scaled.jpg 2560w, http:\/\/deltaart.org\/wp-content\/uploads\/2021\/03\/FUNDACIOe\u030c-BALEARIA-300x212.jpg 300w, http:\/\/deltaart.org\/wp-content\/uploads\/2021\/03\/FUNDACIOe\u030c-BALEARIA-1024x724.jpg 1024w, http:\/\/deltaart.org\/wp-content\/uploads\/2021\/03\/FUNDACIOe\u030c-BALEARIA-768x543.jpg 768w, http:\/\/deltaart.org\/wp-content\/uploads\/2021\/03\/FUNDACIOe\u030c-BALEARIA-1536x1086.jpg 1536w, http:\/\/deltaart.org\/wp-content\/uploads\/2021\/03\/FUNDACIOe\u030c-BALEARIA-2048x1448.jpg 2048w, http:\/\/deltaart.org\/wp-content\/uploads\/2021\/03\/FUNDACIOe\u030c-BALEARIA-700x495.jpg 700w, http:\/\/deltaart.org\/wp-content\/uploads\/2021\/03\/FUNDACIOe\u030c-BALEARIA-1100x778.jpg 1100w, http:\/\/deltaart.org\/wp-content\/uploads\/2021\/03\/FUNDACIOe\u030c-BALEARIA-600x424.jpg 600w\" sizes=\"auto, (max-width: 183px) 100vw, 183px\" \/><img loading=\"lazy\" decoding=\"async\" class=\"alignnone size-full wp-image-412\" src=\"http:\/\/deltaart.org\/wp-content\/uploads\/2020\/09\/logo-ajalaior.png\" alt=\"\" width=\"250\" height=\"150\" \/><\/p>\n<p>[\/vc_column_text][vc_empty_space][vc_separator type=\u00a0\u00bbnormal\u00a0\u00bb border_style=\u00a0\u00bb\u00a0\u00bb color=\u00a0\u00bb#000000&Prime;][\/vc_column][\/vc_row]<\/p>\n<\/div>","protected":false},"excerpt":{"rendered":"<p>[vc_row row_type=\u00a0\u00bbrow\u00a0\u00bb use_row_as_full_screen_section=\u00a0\u00bbno\u00a0\u00bb type=\u00a0\u00bbfull_width\u00a0\u00bb text_align=\u00a0\u00bbleft\u00a0\u00bb background_animation=\u00a0\u00bbnone\u00a0\u00bb css_animation=\u00a0\u00bb\u00a0\u00bb][vc_column][vc_column_text] ES FAR CULTURAL (Menorca, Illes Balears) F de Formaci\u00f3, A de Art, R de Recerca. Es FAR es dedica a la transformaci\u00f3 social a trav\u00e9s de la creaci\u00f3 d&rsquo;una xarxa cultural i art\u00edstica per apropar les illes a&#8230;<\/p>\n","protected":false},"author":1,"featured_media":0,"parent":0,"menu_order":0,"comment_status":"closed","ping_status":"closed","template":"","meta":{"footnotes":""},"class_list":["post-566","page","type-page","status-publish","hentry"],"_links":{"self":[{"href":"http:\/\/deltaart.org\/fr\/wp-json\/wp\/v2\/pages\/566","targetHints":{"allow":["GET"]}}],"collection":[{"href":"http:\/\/deltaart.org\/fr\/wp-json\/wp\/v2\/pages"}],"about":[{"href":"http:\/\/deltaart.org\/fr\/wp-json\/wp\/v2\/types\/page"}],"author":[{"embeddable":true,"href":"http:\/\/deltaart.org\/fr\/wp-json\/wp\/v2\/users\/1"}],"replies":[{"embeddable":true,"href":"http:\/\/deltaart.org\/fr\/wp-json\/wp\/v2\/comments?post=566"}],"version-history":[{"count":22,"href":"http:\/\/deltaart.org\/fr\/wp-json\/wp\/v2\/pages\/566\/revisions"}],"predecessor-version":[{"id":671,"href":"http:\/\/deltaart.org\/fr\/wp-json\/wp\/v2\/pages\/566\/revisions\/671"}],"wp:attachment":[{"href":"http:\/\/deltaart.org\/fr\/wp-json\/wp\/v2\/media?parent=566"}],"curies":[{"name":"wp","href":"https:\/\/api.w.org\/{rel}","templated":true}]}}