{"id":677,"date":"2021-05-13T09:18:19","date_gmt":"2021-05-13T09:18:19","guid":{"rendered":"http:\/\/deltaart.org\/?page_id=677"},"modified":"2023-12-21T13:35:32","modified_gmt":"2023-12-21T13:35:32","slug":"illa-menorca","status":"publish","type":"page","link":"http:\/\/deltaart.org\/fr\/illa-menorca","title":{"rendered":"ILLA MENORCA"},"content":{"rendered":"<div class=\"wpb-content-wrapper\"><p>[vc_row row_type=\u00a0\u00bbrow\u00a0\u00bb use_row_as_full_screen_section=\u00a0\u00bbno\u00a0\u00bb type=\u00a0\u00bbfull_width\u00a0\u00bb text_align=\u00a0\u00bbleft\u00a0\u00bb background_animation=\u00a0\u00bbnone\u00a0\u00bb css_animation=\u00a0\u00bb\u00a0\u00bb][vc_column][vc_column_text]<\/p>\n<h2><span style=\"color: #000000;\"><strong>Itiner\u00e0ncia Menorca\u00a0<\/strong><\/span><\/h2>\n<h3><span style=\"color: #00ffff;\"><strong><a style=\"color: #00ffff;\" href=\"https:\/\/casadartistes.esfarcultural.net\/\">CASA D&rsquo;ARTISTES\u00a0<\/a><\/strong><\/span><\/h3>\n<p>[\/vc_column_text][\/vc_column][\/vc_row][vc_row row_type=\u00a0\u00bbrow\u00a0\u00bb use_row_as_full_screen_section=\u00a0\u00bbno\u00a0\u00bb type=\u00a0\u00bbfull_width\u00a0\u00bb text_align=\u00a0\u00bbleft\u00a0\u00bb background_animation=\u00a0\u00bbnone\u00a0\u00bb css_animation=\u00a0\u00bb\u00a0\u00bb][vc_column][vc_empty_space][vc_empty_space][\/vc_column][\/vc_row][vc_row row_type=\u00a0\u00bbrow\u00a0\u00bb use_row_as_full_screen_section=\u00a0\u00bbno\u00a0\u00bb type=\u00a0\u00bbfull_width\u00a0\u00bb text_align=\u00a0\u00bbleft\u00a0\u00bb background_animation=\u00a0\u00bbnone\u00a0\u00bb css_animation=\u00a0\u00bb\u00a0\u00bb][vc_column width=\u00a0\u00bb2\/3&Prime;][vc_column_text]<img loading=\"lazy\" decoding=\"async\" class=\"alignnone size-full wp-image-703\" src=\"http:\/\/deltaart.org\/wp-content\/uploads\/2021\/05\/Captura-de-Pantalla-2021-05-13-a-les-12.01.58.png\" alt=\"\" width=\"2598\" height=\"2122\" srcset=\"http:\/\/deltaart.org\/wp-content\/uploads\/2021\/05\/Captura-de-Pantalla-2021-05-13-a-les-12.01.58.png 2598w, http:\/\/deltaart.org\/wp-content\/uploads\/2021\/05\/Captura-de-Pantalla-2021-05-13-a-les-12.01.58-300x245.png 300w, http:\/\/deltaart.org\/wp-content\/uploads\/2021\/05\/Captura-de-Pantalla-2021-05-13-a-les-12.01.58-1024x836.png 1024w, http:\/\/deltaart.org\/wp-content\/uploads\/2021\/05\/Captura-de-Pantalla-2021-05-13-a-les-12.01.58-768x627.png 768w, http:\/\/deltaart.org\/wp-content\/uploads\/2021\/05\/Captura-de-Pantalla-2021-05-13-a-les-12.01.58-1536x1255.png 1536w, http:\/\/deltaart.org\/wp-content\/uploads\/2021\/05\/Captura-de-Pantalla-2021-05-13-a-les-12.01.58-2048x1673.png 2048w, http:\/\/deltaart.org\/wp-content\/uploads\/2021\/05\/Captura-de-Pantalla-2021-05-13-a-les-12.01.58-700x572.png 700w, http:\/\/deltaart.org\/wp-content\/uploads\/2021\/05\/Captura-de-Pantalla-2021-05-13-a-les-12.01.58-1100x898.png 1100w, http:\/\/deltaart.org\/wp-content\/uploads\/2021\/05\/Captura-de-Pantalla-2021-05-13-a-les-12.01.58-600x490.png 600w\" sizes=\"auto, (max-width: 2598px) 100vw, 2598px\" \/>[\/vc_column_text][\/vc_column][vc_column width=\u00a0\u00bb1\/3&Prime;][vc_column_text]<\/p>\n<p style=\"text-align: center;\"><strong><span style=\"color: #000000;\">ILLA DELTA ART (2a edici\u00f3 DELTA ART)<\/span><\/strong><\/p>\n<p><span style=\"color: #000000;\">La Resid\u00e8ncia de resid\u00e8ncia de creaci\u00f3 i investigaci\u00f3 art\u00edstica itinerant Euroregional acaba la seva etapa a Menorca. En aquesta segona edici\u00f3 hi participen les artistes Biel Llin\u00e0s (Illes Balears), Alba Rihe (Catalunya) i La\u00ebtitia Lazizi (Occit\u00e0nia). \u00c9s un projecte de Es Far Cultural (Menorca) amb la col\u00b7laboraci\u00f3 del Konvent (Berga), La Providence Centre Catalan d&rsquo;Art Vivant (Ille sur T\u00eat) i Jiser Reflexions Mediterr\u00e0nies (Barcelona).<\/span><\/p>\n<p><span style=\"color: #000000;\">En motiu de tancament de la 1a etapa, que s&rsquo;ha fet a la Casa d&rsquo;Artistes d&rsquo;Es Far Cultural (Menorca), aquest dissabte 15 de maig es far\u00e0 una mostra de processos d&rsquo;investigaci\u00f3 art\u00edstica.<\/span><\/p>\n<p><span style=\"color: #000000;\">11h\/ Torre d&rsquo;En Galm\u00e9s (Alaior)Biel Llin\u00e0s presenta Temptatives de reconstrucci\u00f3. Una intervenci\u00f3 dialogada.<\/span><\/p>\n<p><span style=\"color: #000000;\">19h\/ Casa d&rsquo;Artistes (Es Mercadal) Alba Rihe presenta Illa de les Bledes. Proposta de perform\u00e0ncia.<\/span>[\/vc_column_text][\/vc_column][\/vc_row][vc_row row_type=\u00a0\u00bbrow\u00a0\u00bb use_row_as_full_screen_section=\u00a0\u00bbno\u00a0\u00bb type=\u00a0\u00bbfull_width\u00a0\u00bb text_align=\u00a0\u00bbleft\u00a0\u00bb background_animation=\u00a0\u00bbnone\u00a0\u00bb css_animation=\u00a0\u00bb\u00a0\u00bb][vc_column][vc_empty_space][\/vc_column][\/vc_row][vc_row row_type=\u00a0\u00bbrow\u00a0\u00bb use_row_as_full_screen_section=\u00a0\u00bbno\u00a0\u00bb type=\u00a0\u00bbfull_width\u00a0\u00bb text_align=\u00a0\u00bbleft\u00a0\u00bb background_animation=\u00a0\u00bbnone\u00a0\u00bb css_animation=\u00a0\u00bb\u00a0\u00bb][vc_column][vc_empty_space][vc_separator type=\u00a0\u00bbnormal\u00a0\u00bb border_style=\u00a0\u00bb\u00a0\u00bb color=\u00a0\u00bb#000000&Prime;][vc_empty_space][\/vc_column][\/vc_row][vc_row row_type=\u00a0\u00bbrow\u00a0\u00bb use_row_as_full_screen_section=\u00a0\u00bbno\u00a0\u00bb type=\u00a0\u00bbfull_width\u00a0\u00bb text_align=\u00a0\u00bbleft\u00a0\u00bb background_animation=\u00a0\u00bbnone\u00a0\u00bb css_animation=\u00a0\u00bb\u00a0\u00bb][vc_column][vc_column_text]<img loading=\"lazy\" decoding=\"async\" class=\"wp-image-680 aligncenter\" src=\"http:\/\/deltaart.org\/wp-content\/uploads\/2021\/05\/Mesa-de-trabajo-3.png\" alt=\"\" width=\"847\" height=\"239\" srcset=\"http:\/\/deltaart.org\/wp-content\/uploads\/2021\/05\/Mesa-de-trabajo-3.png 1909w, http:\/\/deltaart.org\/wp-content\/uploads\/2021\/05\/Mesa-de-trabajo-3-300x85.png 300w, http:\/\/deltaart.org\/wp-content\/uploads\/2021\/05\/Mesa-de-trabajo-3-1024x289.png 1024w, http:\/\/deltaart.org\/wp-content\/uploads\/2021\/05\/Mesa-de-trabajo-3-768x217.png 768w, http:\/\/deltaart.org\/wp-content\/uploads\/2021\/05\/Mesa-de-trabajo-3-1536x434.png 1536w, http:\/\/deltaart.org\/wp-content\/uploads\/2021\/05\/Mesa-de-trabajo-3-700x198.png 700w, http:\/\/deltaart.org\/wp-content\/uploads\/2021\/05\/Mesa-de-trabajo-3-1100x311.png 1100w, http:\/\/deltaart.org\/wp-content\/uploads\/2021\/05\/Mesa-de-trabajo-3-600x169.png 600w\" sizes=\"auto, (max-width: 847px) 100vw, 847px\" \/>[\/vc_column_text][\/vc_column][\/vc_row]<\/p>\n<\/div>","protected":false},"excerpt":{"rendered":"<p>[vc_row row_type=\u00a0\u00bbrow\u00a0\u00bb use_row_as_full_screen_section=\u00a0\u00bbno\u00a0\u00bb type=\u00a0\u00bbfull_width\u00a0\u00bb text_align=\u00a0\u00bbleft\u00a0\u00bb background_animation=\u00a0\u00bbnone\u00a0\u00bb css_animation=\u00a0\u00bb\u00a0\u00bb][vc_column][vc_column_text] Itiner\u00e0ncia Menorca\u00a0 CASA D&rsquo;ARTISTES\u00a0 [\/vc_column_text][\/vc_column][\/vc_row][vc_row row_type=\u00a0\u00bbrow\u00a0\u00bb use_row_as_full_screen_section=\u00a0\u00bbno\u00a0\u00bb type=\u00a0\u00bbfull_width\u00a0\u00bb text_align=\u00a0\u00bbleft\u00a0\u00bb background_animation=\u00a0\u00bbnone\u00a0\u00bb css_animation=\u00a0\u00bb\u00a0\u00bb][vc_column][vc_empty_space][vc_empty_space][\/vc_column][\/vc_row][vc_row row_type=\u00a0\u00bbrow\u00a0\u00bb use_row_as_full_screen_section=\u00a0\u00bbno\u00a0\u00bb type=\u00a0\u00bbfull_width\u00a0\u00bb text_align=\u00a0\u00bbleft\u00a0\u00bb background_animation=\u00a0\u00bbnone\u00a0\u00bb css_animation=\u00a0\u00bb\u00a0\u00bb][vc_column width=\u00a0\u00bb2\/3&Prime;][vc_column_text][\/vc_column_text][\/vc_column][vc_column width=\u00a0\u00bb1\/3&Prime;][vc_column_text] ILLA DELTA ART (2a edici\u00f3 DELTA ART) La Resid\u00e8ncia de resid\u00e8ncia de creaci\u00f3 i investigaci\u00f3 art\u00edstica itinerant Euroregional acaba&#8230;<\/p>\n","protected":false},"author":1,"featured_media":0,"parent":0,"menu_order":0,"comment_status":"closed","ping_status":"closed","template":"","meta":{"footnotes":""},"class_list":["post-677","page","type-page","status-publish","hentry"],"_links":{"self":[{"href":"http:\/\/deltaart.org\/fr\/wp-json\/wp\/v2\/pages\/677","targetHints":{"allow":["GET"]}}],"collection":[{"href":"http:\/\/deltaart.org\/fr\/wp-json\/wp\/v2\/pages"}],"about":[{"href":"http:\/\/deltaart.org\/fr\/wp-json\/wp\/v2\/types\/page"}],"author":[{"embeddable":true,"href":"http:\/\/deltaart.org\/fr\/wp-json\/wp\/v2\/users\/1"}],"replies":[{"embeddable":true,"href":"http:\/\/deltaart.org\/fr\/wp-json\/wp\/v2\/comments?post=677"}],"version-history":[{"count":12,"href":"http:\/\/deltaart.org\/fr\/wp-json\/wp\/v2\/pages\/677\/revisions"}],"predecessor-version":[{"id":979,"href":"http:\/\/deltaart.org\/fr\/wp-json\/wp\/v2\/pages\/677\/revisions\/979"}],"wp:attachment":[{"href":"http:\/\/deltaart.org\/fr\/wp-json\/wp\/v2\/media?parent=677"}],"curies":[{"name":"wp","href":"https:\/\/api.w.org\/{rel}","templated":true}]}}