{"id":723,"date":"2021-05-27T08:46:13","date_gmt":"2021-05-27T08:46:13","guid":{"rendered":"http:\/\/deltaart.org\/?page_id=723"},"modified":"2021-05-27T08:54:35","modified_gmt":"2021-05-27T08:54:35","slug":"illa-konvent","status":"publish","type":"page","link":"http:\/\/deltaart.org\/fr\/illa-konvent","title":{"rendered":"ILLA KONVENT"},"content":{"rendered":"<div class=\"wpb-content-wrapper\"><p>[vc_row row_type=\u00a0\u00bbrow\u00a0\u00bb use_row_as_full_screen_section=\u00a0\u00bbno\u00a0\u00bb type=\u00a0\u00bbfull_width\u00a0\u00bb text_align=\u00a0\u00bbleft\u00a0\u00bb background_animation=\u00a0\u00bbnone\u00a0\u00bb css_animation=\u00a0\u00bb\u00a0\u00bb][vc_column][vc_column_text]<\/p>\n<h2><span style=\"color: #000000;\"><strong>Itiner\u00e0ncia Catalunya\u00a0<\/strong><\/span><\/h2>\n<h3><span style=\"color: #00ffff;\"><strong><a style=\"color: #00ffff;\" href=\"https:\/\/casadartistes.esfarcultural.net\/\">K<\/a>ONVENT<\/strong><\/span><\/h3>\n<p>[\/vc_column_text][vc_empty_space][vc_column_text]<\/p>\n<h4 style=\"text-align: center;\"><strong>ACTIVITATS \u00b7 Divendres 28 de maig 2021 a les 19h<\/strong><\/h4>\n<p>[\/vc_column_text][\/vc_column][\/vc_row][vc_row row_type=\u00a0\u00bbrow\u00a0\u00bb use_row_as_full_screen_section=\u00a0\u00bbno\u00a0\u00bb type=\u00a0\u00bbfull_width\u00a0\u00bb text_align=\u00a0\u00bbleft\u00a0\u00bb background_animation=\u00a0\u00bbnone\u00a0\u00bb css_animation=\u00a0\u00bb\u00a0\u00bb][vc_column][vc_empty_space][vc_empty_space][\/vc_column][\/vc_row][vc_row row_type=\u00a0\u00bbrow\u00a0\u00bb use_row_as_full_screen_section=\u00a0\u00bbno\u00a0\u00bb type=\u00a0\u00bbfull_width\u00a0\u00bb text_align=\u00a0\u00bbleft\u00a0\u00bb background_animation=\u00a0\u00bbnone\u00a0\u00bb css_animation=\u00a0\u00bb\u00a0\u00bb][vc_column width=\u00a0\u00bb1\/4&Prime;][vc_column_text]<img loading=\"lazy\" decoding=\"async\" class=\"alignnone wp-image-724 aligncenter\" src=\"http:\/\/deltaart.org\/wp-content\/uploads\/2021\/05\/WhatsApp-Image-2021-05-25-at-21.23.16-e1622044871458.jpeg\" alt=\"\" width=\"196\" height=\"348\" srcset=\"http:\/\/deltaart.org\/wp-content\/uploads\/2021\/05\/WhatsApp-Image-2021-05-25-at-21.23.16-e1622044871458.jpeg 400w, http:\/\/deltaart.org\/wp-content\/uploads\/2021\/05\/WhatsApp-Image-2021-05-25-at-21.23.16-e1622044871458-169x300.jpeg 169w\" sizes=\"auto, (max-width: 196px) 100vw, 196px\" \/>[\/vc_column_text][\/vc_column][vc_column width=\u00a0\u00bb3\/4&Prime;][vc_column_text]<strong>Laetitia Lazizi \u2013 Rosell\u00f3 (Catalunya Nord)<\/strong><\/p>\n<p id=\"m_-102806597599858945gmail-docs-internal-guid-045e3198-7fff-951a-7a1b-a2ac037fb202\" dir=\"ltr\">Estem impactats pel nostre entorn: esdeveniments, llocs, gent. Algunes parts d\u2019aquestes experi\u00e8ncies fan el qu\u00e8 som. La mem\u00f2ria col\u00b7lectiva i la mem\u00f2ria personal es barregen per construir la nostra identitat. Qu\u00e8 decidim mostrar i qu\u00e8 decidim amagar?<\/p>\n<p dir=\"ltr\">I qu\u00e8 passaria si totes aquestes petites hist\u00f2ries invisibles, aquests secrets, aquestes mem\u00f2ries, poguessin mostrar-se com cicatrius a la pell, com un paper sensible fet de nosaltres mateixos.<\/p>\n<p dir=\"ltr\">Prova de compartir una memoria que no vols oblidar, un secret dif\u00edcil o quelcom que \u00e9s important pel teu ser hum\u00e0. Treu fora una part de tu, al menys per un instant ef\u00edmer, una part invisible de tu. Tots som un seguit de llocs comuns.<\/p>\n<p>Laetitia va comen\u00e7ar experimentant amb la fotografia centrant-se en autoretrats i autoficci\u00f3: Jo s\u00f3c el material de suport.<\/p>\n<p dir=\"ltr\">Aquests, prenen forma de fotografies, pel\u00b7l\u00edcules i m\u00e9s recentment aforismes que es responen els uns als altres, es complementen els uns als altres i a vegades s\u2019enterboleixen. Poden ser projectats, penjats en parets, al terra, en materials fluids i transparents, al cos, sota la llum o a la penombra. A vegades amagats de la mirada, dins de caixes que rarament s\u2019obren.<\/p>\n<p dir=\"ltr\">S\u00f3n hist\u00f2ries de mem\u00f2ries personals i\/o col\u00b7lectives. El visible i l\u2019amagat de la construcci\u00f3 de la identitat. Hist\u00f2ries obsessives i \u00edntimes.<\/p>\n<p><a href=\"https:\/\/www.instagram.com\/laetitia_lazizi\/\" target=\"_blank\" rel=\"noopener noreferrer\">Instagram.com\/laetitia_lazizi<\/a>[\/vc_column_text][\/vc_column][\/vc_row][vc_row row_type=\u00a0\u00bbrow\u00a0\u00bb use_row_as_full_screen_section=\u00a0\u00bbno\u00a0\u00bb type=\u00a0\u00bbfull_width\u00a0\u00bb text_align=\u00a0\u00bbleft\u00a0\u00bb background_animation=\u00a0\u00bbnone\u00a0\u00bb css_animation=\u00a0\u00bb\u00a0\u00bb][vc_column][vc_empty_space][vc_empty_space][\/vc_column][\/vc_row][vc_row row_type=\u00a0\u00bbrow\u00a0\u00bb use_row_as_full_screen_section=\u00a0\u00bbno\u00a0\u00bb type=\u00a0\u00bbfull_width\u00a0\u00bb text_align=\u00a0\u00bbleft\u00a0\u00bb background_animation=\u00a0\u00bbnone\u00a0\u00bb css_animation=\u00a0\u00bb\u00a0\u00bb][vc_column width=\u00a0\u00bb1\/4&Prime;][vc_column_text]<img loading=\"lazy\" decoding=\"async\" class=\"wp-image-725 aligncenter\" src=\"http:\/\/deltaart.org\/wp-content\/uploads\/2021\/05\/Sant-quirze-de-Pedret-e1621951836465.jpeg\" alt=\"\" width=\"238\" height=\"358\" srcset=\"http:\/\/deltaart.org\/wp-content\/uploads\/2021\/05\/Sant-quirze-de-Pedret-e1621951836465.jpeg 400w, http:\/\/deltaart.org\/wp-content\/uploads\/2021\/05\/Sant-quirze-de-Pedret-e1621951836465-200x300.jpeg 200w\" sizes=\"auto, (max-width: 238px) 100vw, 238px\" \/>[\/vc_column_text][\/vc_column][vc_column width=\u00a0\u00bb3\/4&Prime;][vc_column_text]<strong>Biel Llin\u00e0s \u2013 Mallorca<\/strong><\/p>\n<p><strong>Delta. Temptatives de reconstrucci\u00f3<\/strong><\/p>\n<p>En aquesta segona etapa a Konvent (Berga) de la resid\u00e8ncia ILLA Delta Art, Biel Llin\u00e0s s\u2019ha aproximat a l\u2019evoluci\u00f3 hist\u00f2rica del complexe fabril de Cal Rosal, que ha passat de col\u00f2nia t\u00e8xtil (s. XIX-XX) a un espai de creaci\u00f3 art\u00edstica arrelat al territori (s. XXI). Aix\u00ed, el convent que d\u00e8cades enrere allotjava les treballadores de la f\u00e0brica i on eren educats els seus fills \u00e9s la llar avui d\u2019una comunitat creativa autogestionada.<\/p>\n<p>La col\u00f2nia industrial, un model urban\u00edstic promogut per la burgesia i l\u2019Esgl\u00e9sia que va ser clau en la industrialitzaci\u00f3 de Catalunya, s\u2019abordar\u00e0 a partir de la figura central que lliga els tres territoris d\u2019aquest projecte transfronterer, el delta (\u0394).<\/p>\n<p>Partint d\u2019aquest marc, es posar\u00e0n en com\u00fa tota una s\u00e8rie de materials que articulen una cartografia contempor\u00e0nia de la col\u00f2nia i de l\u2019edifici, amb un marcat car\u00e0cter instal\u00b7latiu. Aquest conjunt de fotografies, textos, objectes trobats, pl\u00e0nols i pintures, troben en el \u0394 i les seves reverberacions (religioses, geom\u00e8triques, biopol\u00edtiques\u2026) una figura recurrent i el principal fil conductor.<\/p>\n<p>Lluny de tractar-se d\u2019un projecte tancat, l\u2019artista ens reb aquesta vegada a l\u2019habitaci\u00f3 de la mare superiora, utilitzada com a estudi durant la seva estada i el rerefons de la qual ha influit notablement en el desenvolupament d\u2019aquesta proposta rizom\u00e0tica en qu\u00e8 hi conflueixen fets hist\u00f2rics, experi\u00e8ncies personals i especulaci\u00f3 po\u00e8tica.<\/p>\n<p><strong>Biel Llin\u00e0s<\/strong>\u00a0(Felanitx, 1994) resideix actualment a Barcelona. Graduat en Belles Arts, M\u00e0ster en Gesti\u00f3 del Patrimoni Cultural i Museologia i doctorand per la Universitat de Barcelona (Programa EAPA). La seva traject\u00f2ria es desenvolupa entre la creaci\u00f3 art\u00edstica, la recerca i la mediaci\u00f3, amb un marcat inter\u00e8s per les relacions que es donen entre espai, individu i experi\u00e8ncia en l\u2019era virtual.<\/p>\n<p>Ha gaudit de beques de Homesession, La Escocesa, Art Jove IB, UNZIP i Sant Andreu Contemporani, entre d\u2019altres, i la seva obra s\u2019ha exposat a nivell nacional i internacional. Aquest 2021, est\u00e0 treballant amb Ada Fuentes en la publicaci\u00f3 Self storage. Est\u00e8tiques de l\u2019emerg\u00e8ncia habitacional (Beca d\u2019experimentaci\u00f3 i Recerca La Escocesa), amb qui tamb\u00e9 presentar\u00e0 Brick by brick, proposta premiada en la modalitat Site-specific del Festival Stripart (Barcelona).<\/p>\n<p><a href=\"https:\/\/www.instagram.com\/b.llinas\/\" target=\"_blank\" rel=\"noopener noreferrer\">Instagram.com\/B.llinas<\/a>[\/vc_column_text][\/vc_column][\/vc_row][vc_row row_type=\u00a0\u00bbrow\u00a0\u00bb use_row_as_full_screen_section=\u00a0\u00bbno\u00a0\u00bb type=\u00a0\u00bbfull_width\u00a0\u00bb text_align=\u00a0\u00bbleft\u00a0\u00bb background_animation=\u00a0\u00bbnone\u00a0\u00bb css_animation=\u00a0\u00bb\u00a0\u00bb][vc_column][vc_empty_space][vc_empty_space][\/vc_column][\/vc_row][vc_row row_type=\u00a0\u00bbrow\u00a0\u00bb use_row_as_full_screen_section=\u00a0\u00bbno\u00a0\u00bb type=\u00a0\u00bbfull_width\u00a0\u00bb text_align=\u00a0\u00bbleft\u00a0\u00bb background_animation=\u00a0\u00bbnone\u00a0\u00bb css_animation=\u00a0\u00bb\u00a0\u00bb][vc_column width=\u00a0\u00bb1\/4&Prime;][vc_column_text]<img loading=\"lazy\" decoding=\"async\" class=\" wp-image-726 aligncenter\" src=\"http:\/\/deltaart.org\/wp-content\/uploads\/2021\/05\/XXSS_-e1622046267437.jpeg\" alt=\"\" width=\"342\" height=\"342\" srcset=\"http:\/\/deltaart.org\/wp-content\/uploads\/2021\/05\/XXSS_-e1622046267437.jpeg 400w, http:\/\/deltaart.org\/wp-content\/uploads\/2021\/05\/XXSS_-e1622046267437-300x300.jpeg 300w, http:\/\/deltaart.org\/wp-content\/uploads\/2021\/05\/XXSS_-e1622046267437-150x150.jpeg 150w, http:\/\/deltaart.org\/wp-content\/uploads\/2021\/05\/XXSS_-e1622046267437-100x100.jpeg 100w\" sizes=\"auto, (max-width: 342px) 100vw, 342px\" \/>[\/vc_column_text][\/vc_column][vc_column width=\u00a0\u00bb3\/4&Prime;][vc_column_text]<strong>Alba Rihe \u2013 Catalunya<\/strong><\/p>\n<p>Aquesta \u00e9s la segona posada en escena vinculada amb el proc\u00e9s continuat de la resid\u00e8ncia Illa Delta.<\/p>\n<p>Les veus del lloc vibren altes, les comunitats de la gespa es nodreixen del riu, del vi i les nits s\u00f3n estrats de confessions, si t\u2019acostes tu tamb\u00e9 podr\u00e0s escoltar, les veus del Konvent.<\/p>\n<p>En aquesta resid\u00e8ncia Alba s\u2019est\u00e0 enfocant en la producci\u00f3 d\u2019un poemari d\u2019acci\u00f3, on a la fi de la itiner\u00e0ncia es materialitzar\u00e0 en un llibre i una posada en escena vinculada amb la paraula parlada, les narratives del context i l\u2019humor.<\/p>\n<p><a href=\"https:\/\/www.instagram.com\/albarihe\/\" target=\"_blank\" rel=\"noopener noreferrer\">Instagram.com\/albarihe<\/a>[\/vc_column_text][\/vc_column][\/vc_row][vc_row row_type=\u00a0\u00bbrow\u00a0\u00bb use_row_as_full_screen_section=\u00a0\u00bbno\u00a0\u00bb type=\u00a0\u00bbfull_width\u00a0\u00bb text_align=\u00a0\u00bbleft\u00a0\u00bb background_animation=\u00a0\u00bbnone\u00a0\u00bb css_animation=\u00a0\u00bb\u00a0\u00bb][vc_column][vc_empty_space][\/vc_column][\/vc_row][vc_row row_type=\u00a0\u00bbrow\u00a0\u00bb use_row_as_full_screen_section=\u00a0\u00bbno\u00a0\u00bb type=\u00a0\u00bbfull_width\u00a0\u00bb text_align=\u00a0\u00bbleft\u00a0\u00bb background_animation=\u00a0\u00bbnone\u00a0\u00bb css_animation=\u00a0\u00bb\u00a0\u00bb][vc_column][vc_empty_space][vc_separator type=\u00a0\u00bbnormal\u00a0\u00bb border_style=\u00a0\u00bb\u00a0\u00bb color=\u00a0\u00bb#000000&Prime;][vc_empty_space][\/vc_column][\/vc_row][vc_row row_type=\u00a0\u00bbrow\u00a0\u00bb use_row_as_full_screen_section=\u00a0\u00bbno\u00a0\u00bb type=\u00a0\u00bbfull_width\u00a0\u00bb text_align=\u00a0\u00bbleft\u00a0\u00bb background_animation=\u00a0\u00bbnone\u00a0\u00bb css_animation=\u00a0\u00bb\u00a0\u00bb][vc_column][vc_column_text]<img loading=\"lazy\" decoding=\"async\" class=\"wp-image-727 aligncenter\" src=\"http:\/\/deltaart.org\/wp-content\/uploads\/2021\/05\/logos-activitats-illa-.png\" alt=\"\" width=\"665\" height=\"128\" srcset=\"http:\/\/deltaart.org\/wp-content\/uploads\/2021\/05\/logos-activitats-illa-.png 3498w, http:\/\/deltaart.org\/wp-content\/uploads\/2021\/05\/logos-activitats-illa--300x58.png 300w, http:\/\/deltaart.org\/wp-content\/uploads\/2021\/05\/logos-activitats-illa--1024x197.png 1024w, http:\/\/deltaart.org\/wp-content\/uploads\/2021\/05\/logos-activitats-illa--768x148.png 768w, http:\/\/deltaart.org\/wp-content\/uploads\/2021\/05\/logos-activitats-illa--1536x295.png 1536w, http:\/\/deltaart.org\/wp-content\/uploads\/2021\/05\/logos-activitats-illa--2048x393.png 2048w, http:\/\/deltaart.org\/wp-content\/uploads\/2021\/05\/logos-activitats-illa--700x134.png 700w, http:\/\/deltaart.org\/wp-content\/uploads\/2021\/05\/logos-activitats-illa--1100x211.png 1100w, http:\/\/deltaart.org\/wp-content\/uploads\/2021\/05\/logos-activitats-illa--600x115.png 600w\" sizes=\"auto, (max-width: 665px) 100vw, 665px\" \/>[\/vc_column_text][\/vc_column][\/vc_row]<\/p>\n<\/div>","protected":false},"excerpt":{"rendered":"<p>[vc_row row_type=\u00a0\u00bbrow\u00a0\u00bb use_row_as_full_screen_section=\u00a0\u00bbno\u00a0\u00bb type=\u00a0\u00bbfull_width\u00a0\u00bb text_align=\u00a0\u00bbleft\u00a0\u00bb background_animation=\u00a0\u00bbnone\u00a0\u00bb css_animation=\u00a0\u00bb\u00a0\u00bb][vc_column][vc_column_text] Itiner\u00e0ncia Catalunya\u00a0 KONVENT [\/vc_column_text][vc_empty_space][vc_column_text] ACTIVITATS \u00b7 Divendres 28 de maig 2021 a les 19h [\/vc_column_text][\/vc_column][\/vc_row][vc_row row_type=\u00a0\u00bbrow\u00a0\u00bb use_row_as_full_screen_section=\u00a0\u00bbno\u00a0\u00bb type=\u00a0\u00bbfull_width\u00a0\u00bb text_align=\u00a0\u00bbleft\u00a0\u00bb background_animation=\u00a0\u00bbnone\u00a0\u00bb css_animation=\u00a0\u00bb\u00a0\u00bb][vc_column][vc_empty_space][vc_empty_space][\/vc_column][\/vc_row][vc_row row_type=\u00a0\u00bbrow\u00a0\u00bb use_row_as_full_screen_section=\u00a0\u00bbno\u00a0\u00bb type=\u00a0\u00bbfull_width\u00a0\u00bb text_align=\u00a0\u00bbleft\u00a0\u00bb background_animation=\u00a0\u00bbnone\u00a0\u00bb css_animation=\u00a0\u00bb\u00a0\u00bb][vc_column width=\u00a0\u00bb1\/4&Prime;][vc_column_text][\/vc_column_text][\/vc_column][vc_column width=\u00a0\u00bb3\/4&Prime;][vc_column_text]Laetitia Lazizi \u2013 Rosell\u00f3 (Catalunya Nord) Estem impactats pel nostre&#8230;<\/p>\n","protected":false},"author":1,"featured_media":0,"parent":0,"menu_order":0,"comment_status":"closed","ping_status":"closed","template":"","meta":{"footnotes":""},"class_list":["post-723","page","type-page","status-publish","hentry"],"_links":{"self":[{"href":"http:\/\/deltaart.org\/fr\/wp-json\/wp\/v2\/pages\/723","targetHints":{"allow":["GET"]}}],"collection":[{"href":"http:\/\/deltaart.org\/fr\/wp-json\/wp\/v2\/pages"}],"about":[{"href":"http:\/\/deltaart.org\/fr\/wp-json\/wp\/v2\/types\/page"}],"author":[{"embeddable":true,"href":"http:\/\/deltaart.org\/fr\/wp-json\/wp\/v2\/users\/1"}],"replies":[{"embeddable":true,"href":"http:\/\/deltaart.org\/fr\/wp-json\/wp\/v2\/comments?post=723"}],"version-history":[{"count":3,"href":"http:\/\/deltaart.org\/fr\/wp-json\/wp\/v2\/pages\/723\/revisions"}],"predecessor-version":[{"id":731,"href":"http:\/\/deltaart.org\/fr\/wp-json\/wp\/v2\/pages\/723\/revisions\/731"}],"wp:attachment":[{"href":"http:\/\/deltaart.org\/fr\/wp-json\/wp\/v2\/media?parent=723"}],"curies":[{"name":"wp","href":"https:\/\/api.w.org\/{rel}","templated":true}]}}