{"id":738,"date":"2021-06-08T21:38:26","date_gmt":"2021-06-08T21:38:26","guid":{"rendered":"http:\/\/deltaart.org\/fr\/?page_id=738"},"modified":"2021-06-08T21:51:05","modified_gmt":"2021-06-08T21:51:05","slug":"illa-la-providence","status":"publish","type":"page","link":"http:\/\/deltaart.org\/fr\/illa-la-providence","title":{"rendered":"ILLA LA PROVIDENCE"},"content":{"rendered":"<div class=\"wpb-content-wrapper\"><p>[vc_row row_type=\u00a0\u00bbrow\u00a0\u00bb use_row_as_full_screen_section=\u00a0\u00bbno\u00a0\u00bb type=\u00a0\u00bbfull_width\u00a0\u00bb text_align=\u00a0\u00bbleft\u00a0\u00bb background_animation=\u00a0\u00bbnone\u00a0\u00bb css_animation=\u00a0\u00bb\u00a0\u00bb][vc_column][vc_column_text]<\/p>\n<h2><span style=\"color: #000000;\"><strong>Itiner\u00e0ncia ILLE SUR T\u00caT\u00a0<\/strong><\/span><\/h2>\n<h3><span style=\"color: #00ffff;\"><b>LA PROVIDENCE<\/b><\/span><\/h3>\n<p>[\/vc_column_text][vc_empty_space][vc_column_text]<\/p>\n<p class=\"p1\"><span class=\"s1\" style=\"color: #000000;\">Ces trois artistes sont ici dans la derni\u00e8re phase d&rsquo;une r\u00e9sidence de recherche artistique itin\u00e9rante \u00ab\u00a0Illa Delta Art\u00a0\u00bb qui les a conduits depuis le mois d&rsquo;avril dernier de Minorque aux Bal\u00e9ares, \u00e0 Berga en Catalogne et finalement \u00e0 Ille sur T\u00eat. Au cours de leurs s\u00e9jours dans 3 centres d&rsquo;art diff\u00e9rents, ils se sont impr\u00e9gn\u00e9s des cultures locales et des diff\u00e9rents points de vues g\u00e9ographiques des lieux visit\u00e9s et vous invitent maintenant \u00e0 assister \u00e0 la retranscription de leurs recherches artistiques.<\/span><\/p>\n<p class=\"p1\"><span class=\"s1\" style=\"color: #000000;\">Nous vous attendons vendredi 11 juin \u00e0 18h30 et samedi 12 juin \u00e0 11h pour assister \u00e0 2 sessions de leurs performances en direct.<\/span><\/p>\n<h4 style=\"text-align: center;\"><\/h4>\n<p>[\/vc_column_text][vc_column_text]<span style=\"color: #000000;\"><span class=\"s1\"><b>Vendredi 11 juin \u00e0 18h30<\/b><\/span><\/span>[\/vc_column_text][\/vc_column][\/vc_row][vc_row row_type=\u00a0\u00bbrow\u00a0\u00bb use_row_as_full_screen_section=\u00a0\u00bbno\u00a0\u00bb type=\u00a0\u00bbfull_width\u00a0\u00bb text_align=\u00a0\u00bbleft\u00a0\u00bb background_animation=\u00a0\u00bbnone\u00a0\u00bb css_animation=\u00a0\u00bb\u00a0\u00bb][vc_column][vc_empty_space][vc_empty_space][\/vc_column][\/vc_row][vc_row row_type=\u00a0\u00bbrow\u00a0\u00bb use_row_as_full_screen_section=\u00a0\u00bbno\u00a0\u00bb type=\u00a0\u00bbfull_width\u00a0\u00bb text_align=\u00a0\u00bbleft\u00a0\u00bb background_animation=\u00a0\u00bbnone\u00a0\u00bb css_animation=\u00a0\u00bb\u00a0\u00bb][vc_column width=\u00a0\u00bb1\/3&Prime;][vc_column_text]<\/p>\n<p style=\"text-align: center;\"><span style=\"color: #000000;\"><strong>Biel Llin\u00e0s, Bal\u00e9ares<\/strong><\/span><br \/>\n<span style=\"color: #000000;\">Arts visuels, peinture, performance<\/span><\/p>\n<p>[\/vc_column_text][vc_empty_space][vc_column_text]<img loading=\"lazy\" decoding=\"async\" class=\"wp-image-741 aligncenter\" src=\"http:\/\/deltaart.org\/wp-content\/uploads\/2021\/06\/llinas-lpv.jpeg\" alt=\"\" width=\"500\" height=\"733\" srcset=\"http:\/\/deltaart.org\/wp-content\/uploads\/2021\/06\/llinas-lpv.jpeg 817w, http:\/\/deltaart.org\/wp-content\/uploads\/2021\/06\/llinas-lpv-204x300.jpeg 204w, http:\/\/deltaart.org\/wp-content\/uploads\/2021\/06\/llinas-lpv-768x1128.jpeg 768w, http:\/\/deltaart.org\/wp-content\/uploads\/2021\/06\/llinas-lpv-700x1028.jpeg 700w, http:\/\/deltaart.org\/wp-content\/uploads\/2021\/06\/llinas-lpv-600x881.jpeg 600w\" sizes=\"auto, (max-width: 500px) 100vw, 500px\" \/>[\/vc_column_text][vc_empty_space][vc_column_text]<\/p>\n<p style=\"text-align: center;\"><span style=\"color: #000000;\"><span class=\"s1\"><b>Vendredi 11 juin \u00e0 18h30<\/b><\/span><\/span><\/p>\n<p>[\/vc_column_text][\/vc_column][vc_column width=\u00a0\u00bb1\/3&Prime;][vc_column_text]<\/p>\n<p style=\"text-align: center;\"><span style=\"color: #000000;\"><strong>Alba Rihe, Catalogne<\/strong><\/span><br \/>\n<span style=\"color: #000000;\">Arts visuels, musique, humour<\/span><\/p>\n<p>[\/vc_column_text][vc_empty_space][vc_column_text]<img loading=\"lazy\" decoding=\"async\" class=\"alignnone size-full wp-image-739\" src=\"http:\/\/deltaart.org\/wp-content\/uploads\/2021\/06\/alba-lap.jpeg\" alt=\"\" width=\"800\" height=\"1200\" srcset=\"http:\/\/deltaart.org\/wp-content\/uploads\/2021\/06\/alba-lap.jpeg 800w, http:\/\/deltaart.org\/wp-content\/uploads\/2021\/06\/alba-lap-200x300.jpeg 200w, http:\/\/deltaart.org\/wp-content\/uploads\/2021\/06\/alba-lap-683x1024.jpeg 683w, http:\/\/deltaart.org\/wp-content\/uploads\/2021\/06\/alba-lap-768x1152.jpeg 768w, http:\/\/deltaart.org\/wp-content\/uploads\/2021\/06\/alba-lap-700x1050.jpeg 700w, http:\/\/deltaart.org\/wp-content\/uploads\/2021\/06\/alba-lap-600x900.jpeg 600w\" sizes=\"auto, (max-width: 800px) 100vw, 800px\" \/>[\/vc_column_text][vc_empty_space][vc_column_text]<\/p>\n<p style=\"text-align: center;\"><span style=\"color: #000000;\"><span class=\"s1\"><b>Vendredi 11 juin \u00e0 18h30<\/b><\/span><\/span><\/p>\n<p>[\/vc_column_text][\/vc_column][vc_column width=\u00a0\u00bb1\/3&Prime;][vc_column_text]<\/p>\n<p style=\"text-align: center;\"><span style=\"color: #000000;\"><strong>La\u00ebtitia Lazizi, Occitanie<\/strong><\/span><br \/>\n<span style=\"color: #000000;\">Arts visuels, vid\u00e9o, performance<\/span><\/p>\n<p>[\/vc_column_text][vc_empty_space][vc_column_text]<img loading=\"lazy\" decoding=\"async\" class=\" wp-image-740 aligncenter\" src=\"http:\/\/deltaart.org\/wp-content\/uploads\/2021\/06\/leti-lap.jpeg\" alt=\"\" width=\"278\" height=\"494\" srcset=\"http:\/\/deltaart.org\/wp-content\/uploads\/2021\/06\/leti-lap.jpeg 563w, http:\/\/deltaart.org\/wp-content\/uploads\/2021\/06\/leti-lap-169x300.jpeg 169w\" sizes=\"auto, (max-width: 278px) 100vw, 278px\" \/>[\/vc_column_text][vc_empty_space][vc_column_text]<\/p>\n<p style=\"text-align: center;\"><span style=\"color: #000000;\"><strong>\u00a0<\/strong><span class=\"s1\"><b>Samedi 12 juin 11h<\/b><\/span><\/span><\/p>\n<p>[\/vc_column_text][\/vc_column][\/vc_row][vc_row row_type=\u00a0\u00bbrow\u00a0\u00bb use_row_as_full_screen_section=\u00a0\u00bbno\u00a0\u00bb type=\u00a0\u00bbfull_width\u00a0\u00bb text_align=\u00a0\u00bbleft\u00a0\u00bb background_animation=\u00a0\u00bbnone\u00a0\u00bb css_animation=\u00a0\u00bb\u00a0\u00bb][vc_column][vc_empty_space][vc_empty_space][\/vc_column][\/vc_row][vc_row row_type=\u00a0\u00bbrow\u00a0\u00bb use_row_as_full_screen_section=\u00a0\u00bbno\u00a0\u00bb type=\u00a0\u00bbfull_width\u00a0\u00bb text_align=\u00a0\u00bbleft\u00a0\u00bb background_animation=\u00a0\u00bbnone\u00a0\u00bb css_animation=\u00a0\u00bb\u00a0\u00bb][vc_column][vc_empty_space][vc_separator type=\u00a0\u00bbnormal\u00a0\u00bb border_style=\u00a0\u00bb\u00a0\u00bb color=\u00a0\u00bb#000000&Prime;][vc_empty_space][\/vc_column][\/vc_row][vc_row row_type=\u00a0\u00bbrow\u00a0\u00bb use_row_as_full_screen_section=\u00a0\u00bbno\u00a0\u00bb type=\u00a0\u00bbfull_width\u00a0\u00bb text_align=\u00a0\u00bbleft\u00a0\u00bb background_animation=\u00a0\u00bbnone\u00a0\u00bb css_animation=\u00a0\u00bb\u00a0\u00bb][vc_column][vc_column_text]<img loading=\"lazy\" decoding=\"async\" class=\"wp-image-727 aligncenter\" src=\"http:\/\/deltaart.org\/wp-content\/uploads\/2021\/05\/logos-activitats-illa-.png\" alt=\"\" width=\"665\" height=\"128\" srcset=\"http:\/\/deltaart.org\/wp-content\/uploads\/2021\/05\/logos-activitats-illa-.png 3498w, http:\/\/deltaart.org\/wp-content\/uploads\/2021\/05\/logos-activitats-illa--300x58.png 300w, http:\/\/deltaart.org\/wp-content\/uploads\/2021\/05\/logos-activitats-illa--1024x197.png 1024w, http:\/\/deltaart.org\/wp-content\/uploads\/2021\/05\/logos-activitats-illa--768x148.png 768w, http:\/\/deltaart.org\/wp-content\/uploads\/2021\/05\/logos-activitats-illa--1536x295.png 1536w, http:\/\/deltaart.org\/wp-content\/uploads\/2021\/05\/logos-activitats-illa--2048x393.png 2048w, http:\/\/deltaart.org\/wp-content\/uploads\/2021\/05\/logos-activitats-illa--700x134.png 700w, http:\/\/deltaart.org\/wp-content\/uploads\/2021\/05\/logos-activitats-illa--1100x211.png 1100w, http:\/\/deltaart.org\/wp-content\/uploads\/2021\/05\/logos-activitats-illa--600x115.png 600w\" sizes=\"auto, (max-width: 665px) 100vw, 665px\" \/>[\/vc_column_text][\/vc_column][\/vc_row]<\/p>\n<\/div>","protected":false},"excerpt":{"rendered":"<p>[vc_row row_type=\u00a0\u00bbrow\u00a0\u00bb use_row_as_full_screen_section=\u00a0\u00bbno\u00a0\u00bb type=\u00a0\u00bbfull_width\u00a0\u00bb text_align=\u00a0\u00bbleft\u00a0\u00bb background_animation=\u00a0\u00bbnone\u00a0\u00bb css_animation=\u00a0\u00bb\u00a0\u00bb][vc_column][vc_column_text] Itiner\u00e0ncia ILLE SUR T\u00caT\u00a0 LA PROVIDENCE [\/vc_column_text][vc_empty_space][vc_column_text] Ces trois artistes sont ici dans la derni\u00e8re phase d&rsquo;une r\u00e9sidence de recherche artistique itin\u00e9rante \u00ab\u00a0Illa Delta Art\u00a0\u00bb qui les a conduits depuis le mois d&rsquo;avril dernier de Minorque aux Bal\u00e9ares,&#8230;<\/p>\n","protected":false},"author":1,"featured_media":0,"parent":0,"menu_order":0,"comment_status":"closed","ping_status":"closed","template":"","meta":{"footnotes":""},"class_list":["post-738","page","type-page","status-publish","hentry"],"_links":{"self":[{"href":"http:\/\/deltaart.org\/fr\/wp-json\/wp\/v2\/pages\/738","targetHints":{"allow":["GET"]}}],"collection":[{"href":"http:\/\/deltaart.org\/fr\/wp-json\/wp\/v2\/pages"}],"about":[{"href":"http:\/\/deltaart.org\/fr\/wp-json\/wp\/v2\/types\/page"}],"author":[{"embeddable":true,"href":"http:\/\/deltaart.org\/fr\/wp-json\/wp\/v2\/users\/1"}],"replies":[{"embeddable":true,"href":"http:\/\/deltaart.org\/fr\/wp-json\/wp\/v2\/comments?post=738"}],"version-history":[{"count":11,"href":"http:\/\/deltaart.org\/fr\/wp-json\/wp\/v2\/pages\/738\/revisions"}],"predecessor-version":[{"id":753,"href":"http:\/\/deltaart.org\/fr\/wp-json\/wp\/v2\/pages\/738\/revisions\/753"}],"wp:attachment":[{"href":"http:\/\/deltaart.org\/fr\/wp-json\/wp\/v2\/media?parent=738"}],"curies":[{"name":"wp","href":"https:\/\/api.w.org\/{rel}","templated":true}]}}