{"id":802,"date":"2022-06-08T09:42:09","date_gmt":"2022-06-08T09:42:09","guid":{"rendered":"http:\/\/deltaart.org\/?page_id=802"},"modified":"2022-06-08T13:35:54","modified_gmt":"2022-06-08T13:35:54","slug":"bases-immaterial","status":"publish","type":"page","link":"http:\/\/deltaart.org\/fr\/bases-immaterial","title":{"rendered":"Bases Artistes IB"},"content":{"rendered":"<div class=\"wpb-content-wrapper\"><p>[vc_row row_type=\u00a0\u00bbrow\u00a0\u00bb use_row_as_full_screen_section=\u00a0\u00bbno\u00a0\u00bb type=\u00a0\u00bbfull_width\u00a0\u00bb text_align=\u00a0\u00bbleft\u00a0\u00bb background_animation=\u00a0\u00bbnone\u00a0\u00bb css_animation=\u00a0\u00bb\u00a0\u00bb][vc_column][vc_column_text]<span style=\"color: #000000;\"><strong><i>IMMATERIAL \u00b7 BASES [ARTISTES DE LES ILLES BALEARS]<\/i><\/strong><\/span><\/p>\n<p>&nbsp;<\/p>\n<p><span style=\"color: #000000;\"><i><span style=\"font-weight: 400;\">La convocat\u00f2ria es dirigeix a artistes de les Illes Balears i Sardenya. Les contraprestacions (honoraris, despla\u00e7aments, etc.) estan pensades per a un sol artista. Se seleccionaran un total de tres propostes\u00a0 per dur a terme una resid\u00e8ncia art\u00edstica en un dels tres centres de creaci\u00f3 participants.<\/span><\/i><\/span><\/p>\n<p>&nbsp;<\/p>\n<ul>\n<li style=\"font-weight: 400;\" aria-level=\"1\"><span style=\"font-weight: 400; color: #000000;\">Dues resid\u00e8ncies per artistes nascuts o residents a les Illes Balears. Podran optar a fer una resid\u00e8ncia a La Providence Centre Catalan d\u2019Art Vivant (Ille sur T\u00eat) o a LandWorks (Argentiera). En la sol\u00b7licitud, s\u2019haur\u00e0 d\u2019indicar l\u2019ordre de prefer\u00e8ncia per les resid\u00e8ncies a Sardegna i Ille Sur T\u00eat (l\u2019ordre de prefer\u00e8ncia no \u00e9s vinculant ni eliminatori per la resoluci\u00f3 final de la convocat\u00f2ria). Les pr\u00e0ctiques art\u00edstiques han d\u2019adequar-se a l\u00ednies de treball dels centres de creaci\u00f3 (land art, performances, instal\u00b7lacions ef\u00edmeres, mediaci\u00f3 art\u00edstica, audiovisual, investigaci\u00f3 historiogr\u00e0fica, etc.).<\/span><\/li>\n<\/ul>\n<p>&nbsp;<\/p>\n<ul>\n<li style=\"font-weight: 400;\" aria-level=\"1\"><span style=\"font-weight: 400; color: #000000;\">Una resid\u00e8ncia per artistes nascuts o residents a Sardegna a la Casa d\u2019Artistes (Menorca). L\u2019artista formar\u00e0 part de l\u2019equip d\u2019artistes des Far Cultural per treballar conjuntament una proposta que vol posar en valor el patrimoni immaterial de l\u2019entorn natural i etnol\u00f2gic de la resid\u00e8ncia Casa d\u2019Artistes a trav\u00e9s l\u2019audiovisual, intervencions art\u00edstiques i accions performatives.<\/span><\/li>\n<\/ul>\n<p><span style=\"font-weight: 400; color: #000000;\">Amb els resultats de tots els projectes desenvolupats als tres espais de resid\u00e8ncia es far\u00e0 una publicaci\u00f3 per deixar const\u00e0ncia del projecte. Per tant, els i les artistes, amb ajuda de l\u2019organitzaci\u00f3, hauran de recopilar tot el material que generin durant el proc\u00e9s d\u2019investigaci\u00f3 i creaci\u00f3 (documents, anotacions, fotografies del proc\u00e9s, etc.).<\/span><\/p>\n<p><span style=\"color: #000000;\"><span style=\"font-weight: 400;\">Les contraprestacions que es determinen a continuaci\u00f3 estan previstes per <\/span><b>un sol artista.\u00a0<\/b><\/span><\/p>\n<ul>\n<li style=\"font-weight: 400;\" aria-level=\"1\"><span style=\"font-weight: 400; color: #000000;\">Estada de 30 dies en un dels tres centres: de l\u20191 al 30 de setembre 2022. Inclou:<\/span>\n<ul>\n<li style=\"font-weight: 400;\" aria-level=\"2\"><span style=\"font-weight: 400; color: #000000;\">Allotjament\u00a0<\/span><\/li>\n<li style=\"font-weight: 400;\" aria-level=\"2\"><span style=\"font-weight: 400; color: #000000;\">Espais de treball compartits.<\/span><\/li>\n<\/ul>\n<\/li>\n<\/ul>\n<p>&nbsp;<\/p>\n<ul>\n<li style=\"font-weight: 400;\" aria-level=\"1\"><span style=\"font-weight: 400; color: #000000;\">Manutenci\u00f3. Cada espai de resid\u00e8ncia es gestiona de manera diferent. Per tant:<\/span>\n<ul>\n<li style=\"font-weight: 400;\" aria-level=\"2\"><span style=\"font-weight: 400; color: #000000;\">La Providence CCAV: les dietes (esmorzar, dinar i sopar) van a c\u00e0rrec de l\u2019espai de resid\u00e8ncia. \u00c0pats inspirats en la dieta mediterr\u00e0nia i japonesa, elaborada en funci\u00f3 del producte de temporada i de proximitat. Els r\u00e8gims especials s\u00f3n possibles i s\u2019han de notificar amb antel\u00b7laci\u00f3 (al\u00b7l\u00e8rgies, intoler\u00e0ncies, dieta vegana, etc.).<\/span><\/li>\n<li style=\"font-weight: 400;\" aria-level=\"2\"><span style=\"font-weight: 400; color: #000000;\">Sardenya: les dietes s\u00f3n responsabilitat de l\u2019artista. S\u2019ofereix fins a 250 \u20ac per manutenci\u00f3.<\/span><\/li>\n<li style=\"font-weight: 400;\" aria-level=\"2\"><span style=\"font-weight: 400; color: #000000;\">Casa d\u2019Artistes: les dietes s\u00f3n responsabilitat de l\u2019artista. S\u2019ofereix fins a 250 \u20ac per manutenci\u00f3.<\/span><\/li>\n<\/ul>\n<\/li>\n<\/ul>\n<p>&nbsp;<\/p>\n<ul>\n<li style=\"font-weight: 400;\" aria-level=\"1\"><span style=\"font-weight: 400; color: #000000;\">Despla\u00e7aments anada i tornada. La compra dels bitllets la gestionar\u00e0 l\u2019associaci\u00f3 Es Far Cultural i els itineraris possibles s\u00f3n:<\/span>\n<ul>\n<li style=\"font-weight: 400;\" aria-level=\"2\"><span style=\"font-weight: 400; color: #000000;\">Origen: Illes Balears > Dest\u00ed: Ille sur T\u00eat (Occit\u00e0nia)<\/span><\/li>\n<li style=\"font-weight: 400;\" aria-level=\"2\"><span style=\"font-weight: 400; color: #000000;\">Origen: Illes Balears > Dest\u00ed: Sardenya (It\u00e0lia)<\/span><\/li>\n<li style=\"font-weight: 400;\" aria-level=\"2\"><span style=\"font-weight: 400; color: #000000;\">Origen: Sardenya > Dest\u00ed: Menorca\u00a0<\/span><\/li>\n<\/ul>\n<\/li>\n<\/ul>\n<p>&nbsp;<\/p>\n<ul>\n<li style=\"font-weight: 400;\" aria-level=\"1\"><span style=\"font-weight: 400; color: #000000;\">Ajuda a la producci\u00f3 art\u00edstica fins a 250 \u20ac. Han de ser compres o enc\u00e0rrecs de materials fungibles (materials de belles arts, enc\u00e0rrec de producci\u00f3 audiovisual, lloguer de maquin\u00e0ria, impressions, etc.) i s\u2019hauran de justificar mitjan\u00e7ant factura a nom d\u2019Es Far Cultural.<\/span><\/li>\n<li style=\"font-weight: 400;\" aria-level=\"1\"><span style=\"font-weight: 400; color: #000000;\">Honoraris 1100 \u20ac (impostos inclosos), mitjan\u00e7ant factura.<\/span><\/li>\n<\/ul>\n<p>&nbsp;<\/p>\n<p><span style=\"color: #000000;\"><b>Sol\u00b7licitud<\/b><\/span><\/p>\n<p><span style=\"color: #000000;\"><span style=\"font-weight: 400;\">Heu d\u2019omplir el <\/span><a style=\"color: #000000;\" href=\"https:\/\/forms.gle\/UNvn8ugopYfAZEW9A\"><b>formulari<\/b><\/a><span style=\"font-weight: 400;\"> i adjuntar un <\/span><b>dossier<\/b> <b>en un sol document pdf.<\/b><span style=\"font-weight: 400;\"> L\u2019\u00edndex del document ser\u00e0 el seg\u00fcent:<\/span><\/span><\/p>\n<ul>\n<li style=\"font-weight: 400;\" aria-level=\"1\"><span style=\"font-weight: 400; color: #000000;\">Tots els artistes han de presentar:<\/span>\n<ul>\n<li style=\"font-weight: 400;\" aria-level=\"2\"><span style=\"font-weight: 400; color: #000000;\">Biografia \/ statement (declaraci\u00f3 d\u2019intencions).<\/span><\/li>\n<li style=\"font-weight: 400;\" aria-level=\"2\"><span style=\"font-weight: 400; color: #000000;\">CV\u00a0<\/span><\/li>\n<li style=\"font-weight: 400;\" aria-level=\"2\"><span style=\"font-weight: 400; color: #000000;\">Mostra de treballs recents amb informaci\u00f3 gr\u00e0fica i textual (m\u00ednim 3 projectes i m\u00e0xim 6).<\/span><\/li>\n<li style=\"font-weight: 400;\" aria-level=\"2\"><span style=\"font-weight: 400; color: #000000;\">C\u00f2pia del DNI o certificat d&#8217;empadronament on consti la resid\u00e8ncia o naixement a les Illes Balears o Sardenya.<\/span><\/li>\n<\/ul>\n<\/li>\n<\/ul>\n<p>&nbsp;<\/p>\n<ul>\n<li style=\"font-weight: 400;\" aria-level=\"1\"><span style=\"color: #000000;\"><span style=\"font-weight: 400;\">Nom\u00e9s pels artistes de les Illes Balears: <\/span><span style=\"font-weight: 400;\">carta de motivaci\u00f3 on s\u2019exposi l\u2019inter\u00e8s en la resid\u00e8ncia escollida com a preferent i on s\u2019introdueixi la pr\u00e0ctica art\u00edstica que s\u2019emprar\u00e0 per a la formalitzaci\u00f3.\u00a0<\/span><\/span><\/li>\n<li style=\"font-weight: 400;\" aria-level=\"1\"><span style=\"color: #000000;\"><span style=\"font-weight: 400;\">Nom\u00e9s pels artistes de Sardenya:<\/span><span style=\"font-weight: 400;\"> carta de motivaci\u00f3 on s\u2019exposi l\u2019inter\u00e8s a col\u00b7laborar en el projecte de creaci\u00f3 col\u00b7lectiva vinculat a la resid\u00e8ncia de Casa d\u2019Artistes, proposat en la convocat\u00f2ria.\u00a0<\/span><\/span><\/li>\n<\/ul>\n<p><span style=\"font-weight: 400; color: #000000;\">\u00a0<\/span><\/p>\n<p><span style=\"color: #000000;\"><b>El document pot estar en catal\u00e0, castell\u00e0 o itali\u00e0.<\/b><\/span><\/p>\n<ul>\n<li style=\"font-weight: 400;\" aria-level=\"1\"><span style=\"color: #000000;\"><b>Termini de presentaci\u00f3: <\/b><b>fins al 27 de juny<\/b><\/span><\/li>\n<li style=\"font-weight: 400;\" aria-level=\"1\"><span style=\"color: #000000;\"><b>Resoluci\u00f3: <\/b><span style=\"font-weight: 400;\">entre el 29 de juny i el 4 de juliol 2022<\/span><\/span><\/li>\n<\/ul>\n<p>&nbsp;<\/p>\n<p>&nbsp;<\/p>\n<p><span style=\"color: #000000;\"><b>Acceptaci\u00f3 bases<\/b><\/span><\/p>\n<p>&nbsp;<\/p>\n<p><span style=\"color: #000000;\"><span style=\"font-weight: 400;\">Un cop s\u2019hagi notificat la resoluci\u00f3, l\u2019artista tindr\u00e0<\/span><b> tres dies per acceptar la beca<\/b><span style=\"font-weight: 400;\"> i omplir el document d\u2019acceptaci\u00f3 formal<\/span><b>. <\/b><span style=\"font-weight: 400;\">La participaci\u00f3 en aquesta convocat\u00f2ria implica la total acceptaci\u00f3 d\u2019aquestes bases, aix\u00ed com els possibles canvis que es puguin derivar a causa de factors aliens a l\u2019organitzaci\u00f3. A m\u00e9s, accepta:<\/span><\/span><\/p>\n<p>&nbsp;<\/p>\n<ul>\n<li style=\"font-weight: 400;\" aria-level=\"1\"><span style=\"font-weight: 400; color: #000000;\">En el cas que l\u2019organitzaci\u00f3 ho consideri necessari, es podr\u00e0 demanar de realitzar una entrevista virtual amb els responsables de les entitats participants.<\/span><\/li>\n<li style=\"font-weight: 400;\" aria-level=\"1\"><span style=\"font-weight: 400; color: #000000;\">Assegura la seva participaci\u00f3 durant les dates pactades (no ajornables) i en el centre de creaci\u00f3 assignat.<\/span><\/li>\n<li style=\"font-weight: 400;\" aria-level=\"1\"><span style=\"font-weight: 400; color: #000000;\">L\u2019artista cedeix a l\u2019organitzaci\u00f3 (Es Far Cultural, Casa d\u2019Artistes, La Providence CCAV i LandWorks) els drets d\u2019imatge personal i de les obres creades o en proc\u00e9s de creaci\u00f3 a efectes de comunicaci\u00f3 del projecte.<\/span><\/li>\n<li style=\"font-weight: 400;\" aria-level=\"1\"><span style=\"font-weight: 400; color: #000000;\">Cedir el dret d\u2019exhibici\u00f3, mostra o realitzaci\u00f3 d\u2019activitats paral\u00b7leles vinculades als seus projectes durant el per\u00edode que duri la resid\u00e8ncia itinerant.<\/span><\/li>\n<li style=\"font-weight: 400;\" aria-level=\"1\"><span style=\"font-weight: 400; color: #000000;\">L\u2019artista es compromet a:<\/span>\n<ul>\n<li style=\"font-weight: 400;\" aria-level=\"2\"><span style=\"font-weight: 400; color: #000000;\">Realitzar el projecte d\u2019investigaci\u00f3 i\/o creaci\u00f3 en els terminis de la resid\u00e8ncia itinerant.<\/span><\/li>\n<li style=\"font-weight: 400;\" aria-level=\"2\"><span style=\"font-weight: 400; color: #000000;\">Fer les compres de producci\u00f3 d\u2019obra en comer\u00e7os locals i evitant les compres internacionals a trav\u00e9s de plataformes (per exemple amazon, ebay, etc\u2026)<\/span><\/li>\n<li style=\"font-weight: 400;\" aria-level=\"2\"><span style=\"font-weight: 400; color: #000000;\">Respectar la normativa de cada espai de resid\u00e8ncia.<\/span><\/li>\n<li style=\"font-weight: 400;\" aria-level=\"2\"><span style=\"color: #000000;\">Citar a DELTA ART (@deltaart) com a marc de realitzaci\u00f3 del projecte i a les que l\u2019impulsen Es Far Cultural @esfarcultural, i les entitats col\u00b7laboradores, La Providence CCAV @<\/span><span style=\"color: #000000;\">laprovidenceccav, <\/span><span style=\"color: #000000;\">\u00a0LandWorks @<\/span><span style=\"color: #000000;\">landworks.official<\/span><span style=\"color: #000000;\">,<\/span> <span style=\"color: #000000;\">Institut Ram\u00f3n Llull @irllull, Institut d\u2019Estudis Bale\u00e0rics @<\/span><span style=\"color: #000000;\">iebalearics i Consell Insular de Menorca @consellinsularmenorca<\/span><\/li>\n<\/ul>\n<\/li>\n<\/ul>\n<p>[\/vc_column_text][vc_empty_space][\/vc_column][\/vc_row][vc_row row_type=\u00a0\u00bbrow\u00a0\u00bb use_row_as_full_screen_section=\u00a0\u00bbno\u00a0\u00bb type=\u00a0\u00bbfull_width\u00a0\u00bb text_align=\u00a0\u00bbleft\u00a0\u00bb background_animation=\u00a0\u00bbnone\u00a0\u00bb css_animation=\u00a0\u00bb\u00a0\u00bb][vc_column]<a href=\"https:\/\/forms.gle\/y1dzuFFVn9eRwL1n7\" target=\"_blank\"  class=\"qbutton \" style=\"\">FORMULARI D'INSCRIPCI\u00d3 \u00b7 DELTA IMMATERIAL<\/a>[\/vc_column][\/vc_row][vc_row row_type=\u00a0\u00bbrow\u00a0\u00bb use_row_as_full_screen_section=\u00a0\u00bbno\u00a0\u00bb type=\u00a0\u00bbfull_width\u00a0\u00bb text_align=\u00a0\u00bbleft\u00a0\u00bb background_animation=\u00a0\u00bbnone\u00a0\u00bb css_animation=\u00a0\u00bb\u00a0\u00bb][vc_column][vc_empty_space height=\u00a0\u00bb70px\u00a0\u00bb][\/vc_column][\/vc_row][vc_row row_type=\u00a0\u00bbrow\u00a0\u00bb use_row_as_full_screen_section=\u00a0\u00bbno\u00a0\u00bb type=\u00a0\u00bbfull_width\u00a0\u00bb text_align=\u00a0\u00bbleft\u00a0\u00bb background_animation=\u00a0\u00bbnone\u00a0\u00bb css_animation=\u00a0\u00bb\u00a0\u00bb][vc_column width=\u00a0\u00bb1\/5&Prime;][\/vc_column][vc_column width=\u00a0\u00bb1\/5&Prime;][vc_single_image image=\u00a0\u00bb507&Prime; img_size=\u00a0\u00bb170px,40px\u00a0\u00bb alignment=\u00a0\u00bbcenter\u00a0\u00bb onclick=\u00a0\u00bbcustom_link\u00a0\u00bb img_link_target=\u00a0\u00bb_blank\u00a0\u00bb qode_css_animation=\u00a0\u00bb\u00a0\u00bb link=\u00a0\u00bbhttps:\/\/casadartistes.esfarcultural.net\u00a0\u00bb][vc_empty_space height=\u00a0\u00bb40px\u00a0\u00bb][\/vc_column][vc_column width=\u00a0\u00bb1\/5&Prime;][vc_single_image image=\u00a0\u00bb521&Prime; img_size=\u00a0\u00bb85px,100px\u00a0\u00bb alignment=\u00a0\u00bbcenter\u00a0\u00bb onclick=\u00a0\u00bbcustom_link\u00a0\u00bb img_link_target=\u00a0\u00bb_blank\u00a0\u00bb qode_css_animation=\u00a0\u00bb\u00a0\u00bb link=\u00a0\u00bbhttps:\/\/linkr.bio\/laprovidencecentredart\/\u00a0\u00bb][vc_empty_space height=\u00a0\u00bb40px\u00a0\u00bb][\/vc_column][vc_column width=\u00a0\u00bb1\/5&Prime;][vc_single_image image=\u00a0\u00bb848&Prime; img_size=\u00a0\u00bb180px,30px\u00a0\u00bb alignment=\u00a0\u00bbcenter\u00a0\u00bb onclick=\u00a0\u00bbcustom_link\u00a0\u00bb img_link_target=\u00a0\u00bb_blank\u00a0\u00bb qode_css_animation=\u00a0\u00bb\u00a0\u00bb link=\u00a0\u00bbhttps:\/\/www.landworks.site\u00a0\u00bb][vc_empty_space height=\u00a0\u00bb40px\u00a0\u00bb][\/vc_column][vc_column width=\u00a0\u00bb1\/5&Prime;][\/vc_column][\/vc_row][vc_row row_type=\u00a0\u00bbrow\u00a0\u00bb use_row_as_full_screen_section=\u00a0\u00bbno\u00a0\u00bb type=\u00a0\u00bbfull_width\u00a0\u00bb text_align=\u00a0\u00bbleft\u00a0\u00bb background_animation=\u00a0\u00bbnone\u00a0\u00bb css_animation=\u00a0\u00bb\u00a0\u00bb][vc_column width=\u00a0\u00bb1\/5&Prime;][\/vc_column][vc_column width=\u00a0\u00bb1\/5&Prime;][vc_column_text]Amb el suport de:[\/vc_column_text][vc_empty_space height=\u00a0\u00bb30px\u00a0\u00bb][vc_single_image image=\u00a0\u00bb846&Prime; img_size=\u00a0\u00bb160px,50px\u00a0\u00bb alignment=\u00a0\u00bbcenter\u00a0\u00bb onclick=\u00a0\u00bbcustom_link\u00a0\u00bb img_link_target=\u00a0\u00bb_blank\u00a0\u00bb qode_css_animation=\u00a0\u00bb\u00a0\u00bb link=\u00a0\u00bbhttps:\/\/www.llull.cat\/catala\/home\/index.cfm\u00a0\u00bb][\/vc_column][vc_column width=\u00a0\u00bb1\/5&Prime;][vc_empty_space height=\u00a0\u00bb50px\u00a0\u00bb][vc_single_image image=\u00a0\u00bb582&Prime; img_size=\u00a0\u00bb160px,50px\u00a0\u00bb alignment=\u00a0\u00bbcenter\u00a0\u00bb onclick=\u00a0\u00bbcustom_link\u00a0\u00bb img_link_target=\u00a0\u00bb_blank\u00a0\u00bb qode_css_animation=\u00a0\u00bb\u00a0\u00bb link=\u00a0\u00bbhttps:\/\/www.cime.es\u00a0\u00bb][\/vc_column][vc_column width=\u00a0\u00bb1\/5&Prime;][vc_empty_space height=\u00a0\u00bb50px\u00a0\u00bb][vc_single_image image=\u00a0\u00bb781&Prime; img_size=\u00a0\u00bb180px,50px\u00a0\u00bb alignment=\u00a0\u00bbcenter\u00a0\u00bb onclick=\u00a0\u00bbcustom_link\u00a0\u00bb img_link_target=\u00a0\u00bb_blank\u00a0\u00bb qode_css_animation=\u00a0\u00bb\u00a0\u00bb link=\u00a0\u00bbhttp:\/\/www.iebalearics.org\/ca\/\u00a0\u00bb][\/vc_column][vc_column width=\u00a0\u00bb1\/5&Prime;][\/vc_column][\/vc_row]<\/p>\n<\/div>","protected":false},"excerpt":{"rendered":"<p>[vc_row row_type=\u00a0\u00bbrow\u00a0\u00bb use_row_as_full_screen_section=\u00a0\u00bbno\u00a0\u00bb type=\u00a0\u00bbfull_width\u00a0\u00bb text_align=\u00a0\u00bbleft\u00a0\u00bb background_animation=\u00a0\u00bbnone\u00a0\u00bb css_animation=\u00a0\u00bb\u00a0\u00bb][vc_column][vc_column_text]IMMATERIAL \u00b7 BASES [ARTISTES DE LES ILLES BALEARS] &nbsp; La convocat\u00f2ria es dirigeix a artistes de les Illes Balears i Sardenya. Les contraprestacions (honoraris, despla\u00e7aments, etc.) estan pensades per a un sol artista. Se seleccionaran un total de tres&#8230;<\/p>\n","protected":false},"author":1,"featured_media":0,"parent":0,"menu_order":0,"comment_status":"closed","ping_status":"closed","template":"","meta":{"footnotes":""},"class_list":["post-802","page","type-page","status-publish","hentry"],"_links":{"self":[{"href":"http:\/\/deltaart.org\/fr\/wp-json\/wp\/v2\/pages\/802","targetHints":{"allow":["GET"]}}],"collection":[{"href":"http:\/\/deltaart.org\/fr\/wp-json\/wp\/v2\/pages"}],"about":[{"href":"http:\/\/deltaart.org\/fr\/wp-json\/wp\/v2\/types\/page"}],"author":[{"embeddable":true,"href":"http:\/\/deltaart.org\/fr\/wp-json\/wp\/v2\/users\/1"}],"replies":[{"embeddable":true,"href":"http:\/\/deltaart.org\/fr\/wp-json\/wp\/v2\/comments?post=802"}],"version-history":[{"count":25,"href":"http:\/\/deltaart.org\/fr\/wp-json\/wp\/v2\/pages\/802\/revisions"}],"predecessor-version":[{"id":948,"href":"http:\/\/deltaart.org\/fr\/wp-json\/wp\/v2\/pages\/802\/revisions\/948"}],"wp:attachment":[{"href":"http:\/\/deltaart.org\/fr\/wp-json\/wp\/v2\/media?parent=802"}],"curies":[{"name":"wp","href":"https:\/\/api.w.org\/{rel}","templated":true}]}}